{"id":13292,"date":"2026-01-26T12:58:54","date_gmt":"2026-01-26T09:58:54","guid":{"rendered":"https:\/\/apecmodular.com\/guvenlik-kulubeleri\/"},"modified":"2025-06-10T14:29:53","modified_gmt":"2025-06-10T11:29:53","slug":"pfoertnerhaus","status":"publish","type":"page","link":"https:\/\/apecmodular.com\/de\/pfoertnerhaus\/","title":{"rendered":"Pf\u00f6rtnercontainer"},"content":{"rendered":"\t\t<div data-elementor-type=\"wp-page\" data-elementor-id=\"13292\" class=\"elementor elementor-13292 elementor-12573\" data-elementor-post-type=\"page\">\n\t\t\t\t<div class=\"elementor-element elementor-element-2ddc93f e-con-full e-flex e-con e-parent\" data-id=\"2ddc93f\" data-element_type=\"container\">\n\t\t\t\t<div class=\"elementor-element elementor-element-6bf7202 elementor-widget elementor-widget-image\" data-id=\"6bf7202\" data-element_type=\"widget\" data-widget_type=\"image.default\">\n\t\t\t\t<div class=\"elementor-widget-container\">\n\t\t\t\t\t\t\t\t\t\t\t\t\t\t\t<img fetchpriority=\"high\" decoding=\"async\" width=\"800\" height=\"600\" src=\"https:\/\/apecmodular.com\/wp-content\/uploads\/2024\/05\/GH-1-1-1-1-1024x768.webp\" class=\"attachment-large size-large wp-image-14762\" alt=\"\" srcset=\"https:\/\/apecmodular.com\/wp-content\/uploads\/2024\/05\/GH-1-1-1-1-1024x768.webp 1024w, https:\/\/apecmodular.com\/wp-content\/uploads\/2024\/05\/GH-1-1-1-1-300x225.webp 300w, https:\/\/apecmodular.com\/wp-content\/uploads\/2024\/05\/GH-1-1-1-1-768x576.webp 768w, https:\/\/apecmodular.com\/wp-content\/uploads\/2024\/05\/GH-1-1-1-1-1536x1152.webp 1536w, https:\/\/apecmodular.com\/wp-content\/uploads\/2024\/05\/GH-1-1-1-1.webp 1600w\" sizes=\"(max-width: 800px) 100vw, 800px\" title=\"\">\t\t\t\t\t\t\t\t\t\t\t\t\t\t\t<\/div>\n\t\t\t\t<\/div>\n\t\t\t\t<\/div>\n\t\t<div class=\"elementor-element elementor-element-ca2ef15 e-flex e-con-boxed e-con e-parent\" data-id=\"ca2ef15\" data-element_type=\"container\" data-settings=\"{&quot;background_background&quot;:&quot;classic&quot;}\">\n\t\t\t\t\t<div class=\"e-con-inner\">\n\t\t<div class=\"elementor-element elementor-element-0fe0b70 e-flex e-con-boxed e-con e-child\" data-id=\"0fe0b70\" data-element_type=\"container\" data-settings=\"{&quot;background_background&quot;:&quot;classic&quot;}\">\n\t\t\t\t\t<div class=\"e-con-inner\">\n\t\t\t\t<div class=\"elementor-element elementor-element-cc06ca3 elementor-widget__width-initial elementor-widget elementor-widget-heading\" data-id=\"cc06ca3\" data-element_type=\"widget\" data-widget_type=\"heading.default\">\n\t\t\t\t<div class=\"elementor-widget-container\">\n\t\t\t\t\t<h1 class=\"elementor-heading-title elementor-size-default\">PF\u00d6RTNERHAUS<\/h1>\t\t\t\t<\/div>\n\t\t\t\t<\/div>\n\t\t\t\t\t<\/div>\n\t\t\t\t<\/div>\n\t\t\t\t\t<\/div>\n\t\t\t\t<\/div>\n\t\t<div class=\"elementor-element elementor-element-ff5bab0 e-flex e-con-boxed e-con e-parent\" data-id=\"ff5bab0\" data-element_type=\"container\">\n\t\t\t\t\t<div class=\"e-con-inner\">\n\t\t\t\t<div class=\"elementor-element elementor-element-fc6086e elementor-widget elementor-widget-text-editor\" data-id=\"fc6086e\" data-element_type=\"widget\" data-widget_type=\"text-editor.default\">\n\t\t\t\t<div class=\"elementor-widget-container\">\n\t\t\t\t\t\t\t\t\t<p>Pf\u00f6rtnerh\u00e4user sind transportable Strukturen, die die Arbeitsbedingungen des Sicherheitspersonals erleichtern und den ben\u00f6tigten Raum bieten. Diese H\u00e4user werden mit speziellen Design- und Konstruktionsberechnungen hergestellt und zeichnen sich durch ihre Haltbarkeit aus. Die verwendeten Sandwichpaneele und verzinkten Chassis machen die Pf\u00f6rtnerh\u00e4user sowohl robust als auch langlebig. Diese Produkte sind darauf ausgerichtet, alle Anforderungen an ein Pf\u00f6rtnerhaus zu erf\u00fcllen. Dadurch ist die Wahl eines Pf\u00f6rtnerhauses im Vergleich zu herk\u00f6mmlichen Bauwerken kosteng\u00fcnstig. Diese H\u00e4user, die in der Regel eine quadratische oder kompakte Struktur aufweisen, sind mit ihrer robusten Bauweise ideal f\u00fcr kurz- oder langfristige Unterkunfts- und Arbeitsbereiche f\u00fcr Sicherheits- oder Kontrollzwecke.<\/p>\t\t\t\t\t\t\t\t<\/div>\n\t\t\t\t<\/div>\n\t\t\t\t\t<\/div>\n\t\t\t\t<\/div>\n\t\t<div class=\"elementor-element elementor-element-ddbe4bd e-flex e-con-boxed e-con e-child\" data-id=\"ddbe4bd\" data-element_type=\"container\">\n\t\t\t\t\t<div class=\"e-con-inner\">\n\t\t<div class=\"elementor-element elementor-element-68c3ae3 e-flex e-con-boxed e-con e-child\" data-id=\"68c3ae3\" data-element_type=\"container\">\n\t\t\t\t\t<div class=\"e-con-inner\">\n\t\t\t\t<div class=\"elementor-element elementor-element-fda8309 gallery-spacing-custom elementor-widget__width-initial elementor-widget elementor-widget-image-gallery\" data-id=\"fda8309\" data-element_type=\"widget\" data-widget_type=\"image-gallery.default\">\n\t\t\t\t<div class=\"elementor-widget-container\">\n\t\t\t\t\t\t\t<div class=\"elementor-image-gallery\">\n\t\t\t<div id='gallery-1' class='gallery galleryid-13292 gallery-columns-2 gallery-size-medium_large'><figure class='gallery-item'>\n\t\t\t<div class='gallery-icon landscape'>\n\t\t\t\t<a data-elementor-open-lightbox=\"yes\" data-elementor-lightbox-slideshow=\"fda8309\" data-elementor-lightbox-title=\"GH-4-e1715157682579-1-1.webp\" data-e-action-hash=\"#elementor-action%3Aaction%3Dlightbox%26settings%3DeyJpZCI6MTQ3NjcsInVybCI6Imh0dHBzOlwvXC9hcGVjbW9kdWxhci5jb21cL3dwLWNvbnRlbnRcL3VwbG9hZHNcLzIwMjRcLzA1XC9HSC00LWUxNzE1MTU3NjgyNTc5LTEtMS0xLndlYnAiLCJzbGlkZXNob3ciOiJmZGE4MzA5In0%3D\" href='https:\/\/apecmodular.com\/wp-content\/uploads\/2024\/05\/GH-4-e1715157682579-1-1-1.webp'><img decoding=\"async\" width=\"768\" height=\"582\" src=\"https:\/\/apecmodular.com\/wp-content\/uploads\/2024\/05\/GH-4-e1715157682579-1-1-1-768x582.webp\" class=\"attachment-medium_large size-medium_large\" alt=\"\" srcset=\"https:\/\/apecmodular.com\/wp-content\/uploads\/2024\/05\/GH-4-e1715157682579-1-1-1-768x582.webp 768w, https:\/\/apecmodular.com\/wp-content\/uploads\/2024\/05\/GH-4-e1715157682579-1-1-1-300x227.webp 300w, https:\/\/apecmodular.com\/wp-content\/uploads\/2024\/05\/GH-4-e1715157682579-1-1-1-1024x776.webp 1024w, https:\/\/apecmodular.com\/wp-content\/uploads\/2024\/05\/GH-4-e1715157682579-1-1-1.webp 1163w\" sizes=\"(max-width: 768px) 100vw, 768px\" title=\"\"><\/a>\n\t\t\t<\/div><\/figure><figure class='gallery-item'>\n\t\t\t<div class='gallery-icon landscape'>\n\t\t\t\t<a data-elementor-open-lightbox=\"yes\" data-elementor-lightbox-slideshow=\"fda8309\" data-elementor-lightbox-title=\"GH-1-1-1.webp\" data-e-action-hash=\"#elementor-action%3Aaction%3Dlightbox%26settings%3DeyJpZCI6MTQ3NjIsInVybCI6Imh0dHBzOlwvXC9hcGVjbW9kdWxhci5jb21cL3dwLWNvbnRlbnRcL3VwbG9hZHNcLzIwMjRcLzA1XC9HSC0xLTEtMS0xLndlYnAiLCJzbGlkZXNob3ciOiJmZGE4MzA5In0%3D\" href='https:\/\/apecmodular.com\/wp-content\/uploads\/2024\/05\/GH-1-1-1-1.webp'><img decoding=\"async\" width=\"768\" height=\"576\" src=\"https:\/\/apecmodular.com\/wp-content\/uploads\/2024\/05\/GH-1-1-1-1-768x576.webp\" class=\"attachment-medium_large size-medium_large\" alt=\"\" srcset=\"https:\/\/apecmodular.com\/wp-content\/uploads\/2024\/05\/GH-1-1-1-1-768x576.webp 768w, https:\/\/apecmodular.com\/wp-content\/uploads\/2024\/05\/GH-1-1-1-1-300x225.webp 300w, https:\/\/apecmodular.com\/wp-content\/uploads\/2024\/05\/GH-1-1-1-1-1024x768.webp 1024w, https:\/\/apecmodular.com\/wp-content\/uploads\/2024\/05\/GH-1-1-1-1-1536x1152.webp 1536w, https:\/\/apecmodular.com\/wp-content\/uploads\/2024\/05\/GH-1-1-1-1.webp 1600w\" sizes=\"(max-width: 768px) 100vw, 768px\" title=\"\"><\/a>\n\t\t\t<\/div><\/figure>\n\t\t<\/div>\n\t\t<\/div>\n\t\t\t\t\t\t<\/div>\n\t\t\t\t<\/div>\n\t\t\t\t\t<\/div>\n\t\t\t\t<\/div>\n\t\t\t\t\t<\/div>\n\t\t\t\t<\/div>\n\t\t<div class=\"elementor-element elementor-element-c186d89 e-flex e-con-boxed e-con e-parent\" data-id=\"c186d89\" data-element_type=\"container\">\n\t\t\t\t\t<div class=\"e-con-inner\">\n\t\t\t\t<div class=\"elementor-element elementor-element-48659a4 elementor-widget elementor-widget-heading\" data-id=\"48659a4\" data-element_type=\"widget\" data-widget_type=\"heading.default\">\n\t\t\t\t<div class=\"elementor-widget-container\">\n\t\t\t\t\t<h2 class=\"elementor-heading-title elementor-size-default\">Pf\u00f6rtnerhaus und seine Vorteile<\/h2>\t\t\t\t<\/div>\n\t\t\t\t<\/div>\n\t\t\t\t\t<\/div>\n\t\t\t\t<\/div>\n\t\t<div class=\"elementor-element elementor-element-10ac6c3 e-flex e-con-boxed e-con e-parent\" data-id=\"10ac6c3\" data-element_type=\"container\">\n\t\t\t\t\t<div class=\"e-con-inner\">\n\t\t\t\t<div class=\"elementor-element elementor-element-a90292f elementor-widget elementor-widget-text-editor\" data-id=\"a90292f\" data-element_type=\"widget\" data-widget_type=\"text-editor.default\">\n\t\t\t\t<div class=\"elementor-widget-container\">\n\t\t\t\t\t\t\t\t\t<p>Das Pf\u00f6rtnerhaus ist daf\u00fcr konzipiert, dass W\u00e4chter oder Sicherheitspersonal ihre Grundbed\u00fcrfnisse erf\u00fcllen und ihre Ausr\u00fcstung aufbewahren k\u00f6nnen. Einer der gr\u00f6\u00dften Vorteile dieser Strukturen ist ihre Mobilit\u00e4t. Das Pf\u00f6rtnerhaus kann an vielen verschiedenen Orten eingesetzt werden, von Fabriken bis zu Baustellen, von Konzertbereichen bis zu Parkeing\u00e4ngen. Beispielsweise kann ein Pf\u00f6rtnerhaus, das am Nordeingang einer Fabrik verwendet wird, am selben Tag zum S\u00fcdeingang verlegt und wiederverwendet werden. Da keine Montage oder Bauarbeiten erforderlich sind, spart dies Zeit. Au\u00dferdem bietet die sofortige Einsatzbereitschaft am Tag des Kaufs eine praktische und wirtschaftliche L\u00f6sung f\u00fcr Unternehmen.<\/p><p>Zu den Vorteilen von Container-Strukturen geh\u00f6rt auch ihre Wetterbest\u00e4ndigkeit. Diese Pf\u00f6rtnerh\u00e4user werden widerstandsf\u00e4hig gegen Umwelteinfl\u00fcsse wie Regen, Schnee und Wind hergestellt und gew\u00e4hrleisten eine sichere Nutzung \u00fcber viele Jahre.<\/p>\t\t\t\t\t\t\t\t<\/div>\n\t\t\t\t<\/div>\n\t\t\t\t\t<\/div>\n\t\t\t\t<\/div>\n\t\t<div class=\"elementor-element elementor-element-18a26d4 e-flex e-con-boxed e-con e-parent\" data-id=\"18a26d4\" data-element_type=\"container\">\n\t\t\t\t\t<div class=\"e-con-inner\">\n\t\t\t\t<div class=\"elementor-element elementor-element-557838e elementor-widget elementor-widget-gallery\" data-id=\"557838e\" data-element_type=\"widget\" data-settings=\"{&quot;lazyload&quot;:&quot;yes&quot;,&quot;gallery_layout&quot;:&quot;grid&quot;,&quot;columns&quot;:4,&quot;columns_tablet&quot;:2,&quot;columns_mobile&quot;:1,&quot;gap&quot;:{&quot;unit&quot;:&quot;px&quot;,&quot;size&quot;:10,&quot;sizes&quot;:[]},&quot;gap_tablet&quot;:{&quot;unit&quot;:&quot;px&quot;,&quot;size&quot;:10,&quot;sizes&quot;:[]},&quot;gap_mobile&quot;:{&quot;unit&quot;:&quot;px&quot;,&quot;size&quot;:10,&quot;sizes&quot;:[]},&quot;link_to&quot;:&quot;file&quot;,&quot;aspect_ratio&quot;:&quot;3:2&quot;,&quot;overlay_background&quot;:&quot;yes&quot;,&quot;content_hover_animation&quot;:&quot;fade-in&quot;}\" data-widget_type=\"gallery.default\">\n\t\t\t\t<div class=\"elementor-widget-container\">\n\t\t\t\t\t\t\t<div class=\"elementor-gallery__container\">\r\n\t\t\t\t\t\t\t<a class=\"e-gallery-item elementor-gallery-item elementor-animated-content\" href=\"https:\/\/apecmodular.com\/wp-content\/uploads\/2025\/02\/portable-cabins-6-1.webp\" data-elementor-open-lightbox=\"yes\" data-elementor-lightbox-slideshow=\"557838e\" data-elementor-lightbox-title=\"portable-cabins-6.webp\" data-e-action-hash=\"#elementor-action%3Aaction%3Dlightbox%26settings%3DeyJpZCI6MjEyMTUsInVybCI6Imh0dHBzOlwvXC9hcGVjbW9kdWxhci5jb21cL3dwLWNvbnRlbnRcL3VwbG9hZHNcLzIwMjVcLzAyXC9wb3J0YWJsZS1jYWJpbnMtNi0xLndlYnAiLCJzbGlkZXNob3ciOiI1NTc4MzhlIn0%3D\">\r\n\t\t\t\t\t<div class=\"e-gallery-image elementor-gallery-item__image\" data-thumbnail=\"https:\/\/apecmodular.com\/wp-content\/uploads\/2025\/02\/portable-cabins-6-1-300x164.webp\" data-width=\"300\" data-height=\"164\" aria-label=\"\" role=\"img\" ><\/div>\r\n\t\t\t\t\t\t\t\t\t\t\t<div class=\"elementor-gallery-item__overlay\"><\/div>\r\n\t\t\t\t\t\t\t\t\t\t\t\t\t\t<\/a>\r\n\t\t\t\t\t\t\t<a class=\"e-gallery-item elementor-gallery-item elementor-animated-content\" href=\"https:\/\/apecmodular.com\/wp-content\/uploads\/2025\/02\/portable-cabins-5-1.webp\" data-elementor-open-lightbox=\"yes\" data-elementor-lightbox-slideshow=\"557838e\" data-elementor-lightbox-title=\"portable-cabins-5.webp\" data-e-action-hash=\"#elementor-action%3Aaction%3Dlightbox%26settings%3DeyJpZCI6MjEyMTAsInVybCI6Imh0dHBzOlwvXC9hcGVjbW9kdWxhci5jb21cL3dwLWNvbnRlbnRcL3VwbG9hZHNcLzIwMjVcLzAyXC9wb3J0YWJsZS1jYWJpbnMtNS0xLndlYnAiLCJzbGlkZXNob3ciOiI1NTc4MzhlIn0%3D\">\r\n\t\t\t\t\t<div class=\"e-gallery-image elementor-gallery-item__image\" data-thumbnail=\"https:\/\/apecmodular.com\/wp-content\/uploads\/2025\/02\/portable-cabins-5-1-300x164.webp\" data-width=\"300\" data-height=\"164\" aria-label=\"\" role=\"img\" ><\/div>\r\n\t\t\t\t\t\t\t\t\t\t\t<div class=\"elementor-gallery-item__overlay\"><\/div>\r\n\t\t\t\t\t\t\t\t\t\t\t\t\t\t<\/a>\r\n\t\t\t\t\t\t\t<a class=\"e-gallery-item elementor-gallery-item elementor-animated-content\" href=\"https:\/\/apecmodular.com\/wp-content\/uploads\/2025\/02\/portable-cabins-4-1.webp\" data-elementor-open-lightbox=\"yes\" data-elementor-lightbox-slideshow=\"557838e\" data-elementor-lightbox-title=\"portable-cabins-4.webp\" data-e-action-hash=\"#elementor-action%3Aaction%3Dlightbox%26settings%3DeyJpZCI6MjEyMzUsInVybCI6Imh0dHBzOlwvXC9hcGVjbW9kdWxhci5jb21cL3dwLWNvbnRlbnRcL3VwbG9hZHNcLzIwMjVcLzAyXC9wb3J0YWJsZS1jYWJpbnMtNC0xLndlYnAiLCJzbGlkZXNob3ciOiI1NTc4MzhlIn0%3D\">\r\n\t\t\t\t\t<div class=\"e-gallery-image elementor-gallery-item__image\" data-thumbnail=\"https:\/\/apecmodular.com\/wp-content\/uploads\/2025\/02\/portable-cabins-4-1-300x164.webp\" data-width=\"300\" data-height=\"164\" aria-label=\"\" role=\"img\" ><\/div>\r\n\t\t\t\t\t\t\t\t\t\t\t<div class=\"elementor-gallery-item__overlay\"><\/div>\r\n\t\t\t\t\t\t\t\t\t\t\t\t\t\t<\/a>\r\n\t\t\t\t\t\t\t<a class=\"e-gallery-item elementor-gallery-item elementor-animated-content\" href=\"https:\/\/apecmodular.com\/wp-content\/uploads\/2025\/02\/portable-cabins-3-1-1.webp\" data-elementor-open-lightbox=\"yes\" data-elementor-lightbox-slideshow=\"557838e\" data-elementor-lightbox-title=\"portable-cabins-3-1.webp\" data-e-action-hash=\"#elementor-action%3Aaction%3Dlightbox%26settings%3DeyJpZCI6MjEyMDUsInVybCI6Imh0dHBzOlwvXC9hcGVjbW9kdWxhci5jb21cL3dwLWNvbnRlbnRcL3VwbG9hZHNcLzIwMjVcLzAyXC9wb3J0YWJsZS1jYWJpbnMtMy0xLTEud2VicCIsInNsaWRlc2hvdyI6IjU1NzgzOGUifQ%3D%3D\">\r\n\t\t\t\t\t<div class=\"e-gallery-image elementor-gallery-item__image\" data-thumbnail=\"https:\/\/apecmodular.com\/wp-content\/uploads\/2025\/02\/portable-cabins-3-1-1-300x164.webp\" data-width=\"300\" data-height=\"164\" aria-label=\"\" role=\"img\" ><\/div>\r\n\t\t\t\t\t\t\t\t\t\t\t<div class=\"elementor-gallery-item__overlay\"><\/div>\r\n\t\t\t\t\t\t\t\t\t\t\t\t\t\t<\/a>\r\n\t\t\t\t\t\t\t<a class=\"e-gallery-item elementor-gallery-item elementor-animated-content\" href=\"https:\/\/apecmodular.com\/wp-content\/uploads\/2025\/02\/portable-cabins-2-1-1.webp\" data-elementor-open-lightbox=\"yes\" data-elementor-lightbox-slideshow=\"557838e\" data-elementor-lightbox-title=\"portable-cabins-2-1.webp\" data-e-action-hash=\"#elementor-action%3Aaction%3Dlightbox%26settings%3DeyJpZCI6MjEyMDAsInVybCI6Imh0dHBzOlwvXC9hcGVjbW9kdWxhci5jb21cL3dwLWNvbnRlbnRcL3VwbG9hZHNcLzIwMjVcLzAyXC9wb3J0YWJsZS1jYWJpbnMtMi0xLTEud2VicCIsInNsaWRlc2hvdyI6IjU1NzgzOGUifQ%3D%3D\">\r\n\t\t\t\t\t<div class=\"e-gallery-image elementor-gallery-item__image\" data-thumbnail=\"https:\/\/apecmodular.com\/wp-content\/uploads\/2025\/02\/portable-cabins-2-1-1-300x164.webp\" data-width=\"300\" data-height=\"164\" aria-label=\"\" role=\"img\" ><\/div>\r\n\t\t\t\t\t\t\t\t\t\t\t<div class=\"elementor-gallery-item__overlay\"><\/div>\r\n\t\t\t\t\t\t\t\t\t\t\t\t\t\t<\/a>\r\n\t\t\t\t\t\t\t<a class=\"e-gallery-item elementor-gallery-item elementor-animated-content\" href=\"https:\/\/apecmodular.com\/wp-content\/uploads\/2025\/02\/portable-cabins-1-1-1.webp\" data-elementor-open-lightbox=\"yes\" data-elementor-lightbox-slideshow=\"557838e\" data-elementor-lightbox-title=\"portable-cabins-1-1.webp\" data-e-action-hash=\"#elementor-action%3Aaction%3Dlightbox%26settings%3DeyJpZCI6MjExOTUsInVybCI6Imh0dHBzOlwvXC9hcGVjbW9kdWxhci5jb21cL3dwLWNvbnRlbnRcL3VwbG9hZHNcLzIwMjVcLzAyXC9wb3J0YWJsZS1jYWJpbnMtMS0xLTEud2VicCIsInNsaWRlc2hvdyI6IjU1NzgzOGUifQ%3D%3D\">\r\n\t\t\t\t\t<div class=\"e-gallery-image elementor-gallery-item__image\" data-thumbnail=\"https:\/\/apecmodular.com\/wp-content\/uploads\/2025\/02\/portable-cabins-1-1-1-300x164.webp\" data-width=\"300\" data-height=\"164\" aria-label=\"\" role=\"img\" ><\/div>\r\n\t\t\t\t\t\t\t\t\t\t\t<div class=\"elementor-gallery-item__overlay\"><\/div>\r\n\t\t\t\t\t\t\t\t\t\t\t\t\t\t<\/a>\r\n\t\t\t\t\t\t\t<a class=\"e-gallery-item elementor-gallery-item elementor-animated-content\" href=\"https:\/\/apecmodular.com\/wp-content\/uploads\/2025\/02\/portable-cabins-3-2.webp\" data-elementor-open-lightbox=\"yes\" data-elementor-lightbox-slideshow=\"557838e\" data-elementor-lightbox-title=\"portable-cabins-3.webp\" data-e-action-hash=\"#elementor-action%3Aaction%3Dlightbox%26settings%3DeyJpZCI6MjExOTAsInVybCI6Imh0dHBzOlwvXC9hcGVjbW9kdWxhci5jb21cL3dwLWNvbnRlbnRcL3VwbG9hZHNcLzIwMjVcLzAyXC9wb3J0YWJsZS1jYWJpbnMtMy0yLndlYnAiLCJzbGlkZXNob3ciOiI1NTc4MzhlIn0%3D\">\r\n\t\t\t\t\t<div class=\"e-gallery-image elementor-gallery-item__image\" data-thumbnail=\"https:\/\/apecmodular.com\/wp-content\/uploads\/2025\/02\/portable-cabins-3-2-300x164.webp\" data-width=\"300\" data-height=\"164\" aria-label=\"\" role=\"img\" ><\/div>\r\n\t\t\t\t\t\t\t\t\t\t\t<div class=\"elementor-gallery-item__overlay\"><\/div>\r\n\t\t\t\t\t\t\t\t\t\t\t\t\t\t<\/a>\r\n\t\t\t\t\t\t\t<a class=\"e-gallery-item elementor-gallery-item elementor-animated-content\" href=\"https:\/\/apecmodular.com\/wp-content\/uploads\/2025\/02\/portable-cabin-1.webp\" data-elementor-open-lightbox=\"yes\" data-elementor-lightbox-slideshow=\"557838e\" data-elementor-lightbox-title=\"portable-cabin.webp\" data-e-action-hash=\"#elementor-action%3Aaction%3Dlightbox%26settings%3DeyJpZCI6MjExNzAsInVybCI6Imh0dHBzOlwvXC9hcGVjbW9kdWxhci5jb21cL3dwLWNvbnRlbnRcL3VwbG9hZHNcLzIwMjVcLzAyXC9wb3J0YWJsZS1jYWJpbi0xLndlYnAiLCJzbGlkZXNob3ciOiI1NTc4MzhlIn0%3D\">\r\n\t\t\t\t\t<div class=\"e-gallery-image elementor-gallery-item__image\" data-thumbnail=\"https:\/\/apecmodular.com\/wp-content\/uploads\/2025\/02\/portable-cabin-1-300x259.webp\" data-width=\"300\" data-height=\"259\" aria-label=\"\" role=\"img\" ><\/div>\r\n\t\t\t\t\t\t\t\t\t\t\t<div class=\"elementor-gallery-item__overlay\"><\/div>\r\n\t\t\t\t\t\t\t\t\t\t\t\t\t\t<\/a>\r\n\t\t\t\t\t<\/div>\r\n\t\t\t\t\t<\/div>\n\t\t\t\t<\/div>\n\t\t\t\t\t<\/div>\n\t\t\t\t<\/div>\n\t\t<div class=\"elementor-element elementor-element-d885009 e-flex e-con-boxed e-con e-parent\" data-id=\"d885009\" data-element_type=\"container\">\n\t\t\t\t\t<div class=\"e-con-inner\">\n\t\t\t\t<div class=\"elementor-element elementor-element-088b78a elementor-widget elementor-widget-heading\" data-id=\"088b78a\" data-element_type=\"widget\" data-widget_type=\"heading.default\">\n\t\t\t\t<div class=\"elementor-widget-container\">\n\t\t\t\t\t<h2 class=\"elementor-heading-title elementor-size-default\">Was sind die Eigenschaften eines Pf\u00f6rtnerhauses?<\/h2>\t\t\t\t<\/div>\n\t\t\t\t<\/div>\n\t\t\t\t\t<\/div>\n\t\t\t\t<\/div>\n\t\t<div class=\"elementor-element elementor-element-e30b10f e-flex e-con-boxed e-con e-parent\" data-id=\"e30b10f\" data-element_type=\"container\">\n\t\t\t\t\t<div class=\"e-con-inner\">\n\t\t\t\t<div class=\"elementor-element elementor-element-2ede767 elementor-widget elementor-widget-text-editor\" data-id=\"2ede767\" data-element_type=\"widget\" data-widget_type=\"text-editor.default\">\n\t\t\t\t<div class=\"elementor-widget-container\">\n\t\t\t\t\t\t\t\t\t<p class=\"whitespace-pre-wrap break-words\">Wenn Sie den Kauf eines Pf\u00f6rtnerhauses in Erw\u00e4gung ziehen, sollten Sie auf bestimmte Eigenschaften achten. Ein Standard-Pf\u00f6rtnerhaus verf\u00fcgt in der Regel \u00fcber folgende Elemente:<\/p><ul class=\"[&amp;:not(:last-child)_ul]:pb-1 [&amp;:not(:last-child)_ol]:pb-1 list-disc space-y-1.5 pl-7\"><li class=\"whitespace-normal break-words\">Elektroinstallation: Beleuchtung, Steckdosen und andere elektrische Anschl\u00fcsse sind bereits installiert.<\/li><li class=\"whitespace-normal break-words\">Luftzirkulation: Nat\u00fcrliche Bel\u00fcftung oder ein zus\u00e4tzliches System sorgt f\u00fcr Luftzirkulation im Innenraum.<\/li><li class=\"whitespace-normal break-words\">T\u00fcren und Fenster: Aus strapazierf\u00e4higen Materialien hergestellt, bieten sie Sicherheit und Benutzerfreundlichkeit.<\/li><li class=\"whitespace-normal break-words\">Zus\u00e4tzliche Ausstattungsoptionen: Je nach spezifischen Anforderungen Ihres Unternehmens k\u00f6nnen Regale, L\u00fcftungssysteme oder zus\u00e4tzliche Sicherheitselemente hinzugef\u00fcgt werden.<\/li><\/ul>\t\t\t\t\t\t\t\t<\/div>\n\t\t\t\t<\/div>\n\t\t\t\t\t<\/div>\n\t\t\t\t<\/div>\n\t\t<div class=\"elementor-element elementor-element-52f013a e-flex e-con-boxed e-con e-parent\" data-id=\"52f013a\" data-element_type=\"container\">\n\t\t\t\t\t<div class=\"e-con-inner\">\n\t\t\t\t<div class=\"elementor-element elementor-element-13fbb31 elementor-widget elementor-widget-heading\" data-id=\"13fbb31\" data-element_type=\"widget\" data-widget_type=\"heading.default\">\n\t\t\t\t<div class=\"elementor-widget-container\">\n\t\t\t\t\t<h2 class=\"elementor-heading-title elementor-size-default\">Wo werden Pf\u00f6rtnerh\u00e4user eingesetzt?<\/h2>\t\t\t\t<\/div>\n\t\t\t\t<\/div>\n\t\t\t\t\t<\/div>\n\t\t\t\t<\/div>\n\t\t<div class=\"elementor-element elementor-element-2b1d4ab e-flex e-con-boxed e-con e-parent\" data-id=\"2b1d4ab\" data-element_type=\"container\">\n\t\t\t\t\t<div class=\"e-con-inner\">\n\t\t\t\t<div class=\"elementor-element elementor-element-2c5724c elementor-widget elementor-widget-text-editor\" data-id=\"2c5724c\" data-element_type=\"widget\" data-widget_type=\"text-editor.default\">\n\t\t\t\t<div class=\"elementor-widget-container\">\n\t\t\t\t\t\t\t\t\t<p class=\"whitespace-pre-wrap break-words\">Pf\u00f6rtnerh\u00e4user mit ihrem modernen Baukonzept haben ein breites Einsatzspektrum. Einige Einsatzbereiche sind:<\/p><ul class=\"[&amp;:not(:last-child)_ul]:pb-1 [&amp;:not(:last-child)_ol]:pb-1 list-disc space-y-1.5 pl-7\"><li class=\"whitespace-normal break-words\">Fabriken: Ideal zur Kontrolle von Mitarbeiter-Ein- und Ausg\u00e4ngen.<\/li><li class=\"whitespace-normal break-words\">Baustellenbereiche: Schafft einen tempor\u00e4ren aber stabilen Kontrollpunkt bei Bauprojekten.<\/li><li class=\"whitespace-normal break-words\">Veranstaltungsorte: Wird als Zentrale f\u00fcr Sicherheitspersonal bei Konzerten, Festivals und anderen Gro\u00dfveranstaltungen genutzt.<\/li><li class=\"whitespace-normal break-words\">Parks und G\u00e4rten: Wird an Besuchereing\u00e4ngen oder zur Sicherung des Parks eingesetzt.<\/li><\/ul>\t\t\t\t\t\t\t\t<\/div>\n\t\t\t\t<\/div>\n\t\t\t\t\t<\/div>\n\t\t\t\t<\/div>\n\t\t<div class=\"elementor-element elementor-element-3f1d7a6 e-flex e-con-boxed e-con e-parent\" data-id=\"3f1d7a6\" data-element_type=\"container\">\n\t\t\t\t\t<div class=\"e-con-inner\">\n\t\t\t\t<div class=\"elementor-element elementor-element-daf140c elementor-widget elementor-widget-heading\" data-id=\"daf140c\" data-element_type=\"widget\" data-widget_type=\"heading.default\">\n\t\t\t\t<div class=\"elementor-widget-container\">\n\t\t\t\t\t<h2 class=\"elementor-heading-title elementor-size-default\">Welche wichtigen Kriterien gibt es f\u00fcr Pf\u00f6rtnerh\u00e4user?<\/h2>\t\t\t\t<\/div>\n\t\t\t\t<\/div>\n\t\t\t\t\t<\/div>\n\t\t\t\t<\/div>\n\t\t<div class=\"elementor-element elementor-element-d5408bb e-flex e-con-boxed e-con e-parent\" data-id=\"d5408bb\" data-element_type=\"container\">\n\t\t\t\t\t<div class=\"e-con-inner\">\n\t\t\t\t<div class=\"elementor-element elementor-element-04694bb elementor-widget elementor-widget-text-editor\" data-id=\"04694bb\" data-element_type=\"widget\" data-widget_type=\"text-editor.default\">\n\t\t\t\t<div class=\"elementor-widget-container\">\n\t\t\t\t\t\t\t\t\t<p class=\"whitespace-pre-wrap break-words\">Beim Kauf eines Pf\u00f6rtnerhauses sollten Sie folgende Kriterien ber\u00fccksichtigen:<\/p><ul class=\"[&amp;:not(:last-child)_ul]:pb-1 [&amp;:not(:last-child)_ol]:pb-1 list-disc space-y-1.5 pl-7\"><li class=\"whitespace-normal break-words\">Haltbares Material: Das Haus sollte aus langlebigen und widerstandsf\u00e4higen Materialien wie verzinktem Stahl hergestellt sein.<\/li><li class=\"whitespace-normal break-words\">Benutzerfreundlichkeit: Es sollten transportable Strukturen bevorzugt werden, die keine Montage erfordern.<\/li><li class=\"whitespace-normal break-words\">Designflexibilit\u00e4t: Die M\u00f6glichkeit unternehmensspezifischer Anpassungen ist wichtig.<\/li><li class=\"whitespace-normal break-words\">Servicequalit\u00e4t: Pf\u00f6rtnerh\u00e4user von zuverl\u00e4ssigen Herstellern bieten sowohl angemessene Preise als auch hohe Qualit\u00e4t.<\/li><\/ul><p class=\"whitespace-pre-wrap break-words\">Moderne Pf\u00f6rtnerhausl\u00f6sungen erf\u00fcllen mit ihren transportablen Strukturen effektiv die Sicherheitsanforderungen von Unternehmen. Diese H\u00e4user, die sich durch ihre Haltbarkeit, Benutzerfreundlichkeit und wirtschaftlichen Vorteile auszeichnen, sind in vielen Bereichen die bevorzugte Wahl und stellen sowohl kurz- als auch langfristig eine ideale Investition f\u00fcr Unternehmen dar.<\/p>\t\t\t\t\t\t\t\t<\/div>\n\t\t\t\t<\/div>\n\t\t\t\t\t<\/div>\n\t\t\t\t<\/div>\n\t\t\t\t<\/div>\n\t\t","protected":false},"excerpt":{"rendered":"<p>PF\u00d6RTNERHAUS Pf\u00f6rtnerh\u00e4user sind transportable Strukturen, die die Arbeitsbedingungen des Sicherheitspersonals erleichtern und den ben\u00f6tigten Raum bieten. Diese H\u00e4user werden mit speziellen Design- und Konstruktionsberechnungen hergestellt und zeichnen sich durch ihre Haltbarkeit aus. Die verwendeten Sandwichpaneele und verzinkten Chassis machen die Pf\u00f6rtnerh\u00e4user sowohl robust als auch langlebig. Diese Produkte sind darauf ausgerichtet, alle Anforderungen an ein [&hellip;]<\/p>\n","protected":false},"author":1,"featured_media":0,"parent":0,"menu_order":0,"comment_status":"closed","ping_status":"closed","template":"","meta":{"inline_featured_image":false,"footnotes":""},"class_list":["post-13292","page","type-page","status-publish","hentry"],"_links":{"self":[{"href":"https:\/\/apecmodular.com\/de\/wp-json\/wp\/v2\/pages\/13292","targetHints":{"allow":["GET"]}}],"collection":[{"href":"https:\/\/apecmodular.com\/de\/wp-json\/wp\/v2\/pages"}],"about":[{"href":"https:\/\/apecmodular.com\/de\/wp-json\/wp\/v2\/types\/page"}],"author":[{"embeddable":true,"href":"https:\/\/apecmodular.com\/de\/wp-json\/wp\/v2\/users\/1"}],"replies":[{"embeddable":true,"href":"https:\/\/apecmodular.com\/de\/wp-json\/wp\/v2\/comments?post=13292"}],"version-history":[{"count":0,"href":"https:\/\/apecmodular.com\/de\/wp-json\/wp\/v2\/pages\/13292\/revisions"}],"wp:attachment":[{"href":"https:\/\/apecmodular.com\/de\/wp-json\/wp\/v2\/media?parent=13292"}],"curies":[{"name":"wp","href":"https:\/\/api.w.org\/{rel}","templated":true}]}}