{"id":24134,"date":"2025-07-28T13:18:52","date_gmt":"2025-07-28T10:18:52","guid":{"rendered":"https:\/\/apecmodular.com\/?page_id=24134"},"modified":"2025-07-31T14:47:00","modified_gmt":"2025-07-31T11:47:00","slug":"datenschutzerklaerung","status":"publish","type":"page","link":"https:\/\/apecmodular.com\/de\/datenschutzerklaerung\/","title":{"rendered":"Datenschutzerkl\u00e4rung"},"content":{"rendered":"\t\t<div data-elementor-type=\"wp-page\" data-elementor-id=\"24134\" class=\"elementor elementor-24134 elementor-23917\" data-elementor-post-type=\"page\">\n\t\t\t\t<div class=\"elementor-element elementor-element-a104f36 e-con-full e-flex e-con e-parent\" data-id=\"a104f36\" data-element_type=\"container\" data-settings=\"{&quot;background_background&quot;:&quot;classic&quot;}\">\n\t\t<div class=\"elementor-element elementor-element-2d98a35 e-flex e-con-boxed elementor-invisible e-con e-child\" data-id=\"2d98a35\" data-element_type=\"container\" data-settings=\"{&quot;background_background&quot;:&quot;classic&quot;,&quot;animation&quot;:&quot;fadeInUp&quot;}\">\n\t\t\t\t\t<div class=\"e-con-inner\">\n\t\t\t\t<div class=\"elementor-element elementor-element-3bdc3c4 elementor-widget elementor-widget-heading\" data-id=\"3bdc3c4\" data-element_type=\"widget\" data-widget_type=\"heading.default\">\n\t\t\t\t<div class=\"elementor-widget-container\">\n\t\t\t\t\t<h1 class=\"elementor-heading-title elementor-size-default\">Datenschutzerkl\u00e4rung<\/h1>\t\t\t\t<\/div>\n\t\t\t\t<\/div>\n\t\t\t\t\t<\/div>\n\t\t\t\t<\/div>\n\t\t\t\t<\/div>\n\t\t<div class=\"elementor-element elementor-element-a245636 e-flex e-con-boxed e-con e-parent\" data-id=\"a245636\" data-element_type=\"container\">\n\t\t\t\t\t<div class=\"e-con-inner\">\n\t\t\t\t<div class=\"elementor-element elementor-element-cea0ca2 elementor-widget elementor-widget-heading\" data-id=\"cea0ca2\" data-element_type=\"widget\" data-widget_type=\"heading.default\">\n\t\t\t\t<div class=\"elementor-widget-container\">\n\t\t\t\t\t<h2 class=\"elementor-heading-title elementor-size-default\">Apec Modular Datenschutzerkl\u00e4rung<\/h2>\t\t\t\t<\/div>\n\t\t\t\t<\/div>\n\t\t\t\t\t<\/div>\n\t\t\t\t<\/div>\n\t\t<div class=\"elementor-element elementor-element-ff0153c e-flex e-con-boxed e-con e-parent\" data-id=\"ff0153c\" data-element_type=\"container\">\n\t\t\t\t\t<div class=\"e-con-inner\">\n\t\t\t\t<div class=\"elementor-element elementor-element-4e88b71 elementor-widget elementor-widget-text-editor\" data-id=\"4e88b71\" data-element_type=\"widget\" data-widget_type=\"text-editor.default\">\n\t\t\t\t<div class=\"elementor-widget-container\">\n\t\t\t\t\t\t\t\t\t<p class=\"ds-markdown-paragraph\"><strong>Letzte Aktualisierung: 24. Juli 2025<\/strong><\/p><p class=\"ds-markdown-paragraph\"><strong>Apec Modular<\/strong> (\u201eUnternehmen\u201c, \u201ewir\u201c, \u201euns\u201c oder \u201eunser\u201c) ist bestrebt, den Schutz und die Sicherheit der personenbezogenen Daten unserer Nutzer zu gew\u00e4hrleisten. Diese <strong>Datenschutzerkl\u00e4rung<\/strong> beschreibt, wie wir Ihre Informationen erfassen, verwenden, offenlegen und sch\u00fctzen, wenn Sie unsere Website <strong>apecmodular.com<\/strong> (die \u201eWebsite\u201c) besuchen. Bitte lesen Sie diese Richtlinie sorgf\u00e4ltig durch. Wenn Sie mit den Bedingungen dieser Datenschutzerkl\u00e4rung nicht einverstanden sind, nutzen Sie die Website nicht.<\/p><p class=\"ds-markdown-paragraph\">Diese Richtlinie ber\u00fccksichtigt internationale Datenschutzgrunds\u00e4tze, einschlie\u00dflich der <strong>EU-Datenschutzgrundverordnung (DSGVO)<\/strong>.<\/p><h3>1. <strong>Erfasste Daten<\/strong><\/h3><p class=\"ds-markdown-paragraph\">Wir k\u00f6nnen Informationen auf verschiedene Weise \u00fcber Sie sammeln. Dazu geh\u00f6ren:<\/p><ul><li><p class=\"ds-markdown-paragraph\"><strong>Personenbezogene Daten<\/strong>: Name, E-Mail-Adresse, Telefonnummer, Firmenbezeichnung usw., die Sie freiwillig angeben (z. B. \u00fcber Kontaktformulare oder Anfragen).<\/p><\/li><li><p class=\"ds-markdown-paragraph\"><strong>Technische Daten<\/strong>: Automatisch erfasste Daten wie IP-Adresse, Browsertyp, Betriebssystem, Zugriffszeiten und besuchte Seiten.<\/p><\/li><li><p class=\"ds-markdown-paragraph\"><strong>Nutzungsdaten<\/strong>: Informationen \u00fcber Ihre Interaktion mit unserer Website (z. B. interessierte Produkte\/Dienstleistungen).<\/p><\/li><li><p class=\"ds-markdown-paragraph\"><strong>Marketing- und Kommunikationsdaten<\/strong>: Ihre Pr\u00e4ferenzen f\u00fcr Werbung und Kommunikation.<\/p><\/li><\/ul><h3>2. <strong>Wie wir Daten erfassen<\/strong><\/h3><ul><li><p class=\"ds-markdown-paragraph\"><strong>Direkte Interaktion<\/strong>: Durch Ausf\u00fcllen von Formularen oder Korrespondenz per E-Mail\/Telefon.<\/p><\/li><li><p class=\"ds-markdown-paragraph\"><strong>Automatisierte Technologien<\/strong>: Cookies und \u00e4hnliche Technologien (Details siehe <strong>Cookie-Richtlinie<\/strong>).<\/p><\/li><\/ul><h3>3. <strong>Rechtsgrundlage der Verarbeitung<\/strong><\/h3><p class=\"ds-markdown-paragraph\">Wir verwenden Ihre Daten nur, wenn eine gesetzliche Grundlage besteht:<\/p><ul><li><p class=\"ds-markdown-paragraph\">Zur Vertragserf\u00fcllung oder vorvertraglichen Ma\u00dfnahmen.<\/p><\/li><li><p class=\"ds-markdown-paragraph\">F\u00fcr berechtigte Interessen (sofern Ihre Rechte nicht \u00fcberwiegen).<\/p><\/li><li><p class=\"ds-markdown-paragraph\">Zur Erf\u00fcllung rechtlicher Pflichten.<\/p><\/li><li><p class=\"ds-markdown-paragraph\">Aufgrund Ihrer ausdr\u00fccklichen Einwilligung.<\/p><\/li><\/ul><h3>4. <strong>Verwendung Ihrer Daten<\/strong><\/h3><ul><li><p class=\"ds-markdown-paragraph\">Bereitstellung von Angeboten und Informationen.<\/p><\/li><li><p class=\"ds-markdown-paragraph\">Beantwortung von Anfragen.<\/p><\/li><li><p class=\"ds-markdown-paragraph\">Website-Optimierung und Nutzererfahrung.<\/p><\/li><li><p class=\"ds-markdown-paragraph\">Marketing (sofern zugestimmt).<\/p><\/li><li><p class=\"ds-markdown-paragraph\">Erf\u00fcllung rechtlicher Verpflichtungen.<\/p><\/li><\/ul><h3>5. <strong>Weitergabe Ihrer Daten<\/strong><\/h3><ul><li><p class=\"ds-markdown-paragraph\"><strong>An Drittanbieter<\/strong>: Nur f\u00fcr Dienstleistungen wie IT, Hosting oder Marketing.<\/p><\/li><li><p class=\"ds-markdown-paragraph\"><strong>Bei rechtlicher Verpflichtung<\/strong>: Zur Einhaltung von Gesetzen oder Schutz von Rechten.<\/p><\/li><li><p class=\"ds-markdown-paragraph\"><strong>Bei Unternehmens\u00fcbertragungen<\/strong>: Im Falle einer Fusion, \u00dcbernahme oder \u00c4hnlichem.<\/p><\/li><\/ul><h3>6. <strong>Datensicherheit und Aufbewahrung<\/strong><\/h3><p class=\"ds-markdown-paragraph\">Wir setzen technische und organisatorische Ma\u00dfnahmen ein, um Ihre Daten zu sch\u00fctzen. Daten werden nur so lange gespeichert, wie notwendig (z. B. f\u00fcr gesetzliche Aufbewahrungsfristen).<\/p><h3>7. <strong>Ihre Rechte<\/strong> (insbesondere f\u00fcr EEA-Nutzer)<\/h3><p class=\"ds-markdown-paragraph\">Sie haben das Recht auf:<\/p><ul><li><p class=\"ds-markdown-paragraph\">Auskunft, Berichtigung oder L\u00f6schung Ihrer Daten.<\/p><\/li><li><p class=\"ds-markdown-paragraph\">Widerspruch gegen die Verarbeitung.<\/p><\/li><li><p class=\"ds-markdown-paragraph\">Daten\u00fcbertragbarkeit.<\/p><\/li><li><p class=\"ds-markdown-paragraph\">Widerruf einer Einwilligung.<\/p><\/li><\/ul><p class=\"ds-markdown-paragraph\">Kontaktieren Sie uns hierf\u00fcr unter den unten genannten Daten.<\/p><h3>8. <strong>Kontakt<\/strong><\/h3><p class=\"ds-markdown-paragraph\">Bei Fragen wenden Sie sich bitte an:<br \/><strong>Apec Modular<\/strong><br \/>Adresse: Maslak Mah. Saat Sk. No:5, Spine Tower, Kat 17, Sar\u0131yer, \u0130stanbul, T\u00dcRKEI<br \/>Telefon: +90 212 280 22 10<br \/>E-Mail: [<a href=\"https:\/\/mailto:info@apecmodular.com\" target=\"_blank\" rel=\"noopener noreferrer\">info@apecmodular.com<\/a>]<\/p>\t\t\t\t\t\t\t\t<\/div>\n\t\t\t\t<\/div>\n\t\t\t\t\t<\/div>\n\t\t\t\t<\/div>\n\t\t\t\t<\/div>\n\t\t","protected":false},"excerpt":{"rendered":"<p>Datenschutzerkl\u00e4rung Apec Modular Datenschutzerkl\u00e4rung Letzte Aktualisierung: 24. Juli 2025 Apec Modular (\u201eUnternehmen\u201c, \u201ewir\u201c, \u201euns\u201c oder \u201eunser\u201c) ist bestrebt, den Schutz und die Sicherheit der personenbezogenen Daten unserer Nutzer zu gew\u00e4hrleisten. Diese Datenschutzerkl\u00e4rung beschreibt, wie wir Ihre Informationen erfassen, verwenden, offenlegen und sch\u00fctzen, wenn Sie unsere Website apecmodular.com (die \u201eWebsite\u201c) besuchen. Bitte lesen Sie diese Richtlinie [&hellip;]<\/p>\n","protected":false},"author":1,"featured_media":0,"parent":0,"menu_order":0,"comment_status":"closed","ping_status":"closed","template":"","meta":{"inline_featured_image":false,"footnotes":""},"class_list":["post-24134","page","type-page","status-publish","hentry"],"_links":{"self":[{"href":"https:\/\/apecmodular.com\/de\/wp-json\/wp\/v2\/pages\/24134","targetHints":{"allow":["GET"]}}],"collection":[{"href":"https:\/\/apecmodular.com\/de\/wp-json\/wp\/v2\/pages"}],"about":[{"href":"https:\/\/apecmodular.com\/de\/wp-json\/wp\/v2\/types\/page"}],"author":[{"embeddable":true,"href":"https:\/\/apecmodular.com\/de\/wp-json\/wp\/v2\/users\/1"}],"replies":[{"embeddable":true,"href":"https:\/\/apecmodular.com\/de\/wp-json\/wp\/v2\/comments?post=24134"}],"version-history":[{"count":0,"href":"https:\/\/apecmodular.com\/de\/wp-json\/wp\/v2\/pages\/24134\/revisions"}],"wp:attachment":[{"href":"https:\/\/apecmodular.com\/de\/wp-json\/wp\/v2\/media?parent=24134"}],"curies":[{"name":"wp","href":"https:\/\/api.w.org\/{rel}","templated":true}]}}