{"id":24163,"date":"2025-07-28T13:34:06","date_gmt":"2025-07-28T10:34:06","guid":{"rendered":"https:\/\/apecmodular.com\/?page_id=24163"},"modified":"2025-07-31T15:06:23","modified_gmt":"2025-07-31T12:06:23","slug":"nutzungsbedingungen","status":"publish","type":"page","link":"https:\/\/apecmodular.com\/de\/nutzungsbedingungen\/","title":{"rendered":"Nutzungsbedingungen"},"content":{"rendered":"\t\t<div data-elementor-type=\"wp-page\" data-elementor-id=\"24163\" class=\"elementor elementor-24163 elementor-23930\" data-elementor-post-type=\"page\">\n\t\t\t\t<div class=\"elementor-element elementor-element-317f6fc e-flex e-con-boxed e-con e-parent\" data-id=\"317f6fc\" data-element_type=\"container\">\n\t\t\t\t\t<div class=\"e-con-inner\">\n\t\t\t\t<div class=\"elementor-element elementor-element-9cd447a elementor-widget-divider--view-line elementor-widget elementor-widget-divider\" data-id=\"9cd447a\" data-element_type=\"widget\" data-widget_type=\"divider.default\">\n\t\t\t\t<div class=\"elementor-widget-container\">\n\t\t\t\t\t\t\t<div class=\"elementor-divider\">\n\t\t\t<span class=\"elementor-divider-separator\">\n\t\t\t\t\t\t<\/span>\n\t\t<\/div>\n\t\t\t\t\t\t<\/div>\n\t\t\t\t<\/div>\n\t\t\t\t\t<\/div>\n\t\t\t\t<\/div>\n\t\t<div class=\"elementor-element elementor-element-ca2ef15 e-con-full e-flex e-con e-parent\" data-id=\"ca2ef15\" data-element_type=\"container\" data-settings=\"{&quot;background_background&quot;:&quot;classic&quot;}\">\n\t\t<div class=\"elementor-element elementor-element-0fe0b70 e-flex e-con-boxed elementor-invisible e-con e-child\" data-id=\"0fe0b70\" data-element_type=\"container\" data-settings=\"{&quot;background_background&quot;:&quot;classic&quot;,&quot;animation&quot;:&quot;fadeInUp&quot;}\">\n\t\t\t\t\t<div class=\"e-con-inner\">\n\t\t\t\t<div class=\"elementor-element elementor-element-cc06ca3 elementor-widget elementor-widget-heading\" data-id=\"cc06ca3\" data-element_type=\"widget\" data-widget_type=\"heading.default\">\n\t\t\t\t<div class=\"elementor-widget-container\">\n\t\t\t\t\t<h1 class=\"elementor-heading-title elementor-size-default\">Nutzungsbedingungen<\/h1>\t\t\t\t<\/div>\n\t\t\t\t<\/div>\n\t\t\t\t\t<\/div>\n\t\t\t\t<\/div>\n\t\t\t\t<\/div>\n\t\t<div class=\"elementor-element elementor-element-04188d8 e-flex e-con-boxed e-con e-parent\" data-id=\"04188d8\" data-element_type=\"container\">\n\t\t\t\t\t<div class=\"e-con-inner\">\n\t\t\t\t<div class=\"elementor-element elementor-element-db00960 elementor-widget elementor-widget-heading\" data-id=\"db00960\" data-element_type=\"widget\" data-widget_type=\"heading.default\">\n\t\t\t\t<div class=\"elementor-widget-container\">\n\t\t\t\t\t<h2 class=\"elementor-heading-title elementor-size-default\">Nutzungsbedingungen der Apec Modular Website<\/h2>\t\t\t\t<\/div>\n\t\t\t\t<\/div>\n\t\t\t\t\t<\/div>\n\t\t\t\t<\/div>\n\t\t<div class=\"elementor-element elementor-element-97bf1f1 e-flex e-con-boxed e-con e-parent\" data-id=\"97bf1f1\" data-element_type=\"container\">\n\t\t\t\t\t<div class=\"e-con-inner\">\n\t\t\t\t<div class=\"elementor-element elementor-element-b9bb3f3 elementor-widget elementor-widget-text-editor\" data-id=\"b9bb3f3\" data-element_type=\"widget\" data-widget_type=\"text-editor.default\">\n\t\t\t\t<div class=\"elementor-widget-container\">\n\t\t\t\t\t\t\t\t\t<p class=\"ds-markdown-paragraph\"><strong>Zuletzt aktualisiert: 28. Juli 2025<\/strong><\/p><h3>1. Vereinbarung zu den Nutzungsbedingungen<\/h3><p class=\"ds-markdown-paragraph\">Willkommen auf <a href=\"https:\/\/apecmodular.com\" target=\"_blank\" rel=\"noopener noreferrer\">apecmodular.com<\/a> (die &#8222;Website&#8220;), betrieben von Apec Modular (&#8222;Unternehmen&#8220;, &#8222;wir&#8220;, &#8222;uns&#8220; oder &#8222;unser&#8220;). Diese Nutzungsbedingungen stellen eine rechtsverbindliche Vereinbarung zwischen Ihnen, entweder pers\u00f6nlich oder im Namen einer juristischen Person (&#8222;Sie&#8220;), und Apec Modular dar, die Ihren Zugang und Ihre Nutzung der Website regelt.<\/p><p class=\"ds-markdown-paragraph\">Durch den Zugriff auf die Website best\u00e4tigen Sie, dass Sie diese Nutzungsbedingungen gelesen, verstanden haben und sich an alle Bestimmungen halten. Wenn Sie nicht mit allen Bedingungen einverstanden sind, ist Ihnen die Nutzung der Website ausdr\u00fccklich untersagt und Sie m\u00fcssen die Nutzung sofort einstellen.<\/p><h3>2. Geistiges Eigentum<\/h3><p class=\"ds-markdown-paragraph\">Sofern nicht anders angegeben, ist die Website unser alleiniges Eigentum. Der gesamte Quellcode, Datenbanken, Funktionalit\u00e4ten, Software, Webdesigns, Audio-, Video- und Textinhalte, Fotografien und Grafiken (zusammengefasst als &#8222;Inhalte&#8220;) sowie Markenzeichen, Dienstleistungsmarken und Logos (die &#8222;Marken&#8220;) sind unser Eigentum oder an uns lizenziert und werden durch Urheberrechts-, Markenrecht und andere Gesetze zum Schutz geistigen Eigentums in der T\u00fcrkei, anderen Rechtsgebieten und internationalen Konventionen gesch\u00fctzt.<\/p><p class=\"ds-markdown-paragraph\">Die Inhalte und Marken werden auf der Website &#8222;WIE BESEHEN&#8220; nur zu Informations- und pers\u00f6nlichen Nutzungszwecken bereitgestellt. Sofern nicht ausdr\u00fccklich in diesen Nutzungsbedingungen gestattet, d\u00fcrfen keine Teile der Website, Inhalte oder Marken ohne unsere vorherige schriftliche Genehmigung kopiert, vervielf\u00e4ltigt, ver\u00f6ffentlicht, hochgeladen, \u00f6ffentlich angezeigt, kodiert, \u00fcbersetzt, \u00fcbertragen, vertrieben, verkauft, lizenziert oder anderweitig kommerziell genutzt werden.<\/p><h3>3. Nutzererkl\u00e4rungen<\/h3><p class=\"ds-markdown-paragraph\">Durch die Nutzung der Website erkl\u00e4ren und garantieren Sie, dass:<br \/>(a) Sie \u00fcber die rechtliche Handlungsf\u00e4higkeit verf\u00fcgen und sich an diese Nutzungsbedingungen halten werden;<br \/>(b) Sie nicht durch automatisierte Mittel (wie Bots oder Skripte) auf die Website zugreifen werden;<br \/>(c) Sie die Website nicht f\u00fcr illegale oder unbefugte Zwecke nutzen werden;<br \/>(d) Ihre Nutzung der Website keine geltenden Gesetze oder Vorschriften verletzt.<\/p><h3>4. Verbotene Aktivit\u00e4ten<\/h3><p class=\"ds-markdown-paragraph\">Sie d\u00fcrfen die Website nur zu den von uns vorgesehenen Zwecken nutzen. Die Website darf nicht f\u00fcr kommerzielle Unternehmungen genutzt werden, es sei denn, diese werden ausdr\u00fccklich von uns genehmigt. Verbotene Aktivit\u00e4ten umfassen unter anderem:<br \/>(a) Systematisches Abrufen von Daten zur Erstellung einer Sammlung oder Datenbank ohne unsere Genehmigung;<br \/>(b) Nutzung der Website zur Werbung oder zum Verkauf von Waren und Dienstleistungen;<br \/>(c) St\u00f6rung der Website oder damit verbundener Netzwerke\/Dienste;<br \/>(d) Versuch, eine andere Person zu imitieren.<\/p><h3>5. Websites und Inhalte Dritter<\/h3><p class=\"ds-markdown-paragraph\">Die Website kann Links zu anderen Websites (&#8222;Websites Dritter&#8220;) sowie Inhalte Dritter (&#8222;Inhalte Dritter&#8220;) enthalten. Wir \u00fcberpr\u00fcfen diese weder auf Richtigkeit noch auf Vollst\u00e4ndigkeit und \u00fcbernehmen keine Verantwortung f\u00fcr Websites oder Inhalte Dritter.<\/p><h3>6. Website-Verwaltung<\/h3><p class=\"ds-markdown-paragraph\">Wir behalten uns das Recht vor (sind aber nicht verpflichtet):<br \/>(a) die Website auf Verst\u00f6\u00dfe gegen diese Bedingungen zu \u00fcberwachen;<br \/>(b) rechtliche Schritte gegen Verst\u00f6\u00dfe einzuleiten;<br \/>(c) den Zugriff auf die Website einzuschr\u00e4nken oder zu deaktivieren;<br \/>(d) die Website zum Schutz unserer Rechte und zur Aufrechterhaltung des Betriebs zu verwalten.<\/p><h3>7. Haftungsausschluss<\/h3><p class=\"ds-markdown-paragraph\">DIE WEBSITE WIRD &#8222;WIE VORHANDEN&#8220; UND &#8222;WIE VERF\u00dcGBAR&#8220; BEREITGESTELLT. DIE NUTZUNG ERFOLGT AUF IHR EIGENES RISIKO. SOWEIT GESETZLICH ZUL\u00c4SSIG, SCHLIESSEN WIR ALLE GEW\u00c4HRLEISTUNGEN AUS, EINSCHLIESSLICH DER STILLSCHWEIGENDEN GEW\u00c4HRLEISTUNGEN DER MARKTG\u00c4NGIGKEIT, EIGNUNG F\u00dcR EINEN BESTIMMTEN ZWECK UND NICHTVERLETZUNG VON RECHTEN DRITTER. WIR \u00dcBERNEHMEN KEINE HAFTUNG F\u00dcR:<br \/>(1) FEHLER IN INHALTEN,<br \/>(2) PERS\u00d6NLICHE SCH\u00c4DEN ODER SACHSCH\u00c4DEN DURCH DIE NUTZUNG DER WEBSITE,<br \/>(3) SCHADSOFTWARE, DIE DURCH DRITTE \u00dcBERTRAGEN WIRD.<\/p><h3>8. Haftungsbeschr\u00e4nkung<\/h3><p class=\"ds-markdown-paragraph\">IN KEINEM FALL HAFTEN WIR ODER UNSERE MITARBEITER F\u00dcR DIREKTE, INDIREKTE, FOLGE-, BEISPIELHAFTE, ZUF\u00c4LLIGE ODER STRAFBARE SCH\u00c4DEN (EINSCHLIESSLICH ENTGANGENEM GEWINN, DATENVERLUST ODER \u00c4HNLICHEM), AUCH WENN WIR AUF DIE M\u00d6GLICHKEIT SOLCHER SCH\u00c4DEN HINGEWIESEN WURDEN.<\/p><h3>9. Anwendbares Recht und Gerichtsstand<\/h3><p class=\"ds-markdown-paragraph\">Diese Nutzungsbedingungen unterliegen dem Recht der Republik T\u00fcrkei. Alle Rechtsstreitigkeiten werden vor den Gerichten in Istanbul, T\u00fcrkei, verhandelt, und beide Parteien verzichten auf Einw\u00e4nde gegen die Zust\u00e4ndigkeit dieses Gerichtsstands.<\/p><h3>10. \u00c4nderungen und Unterbrechungen<\/h3><p class=\"ds-markdown-paragraph\">Wir behalten uns das Recht vor, Inhalte der Website jederzeit ohne Ank\u00fcndigung zu \u00e4ndern oder zu entfernen. Wir \u00fcbernehmen keine Haftung f\u00fcr \u00c4nderungen, Aussetzungen oder Einstellungen der Website.<\/p><h3>11. Kontakt<\/h3><p class=\"ds-markdown-paragraph\">Bei Fragen oder Beschwerden kontaktieren Sie uns bitte unter:<\/p><p class=\"ds-markdown-paragraph\"><strong>Apec Modular<\/strong><br \/>Adresse: Maslak Mah. Saat Sk. No:5, Spine Tower, Kat 17, Sar\u0131yer, Istanbul, T\u00dcRKEI<br \/>Telefon: <a target=\"_blank\" rel=\"noreferrer\">+90 212 280 22 10<\/a><br \/>E-Mail: <a href=\"https:\/\/mailto:info@apecmodular.com\" target=\"_blank\" rel=\"noopener noreferrer\">info@apecmodular.com<\/a><\/p>\t\t\t\t\t\t\t\t<\/div>\n\t\t\t\t<\/div>\n\t\t\t\t\t<\/div>\n\t\t\t\t<\/div>\n\t\t\t\t<\/div>\n\t\t","protected":false},"excerpt":{"rendered":"<p>Nutzungsbedingungen Nutzungsbedingungen der Apec Modular Website Zuletzt aktualisiert: 28. Juli 2025 1. Vereinbarung zu den Nutzungsbedingungen Willkommen auf apecmodular.com (die &#8222;Website&#8220;), betrieben von Apec Modular (&#8222;Unternehmen&#8220;, &#8222;wir&#8220;, &#8222;uns&#8220; oder &#8222;unser&#8220;). Diese Nutzungsbedingungen stellen eine rechtsverbindliche Vereinbarung zwischen Ihnen, entweder pers\u00f6nlich oder im Namen einer juristischen Person (&#8222;Sie&#8220;), und Apec Modular dar, die Ihren Zugang und [&hellip;]<\/p>\n","protected":false},"author":1,"featured_media":0,"parent":0,"menu_order":0,"comment_status":"closed","ping_status":"closed","template":"","meta":{"inline_featured_image":false,"footnotes":""},"class_list":["post-24163","page","type-page","status-publish","hentry"],"_links":{"self":[{"href":"https:\/\/apecmodular.com\/de\/wp-json\/wp\/v2\/pages\/24163","targetHints":{"allow":["GET"]}}],"collection":[{"href":"https:\/\/apecmodular.com\/de\/wp-json\/wp\/v2\/pages"}],"about":[{"href":"https:\/\/apecmodular.com\/de\/wp-json\/wp\/v2\/types\/page"}],"author":[{"embeddable":true,"href":"https:\/\/apecmodular.com\/de\/wp-json\/wp\/v2\/users\/1"}],"replies":[{"embeddable":true,"href":"https:\/\/apecmodular.com\/de\/wp-json\/wp\/v2\/comments?post=24163"}],"version-history":[{"count":0,"href":"https:\/\/apecmodular.com\/de\/wp-json\/wp\/v2\/pages\/24163\/revisions"}],"wp:attachment":[{"href":"https:\/\/apecmodular.com\/de\/wp-json\/wp\/v2\/media?parent=24163"}],"curies":[{"name":"wp","href":"https:\/\/api.w.org\/{rel}","templated":true}]}}