{"id":13295,"date":"2026-01-26T13:06:16","date_gmt":"2026-01-26T10:06:16","guid":{"rendered":"https:\/\/apecmodular.com\/mobil-ofisler\/"},"modified":"2024-12-02T12:28:31","modified_gmt":"2024-12-02T09:28:31","slug":"bureaux-portables","status":"publish","type":"page","link":"https:\/\/apecmodular.com\/fr\/bureaux-portables\/","title":{"rendered":"BUREAUX PORTABLES"},"content":{"rendered":"\t\t<div data-elementor-type=\"wp-page\" data-elementor-id=\"13295\" class=\"elementor elementor-13295 elementor-12582\" data-elementor-post-type=\"page\">\n\t\t\t\t<div class=\"elementor-element elementor-element-3ec69aa e-con-full e-flex e-con e-parent\" data-id=\"3ec69aa\" data-element_type=\"container\">\n\t\t\t\t<div class=\"elementor-element elementor-element-50f14f9 elementor-widget elementor-widget-image\" data-id=\"50f14f9\" data-element_type=\"widget\" data-widget_type=\"image.default\">\n\t\t\t\t<div class=\"elementor-widget-container\">\n\t\t\t\t\t\t\t\t\t\t\t\t\t\t\t<img fetchpriority=\"high\" decoding=\"async\" width=\"800\" height=\"448\" src=\"https:\/\/apecmodular.com\/wp-content\/uploads\/2024\/05\/Varlik-61500x-min-1-1024x574.webp\" class=\"attachment-large size-large wp-image-14655\" alt=\"\" srcset=\"https:\/\/apecmodular.com\/wp-content\/uploads\/2024\/05\/Varlik-61500x-min-1-1024x574.webp 1024w, https:\/\/apecmodular.com\/wp-content\/uploads\/2024\/05\/Varlik-61500x-min-1-300x168.webp 300w, https:\/\/apecmodular.com\/wp-content\/uploads\/2024\/05\/Varlik-61500x-min-1-768x431.webp 768w, https:\/\/apecmodular.com\/wp-content\/uploads\/2024\/05\/Varlik-61500x-min-1.webp 1500w\" sizes=\"(max-width: 800px) 100vw, 800px\" title=\"\">\t\t\t\t\t\t\t\t\t\t\t\t\t\t\t<\/div>\n\t\t\t\t<\/div>\n\t\t\t\t<\/div>\n\t\t<div class=\"elementor-element elementor-element-ca2ef15 e-flex e-con-boxed e-con e-parent\" data-id=\"ca2ef15\" data-element_type=\"container\" data-settings=\"{&quot;background_background&quot;:&quot;classic&quot;}\">\n\t\t\t\t\t<div class=\"e-con-inner\">\n\t\t<div class=\"elementor-element elementor-element-0fe0b70 e-flex e-con-boxed e-con e-child\" data-id=\"0fe0b70\" data-element_type=\"container\" data-settings=\"{&quot;background_background&quot;:&quot;classic&quot;}\">\n\t\t\t\t\t<div class=\"e-con-inner\">\n\t\t<div class=\"elementor-element elementor-element-d31fe68 e-con-full e-flex e-con e-child\" data-id=\"d31fe68\" data-element_type=\"container\">\n\t\t\t\t<div class=\"elementor-element elementor-element-62aebd9 elementor-widget__width-initial elementor-align-right elementor-widget elementor-widget-button\" data-id=\"62aebd9\" data-element_type=\"widget\" data-widget_type=\"button.default\">\n\t\t\t\t<div class=\"elementor-widget-container\">\n\t\t\t\t\t\t\t\t\t<div class=\"elementor-button-wrapper\">\n\t\t\t\t\t<a class=\"elementor-button elementor-button-link elementor-size-md\" href=\"https:\/\/apecmodular.com\/fr\">\n\t\t\t\t\t\t<span class=\"elementor-button-content-wrapper\">\n\t\t\t\t\t\t\t\t\t<span class=\"elementor-button-text\">RETOUR \u00c0 LA PAGE D'ACCUEIL<\/span>\n\t\t\t\t\t<\/span>\n\t\t\t\t\t<\/a>\n\t\t\t\t<\/div>\n\t\t\t\t\t\t\t\t<\/div>\n\t\t\t\t<\/div>\n\t\t\t\t<\/div>\n\t\t\t\t<div class=\"elementor-element elementor-element-cc06ca3 elementor-widget__width-initial elementor-widget elementor-widget-heading\" data-id=\"cc06ca3\" data-element_type=\"widget\" data-widget_type=\"heading.default\">\n\t\t\t\t<div class=\"elementor-widget-container\">\n\t\t\t\t\t<h2 class=\"elementor-heading-title elementor-size-default\">BUREAUX MOBILES\n<\/h2>\t\t\t\t<\/div>\n\t\t\t\t<\/div>\n\t\t\t\t\t<\/div>\n\t\t\t\t<\/div>\n\t\t\t\t\t<\/div>\n\t\t\t\t<\/div>\n\t\t<div class=\"elementor-element elementor-element-62f1aa6 e-flex e-con-boxed e-con e-parent\" data-id=\"62f1aa6\" data-element_type=\"container\" data-settings=\"{&quot;background_background&quot;:&quot;classic&quot;}\">\n\t\t\t\t\t<div class=\"e-con-inner\">\n\t\t<div class=\"elementor-element elementor-element-a72156b e-flex e-con-boxed e-con e-child\" data-id=\"a72156b\" data-element_type=\"container\">\n\t\t\t\t\t<div class=\"e-con-inner\">\n\t\t<div class=\"elementor-element elementor-element-ddd7b41 e-flex e-con-boxed e-con e-child\" data-id=\"ddd7b41\" data-element_type=\"container\">\n\t\t\t\t\t<div class=\"e-con-inner\">\n\t\t<div class=\"elementor-element elementor-element-5b2731c e-con-full e-flex e-con e-child\" data-id=\"5b2731c\" data-element_type=\"container\">\n\t\t\t\t<div class=\"elementor-element elementor-element-e8a1873 elementor-widget__width-initial elementor-widget-mobile__width-initial elementor-widget elementor-widget-heading\" data-id=\"e8a1873\" data-element_type=\"widget\" data-widget_type=\"heading.default\">\n\t\t\t\t<div class=\"elementor-widget-container\">\n\t\t\t\t\t<span class=\"elementor-heading-title elementor-size-default\">\n\nChez Apec Modular, leader dans la fabrication de b\u00e2timents modulaires, nous produisons des b\u00e2timents administratifs modulaires \u00e0 un ou plusieurs \u00e9tages, fabriqu\u00e9s avec des mat\u00e9riaux de haute qualit\u00e9 et une technologie de pointe, tout en respectant les sp\u00e9cifications techniques du client et en suivant les conditions souhait\u00e9es, et nous livrons dans les d\u00e9lais convenus.\n<br><br>\nLes unit\u00e9s de bureau modulaires qui r\u00e9pondent \u00e0 tous les besoins en mati\u00e8re d'utilisation fonctionnelle sont produites sous forme de monoblocs en peu de temps et exp\u00e9di\u00e9es sur le site du projet, pr\u00eates \u00e0 l'emploi. L'installation de b\u00e2timents administratifs, de salles de r\u00e9union et de conf\u00e9rence ou de modules de bureaux combin\u00e9s, pr\u00e9vus pour \u00eatre de plus grande taille, peuvent \u00eatre r\u00e9alis\u00e9s gr\u00e2ce \u00e0 des d\u00e9tails d'assemblage faciles pour former les \u00e9l\u00e9ments principaux du b\u00e2timent sur le site du projet. L'installation, l'assemblage et la mise en service peuvent \u00eatre facilement r\u00e9alis\u00e9s par notre personnel\/superviseur expert, et le b\u00e2timent principal est livr\u00e9 pr\u00eat \u00e0 l'emploi \u00e0 nos clients nationaux ou internationaux.\n<\/span>\t\t\t\t<\/div>\n\t\t\t\t<\/div>\n\t\t\t\t<\/div>\n\t\t\t\t\t<\/div>\n\t\t\t\t<\/div>\n\t\t\t\t\t<\/div>\n\t\t\t\t<\/div>\n\t\t\t\t\t<\/div>\n\t\t\t\t<\/div>\n\t\t<div class=\"elementor-element elementor-element-2e69a9d e-flex e-con-boxed e-con e-child\" data-id=\"2e69a9d\" data-element_type=\"container\">\n\t\t\t\t\t<div class=\"e-con-inner\">\n\t\t<div class=\"elementor-element elementor-element-6bca090 e-flex e-con-boxed e-con e-child\" data-id=\"6bca090\" data-element_type=\"container\">\n\t\t\t\t\t<div class=\"e-con-inner\">\n\t\t\t\t<div class=\"elementor-element elementor-element-263f18c gallery-spacing-custom elementor-widget__width-initial elementor-widget elementor-widget-image-gallery\" data-id=\"263f18c\" data-element_type=\"widget\" data-widget_type=\"image-gallery.default\">\n\t\t\t\t<div class=\"elementor-widget-container\">\n\t\t\t\t\t\t\t<div class=\"elementor-image-gallery\">\n\t\t\t<div id='gallery-1' class='gallery galleryid-13295 gallery-columns-2 gallery-size-medium_large'><figure class='gallery-item'>\n\t\t\t<div class='gallery-icon landscape'>\n\t\t\t\t<a data-elementor-open-lightbox=\"yes\" data-elementor-lightbox-slideshow=\"263f18c\" data-elementor-lightbox-title=\"cccccc-1.webp\" data-e-action-hash=\"#elementor-action%3Aaction%3Dlightbox%26settings%3DeyJpZCI6MTQ2NjAsInVybCI6Imh0dHBzOlwvXC9hcGVjbW9kdWxhci5jb21cL3dwLWNvbnRlbnRcL3VwbG9hZHNcLzIwMjRcLzA1XC9jY2NjY2MtMS0xLndlYnAiLCJzbGlkZXNob3ciOiIyNjNmMThjIn0%3D\" href='https:\/\/apecmodular.com\/wp-content\/uploads\/2024\/05\/cccccc-1-1.webp'><img decoding=\"async\" width=\"768\" height=\"500\" src=\"https:\/\/apecmodular.com\/wp-content\/uploads\/2024\/05\/cccccc-1-1-768x500.webp\" class=\"attachment-medium_large size-medium_large\" alt=\"\" srcset=\"https:\/\/apecmodular.com\/wp-content\/uploads\/2024\/05\/cccccc-1-1-768x500.webp 768w, https:\/\/apecmodular.com\/wp-content\/uploads\/2024\/05\/cccccc-1-1-300x195.webp 300w, https:\/\/apecmodular.com\/wp-content\/uploads\/2024\/05\/cccccc-1-1-1024x666.webp 1024w, https:\/\/apecmodular.com\/wp-content\/uploads\/2024\/05\/cccccc-1-1.webp 1280w\" sizes=\"(max-width: 768px) 100vw, 768px\" title=\"\"><\/a>\n\t\t\t<\/div><\/figure><figure class='gallery-item'>\n\t\t\t<div class='gallery-icon landscape'>\n\t\t\t\t<a data-elementor-open-lightbox=\"yes\" data-elementor-lightbox-slideshow=\"263f18c\" data-elementor-lightbox-title=\"shutterstock_2298335903-1.webp\" data-e-action-hash=\"#elementor-action%3Aaction%3Dlightbox%26settings%3DeyJpZCI6MTQ2NjUsInVybCI6Imh0dHBzOlwvXC9hcGVjbW9kdWxhci5jb21cL3dwLWNvbnRlbnRcL3VwbG9hZHNcLzIwMjRcLzA1XC9zaHV0dGVyc3RvY2tfMjI5ODMzNTkwMy0xLTEud2VicCIsInNsaWRlc2hvdyI6IjI2M2YxOGMifQ%3D%3D\" href='https:\/\/apecmodular.com\/wp-content\/uploads\/2024\/05\/shutterstock_2298335903-1-1.webp'><img decoding=\"async\" width=\"768\" height=\"500\" src=\"https:\/\/apecmodular.com\/wp-content\/uploads\/2024\/05\/shutterstock_2298335903-1-1-768x500.webp\" class=\"attachment-medium_large size-medium_large\" alt=\"\" srcset=\"https:\/\/apecmodular.com\/wp-content\/uploads\/2024\/05\/shutterstock_2298335903-1-1-768x500.webp 768w, https:\/\/apecmodular.com\/wp-content\/uploads\/2024\/05\/shutterstock_2298335903-1-1-300x195.webp 300w, https:\/\/apecmodular.com\/wp-content\/uploads\/2024\/05\/shutterstock_2298335903-1-1-1024x667.webp 1024w, https:\/\/apecmodular.com\/wp-content\/uploads\/2024\/05\/shutterstock_2298335903-1-1.webp 1280w\" sizes=\"(max-width: 768px) 100vw, 768px\" title=\"\"><\/a>\n\t\t\t<\/div><\/figure>\n\t\t<\/div>\n\t\t<\/div>\n\t\t\t\t\t\t<\/div>\n\t\t\t\t<\/div>\n\t\t\t\t\t<\/div>\n\t\t\t\t<\/div>\n\t\t\t\t\t<\/div>\n\t\t\t\t<\/div>\n\t\t\t\t<\/div>\n\t\t","protected":false},"excerpt":{"rendered":"<p>RETOUR \u00c0 LA PAGE D&rsquo;ACCUEIL BUREAUX MOBILES Chez Apec Modular, leader dans la fabrication de b\u00e2timents modulaires, nous produisons des b\u00e2timents administratifs modulaires \u00e0 un ou plusieurs \u00e9tages, fabriqu\u00e9s avec des mat\u00e9riaux de haute qualit\u00e9 et une technologie de pointe, tout en respectant les sp\u00e9cifications techniques du client et en suivant les conditions souhait\u00e9es, et [&hellip;]<\/p>\n","protected":false},"author":1,"featured_media":0,"parent":0,"menu_order":0,"comment_status":"closed","ping_status":"closed","template":"","meta":{"inline_featured_image":false,"footnotes":""},"class_list":["post-13295","page","type-page","status-publish","hentry"],"_links":{"self":[{"href":"https:\/\/apecmodular.com\/fr\/wp-json\/wp\/v2\/pages\/13295","targetHints":{"allow":["GET"]}}],"collection":[{"href":"https:\/\/apecmodular.com\/fr\/wp-json\/wp\/v2\/pages"}],"about":[{"href":"https:\/\/apecmodular.com\/fr\/wp-json\/wp\/v2\/types\/page"}],"author":[{"embeddable":true,"href":"https:\/\/apecmodular.com\/fr\/wp-json\/wp\/v2\/users\/1"}],"replies":[{"embeddable":true,"href":"https:\/\/apecmodular.com\/fr\/wp-json\/wp\/v2\/comments?post=13295"}],"version-history":[{"count":0,"href":"https:\/\/apecmodular.com\/fr\/wp-json\/wp\/v2\/pages\/13295\/revisions"}],"wp:attachment":[{"href":"https:\/\/apecmodular.com\/fr\/wp-json\/wp\/v2\/media?parent=13295"}],"curies":[{"name":"wp","href":"https:\/\/api.w.org\/{rel}","templated":true}]}}