{"id":13307,"date":"2026-01-26T12:49:11","date_gmt":"2026-01-26T09:49:11","guid":{"rendered":"https:\/\/apecmodular.com\/multeci-kamplari\/"},"modified":"2024-12-02T12:51:13","modified_gmt":"2024-12-02T09:51:13","slug":"camp-de-refugies-modulaire","status":"publish","type":"page","link":"https:\/\/apecmodular.com\/fr\/camp-de-refugies-modulaire\/","title":{"rendered":"CAMPS D&rsquo;IMMIGR\u00c9S"},"content":{"rendered":"\t\t<div data-elementor-type=\"wp-page\" data-elementor-id=\"13307\" class=\"elementor elementor-13307 elementor-12540\" data-elementor-post-type=\"page\">\n\t\t\t\t<div class=\"elementor-element elementor-element-d00cb1c e-con-full e-flex e-con e-parent\" data-id=\"d00cb1c\" data-element_type=\"container\">\n\t\t\t\t<div class=\"elementor-element elementor-element-1477025 elementor-widget elementor-widget-image\" data-id=\"1477025\" data-element_type=\"widget\" data-widget_type=\"image.default\">\n\t\t\t\t<div class=\"elementor-widget-container\">\n\t\t\t\t\t\t\t\t\t\t\t\t\t\t\t<img fetchpriority=\"high\" decoding=\"async\" width=\"800\" height=\"445\" src=\"https:\/\/apecmodular.com\/wp-content\/uploads\/2024\/01\/Anasayfa-Gorseli-1-1-1024x569.jpg\" class=\"attachment-large size-large wp-image-7651\" alt=\"\" srcset=\"https:\/\/apecmodular.com\/wp-content\/uploads\/2024\/01\/Anasayfa-Gorseli-1-1-1024x569.jpg 1024w, https:\/\/apecmodular.com\/wp-content\/uploads\/2024\/01\/Anasayfa-Gorseli-1-1-300x167.jpg 300w, https:\/\/apecmodular.com\/wp-content\/uploads\/2024\/01\/Anasayfa-Gorseli-1-1-768x427.jpg 768w, https:\/\/apecmodular.com\/wp-content\/uploads\/2024\/01\/Anasayfa-Gorseli-1-1-1536x853.jpg 1536w, https:\/\/apecmodular.com\/wp-content\/uploads\/2024\/01\/Anasayfa-Gorseli-1-1-2048x1138.jpg 2048w\" sizes=\"(max-width: 800px) 100vw, 800px\" title=\"\">\t\t\t\t\t\t\t\t\t\t\t\t\t\t\t<\/div>\n\t\t\t\t<\/div>\n\t\t\t\t<\/div>\n\t\t<div class=\"elementor-element elementor-element-ca2ef15 e-flex e-con-boxed e-con e-parent\" data-id=\"ca2ef15\" data-element_type=\"container\" data-settings=\"{&quot;background_background&quot;:&quot;classic&quot;}\">\n\t\t\t\t\t<div class=\"e-con-inner\">\n\t\t<div class=\"elementor-element elementor-element-0fe0b70 e-flex e-con-boxed e-con e-child\" data-id=\"0fe0b70\" data-element_type=\"container\" data-settings=\"{&quot;background_background&quot;:&quot;classic&quot;}\">\n\t\t\t\t\t<div class=\"e-con-inner\">\n\t\t<div class=\"elementor-element elementor-element-d31fe68 e-con-full e-flex e-con e-child\" data-id=\"d31fe68\" data-element_type=\"container\">\n\t\t\t\t<div class=\"elementor-element elementor-element-62aebd9 elementor-widget__width-initial elementor-align-right elementor-widget elementor-widget-button\" data-id=\"62aebd9\" data-element_type=\"widget\" data-widget_type=\"button.default\">\n\t\t\t\t<div class=\"elementor-widget-container\">\n\t\t\t\t\t\t\t\t\t<div class=\"elementor-button-wrapper\">\n\t\t\t\t\t<a class=\"elementor-button elementor-button-link elementor-size-md\" href=\"https:\/\/apecmodular.com\/fr\">\n\t\t\t\t\t\t<span class=\"elementor-button-content-wrapper\">\n\t\t\t\t\t\t\t\t\t<span class=\"elementor-button-text\">RETOUR \u00c0 LA PAGE D'ACCUEIL<\/span>\n\t\t\t\t\t<\/span>\n\t\t\t\t\t<\/a>\n\t\t\t\t<\/div>\n\t\t\t\t\t\t\t\t<\/div>\n\t\t\t\t<\/div>\n\t\t\t\t<\/div>\n\t\t\t\t<div class=\"elementor-element elementor-element-cc06ca3 elementor-widget__width-initial elementor-widget elementor-widget-heading\" data-id=\"cc06ca3\" data-element_type=\"widget\" data-widget_type=\"heading.default\">\n\t\t\t\t<div class=\"elementor-widget-container\">\n\t\t\t\t\t<h2 class=\"elementor-heading-title elementor-size-default\">CAMPS DE R\u00c9FUGI\u00c9S\n<\/h2>\t\t\t\t<\/div>\n\t\t\t\t<\/div>\n\t\t\t\t\t<\/div>\n\t\t\t\t<\/div>\n\t\t\t\t\t<\/div>\n\t\t\t\t<\/div>\n\t\t<div class=\"elementor-element elementor-element-62f1aa6 e-flex e-con-boxed e-con e-parent\" data-id=\"62f1aa6\" data-element_type=\"container\" data-settings=\"{&quot;background_background&quot;:&quot;classic&quot;}\">\n\t\t\t\t\t<div class=\"e-con-inner\">\n\t\t<div class=\"elementor-element elementor-element-a72156b e-flex e-con-boxed e-con e-child\" data-id=\"a72156b\" data-element_type=\"container\">\n\t\t\t\t\t<div class=\"e-con-inner\">\n\t\t<div class=\"elementor-element elementor-element-ddd7b41 e-flex e-con-boxed e-con e-child\" data-id=\"ddd7b41\" data-element_type=\"container\">\n\t\t\t\t\t<div class=\"e-con-inner\">\n\t\t<div class=\"elementor-element elementor-element-5b2731c e-con-full e-flex e-con e-child\" data-id=\"5b2731c\" data-element_type=\"container\">\n\t\t\t\t<div class=\"elementor-element elementor-element-4914bef elementor-widget__width-initial elementor-widget-mobile__width-initial elementor-widget elementor-widget-heading\" data-id=\"4914bef\" data-element_type=\"widget\" data-widget_type=\"heading.default\">\n\t\t\t\t<div class=\"elementor-widget-container\">\n\t\t\t\t\t<span class=\"elementor-heading-title elementor-size-default\">Le probl\u00e8me du logement qui se pose dans des situations telles que la guerre et qui pousse les r\u00e9fugi\u00e9s \u00e0 \u00e9migrer doit \u00eatre r\u00e9solu par des unit\u00e9s d'installation d'urgence dans un d\u00e9lai tr\u00e8s court.\nLa production et l'installation rapide sont les \u00e9l\u00e9ments les plus importants pour l'\u00e9tablissement des camps de r\u00e9fugi\u00e9s.<BR><BR>\nLes syst\u00e8mes modulaires en kit \"flatpack\" sont la m\u00e9thode de construction la plus utilis\u00e9e dans les villes de r\u00e9fugi\u00e9s. Chez Apec Modular, notre grande capacit\u00e9 de production et nos comp\u00e9tences organisationnelles de haut niveau nous permettent de livrer des milliers de conteneurs de logement dans des d\u00e9lais tr\u00e8s courts.<BR><BR>\nDes b\u00e2timents appropri\u00e9s sont inclus dans ce syst\u00e8me en fonction des besoins en mati\u00e8re de logement, de services de sant\u00e9, de services d'\u00e9ducation et de services de stockage.\nNous continuons \u00e0 r\u00e9aliser de nombreux projets d'unit\u00e9s de logement d'urgence en Turquie et dans le monde, en produisant selon les normes internationales et en utilisant les technologies les plus r\u00e9centes.\n<\/span>\t\t\t\t<\/div>\n\t\t\t\t<\/div>\n\t\t\t\t<\/div>\n\t\t\t\t\t<\/div>\n\t\t\t\t<\/div>\n\t\t<div class=\"elementor-element elementor-element-9b5d199 e-flex e-con-boxed e-con e-child\" data-id=\"9b5d199\" data-element_type=\"container\">\n\t\t\t\t\t<div class=\"e-con-inner\">\n\t\t<div class=\"elementor-element elementor-element-56e7278 e-flex e-con-boxed e-con e-child\" data-id=\"56e7278\" data-element_type=\"container\">\n\t\t\t\t\t<div class=\"e-con-inner\">\n\t\t\t\t<div class=\"elementor-element elementor-element-6025e30 gallery-spacing-custom elementor-widget__width-initial elementor-widget elementor-widget-image-gallery\" data-id=\"6025e30\" data-element_type=\"widget\" data-widget_type=\"image-gallery.default\">\n\t\t\t\t<div class=\"elementor-widget-container\">\n\t\t\t\t\t\t\t<div class=\"elementor-image-gallery\">\n\t\t\t<div id='gallery-1' class='gallery galleryid-13307 gallery-columns-2 gallery-size-medium_large'><figure class='gallery-item'>\n\t\t\t<div class='gallery-icon landscape'>\n\t\t\t\t<a data-elementor-open-lightbox=\"yes\" data-elementor-lightbox-slideshow=\"6025e30\" data-elementor-lightbox-title=\"moduler (10)\" data-elementor-lightbox-description=\"Modular Refugee Housing Units\" data-e-action-hash=\"#elementor-action%3Aaction%3Dlightbox%26settings%3DeyJpZCI6OTQ0NiwidXJsIjoiaHR0cHM6XC9cL2FwZWNtb2R1bGFyLmNvbVwvd3AtY29udGVudFwvdXBsb2Fkc1wvMjAyNFwvMDJcL21vZHVsZXItMTAud2VicCIsInNsaWRlc2hvdyI6IjYwMjVlMzAifQ%3D%3D\" href='https:\/\/apecmodular.com\/wp-content\/uploads\/2024\/02\/moduler-10.webp'><img decoding=\"async\" width=\"768\" height=\"461\" src=\"https:\/\/apecmodular.com\/wp-content\/uploads\/2024\/02\/moduler-10-768x461.webp\" class=\"attachment-medium_large size-medium_large\" alt=\"Modular Refugee Housing Units\" aria-describedby=\"gallery-1-9446\" srcset=\"https:\/\/apecmodular.com\/wp-content\/uploads\/2024\/02\/moduler-10-768x461.webp 768w, https:\/\/apecmodular.com\/wp-content\/uploads\/2024\/02\/moduler-10-300x180.webp 300w, https:\/\/apecmodular.com\/wp-content\/uploads\/2024\/02\/moduler-10-1024x614.webp 1024w, https:\/\/apecmodular.com\/wp-content\/uploads\/2024\/02\/moduler-10.webp 1200w\" sizes=\"(max-width: 768px) 100vw, 768px\" title=\"\"><\/a>\n\t\t\t<\/div>\n\t\t\t\t<figcaption class='wp-caption-text gallery-caption' id='gallery-1-9446'>\n\t\t\t\tModular Refugee Housing Units\n\t\t\t\t<\/figcaption><\/figure><figure class='gallery-item'>\n\t\t\t<div class='gallery-icon landscape'>\n\t\t\t\t<a data-elementor-open-lightbox=\"yes\" data-elementor-lightbox-slideshow=\"6025e30\" data-elementor-lightbox-title=\"moduler (11)\" data-elementor-lightbox-description=\"Modular Refugee Housing Units\" data-e-action-hash=\"#elementor-action%3Aaction%3Dlightbox%26settings%3DeyJpZCI6OTQ1MSwidXJsIjoiaHR0cHM6XC9cL2FwZWNtb2R1bGFyLmNvbVwvd3AtY29udGVudFwvdXBsb2Fkc1wvMjAyNFwvMDJcL21vZHVsZXItMTEud2VicCIsInNsaWRlc2hvdyI6IjYwMjVlMzAifQ%3D%3D\" href='https:\/\/apecmodular.com\/wp-content\/uploads\/2024\/02\/moduler-11.webp'><img decoding=\"async\" width=\"768\" height=\"469\" src=\"https:\/\/apecmodular.com\/wp-content\/uploads\/2024\/02\/moduler-11-768x469.webp\" class=\"attachment-medium_large size-medium_large\" alt=\"Modular Refugee Housing Units\" aria-describedby=\"gallery-1-9451\" srcset=\"https:\/\/apecmodular.com\/wp-content\/uploads\/2024\/02\/moduler-11-768x469.webp 768w, https:\/\/apecmodular.com\/wp-content\/uploads\/2024\/02\/moduler-11-300x183.webp 300w, https:\/\/apecmodular.com\/wp-content\/uploads\/2024\/02\/moduler-11-1024x626.webp 1024w, https:\/\/apecmodular.com\/wp-content\/uploads\/2024\/02\/moduler-11.webp 1178w\" sizes=\"(max-width: 768px) 100vw, 768px\" title=\"\"><\/a>\n\t\t\t<\/div>\n\t\t\t\t<figcaption class='wp-caption-text gallery-caption' id='gallery-1-9451'>\n\t\t\t\tModular Refugee Housing Units\n\t\t\t\t<\/figcaption><\/figure>\n\t\t<\/div>\n\t\t<\/div>\n\t\t\t\t\t\t<\/div>\n\t\t\t\t<\/div>\n\t\t\t\t\t<\/div>\n\t\t\t\t<\/div>\n\t\t\t\t\t<\/div>\n\t\t\t\t<\/div>\n\t\t\t\t\t<\/div>\n\t\t\t\t<\/div>\n\t\t\t\t\t<\/div>\n\t\t\t\t<\/div>\n\t\t\t\t<\/div>\n\t\t","protected":false},"excerpt":{"rendered":"<p>RETOUR \u00c0 LA PAGE D&rsquo;ACCUEIL CAMPS DE R\u00c9FUGI\u00c9S Le probl\u00e8me du logement qui se pose dans des situations telles que la guerre et qui pousse les r\u00e9fugi\u00e9s \u00e0 \u00e9migrer doit \u00eatre r\u00e9solu par des unit\u00e9s d&rsquo;installation d&rsquo;urgence dans un d\u00e9lai tr\u00e8s court. La production et l&rsquo;installation rapide sont les \u00e9l\u00e9ments les plus importants pour l&rsquo;\u00e9tablissement [&hellip;]<\/p>\n","protected":false},"author":1,"featured_media":0,"parent":0,"menu_order":0,"comment_status":"closed","ping_status":"closed","template":"","meta":{"inline_featured_image":false,"footnotes":""},"class_list":["post-13307","page","type-page","status-publish","hentry"],"_links":{"self":[{"href":"https:\/\/apecmodular.com\/fr\/wp-json\/wp\/v2\/pages\/13307","targetHints":{"allow":["GET"]}}],"collection":[{"href":"https:\/\/apecmodular.com\/fr\/wp-json\/wp\/v2\/pages"}],"about":[{"href":"https:\/\/apecmodular.com\/fr\/wp-json\/wp\/v2\/types\/page"}],"author":[{"embeddable":true,"href":"https:\/\/apecmodular.com\/fr\/wp-json\/wp\/v2\/users\/1"}],"replies":[{"embeddable":true,"href":"https:\/\/apecmodular.com\/fr\/wp-json\/wp\/v2\/comments?post=13307"}],"version-history":[{"count":0,"href":"https:\/\/apecmodular.com\/fr\/wp-json\/wp\/v2\/pages\/13307\/revisions"}],"wp:attachment":[{"href":"https:\/\/apecmodular.com\/fr\/wp-json\/wp\/v2\/media?parent=13307"}],"curies":[{"name":"wp","href":"https:\/\/api.w.org\/{rel}","templated":true}]}}