{"id":23998,"date":"2025-07-28T13:18:52","date_gmt":"2025-07-28T10:18:52","guid":{"rendered":"https:\/\/apecmodular.com\/?page_id=23998"},"modified":"2025-07-29T15:02:53","modified_gmt":"2025-07-29T12:02:53","slug":"politique-de-confidentialite","status":"publish","type":"page","link":"https:\/\/apecmodular.com\/fr\/politique-de-confidentialite\/","title":{"rendered":"Politique de confidentialit\u00e9"},"content":{"rendered":"\t\t<div data-elementor-type=\"wp-page\" data-elementor-id=\"23998\" class=\"elementor elementor-23998 elementor-23917\" data-elementor-post-type=\"page\">\n\t\t\t\t<div class=\"elementor-element elementor-element-d1b5213 e-flex e-con-boxed e-con e-parent\" data-id=\"d1b5213\" data-element_type=\"container\" data-settings=\"{&quot;background_background&quot;:&quot;classic&quot;}\">\n\t\t\t\t\t<div class=\"e-con-inner\">\n\t\t\t\t\t<\/div>\n\t\t\t\t<\/div>\n\t\t<div class=\"elementor-element elementor-element-79e5683 e-con-full e-flex e-con e-parent\" data-id=\"79e5683\" data-element_type=\"container\" data-settings=\"{&quot;background_background&quot;:&quot;classic&quot;}\">\n\t\t<div class=\"elementor-element elementor-element-94bf847 e-flex e-con-boxed elementor-invisible e-con e-child\" data-id=\"94bf847\" data-element_type=\"container\" data-settings=\"{&quot;background_background&quot;:&quot;classic&quot;,&quot;animation&quot;:&quot;fadeInUp&quot;}\">\n\t\t\t\t\t<div class=\"e-con-inner\">\n\t\t\t\t<div class=\"elementor-element elementor-element-39e0efc elementor-widget elementor-widget-heading\" data-id=\"39e0efc\" data-element_type=\"widget\" data-widget_type=\"heading.default\">\n\t\t\t\t<div class=\"elementor-widget-container\">\n\t\t\t\t\t<h1 class=\"elementor-heading-title elementor-size-default\">Politique de confidentialit\u00e9<\/h1>\t\t\t\t<\/div>\n\t\t\t\t<\/div>\n\t\t\t\t\t<\/div>\n\t\t\t\t<\/div>\n\t\t\t\t<\/div>\n\t\t<div class=\"elementor-element elementor-element-68be350 e-flex e-con-boxed e-con e-parent\" data-id=\"68be350\" data-element_type=\"container\">\n\t\t\t\t\t<div class=\"e-con-inner\">\n\t\t\t\t<div class=\"elementor-element elementor-element-f97a493 elementor-widget elementor-widget-heading\" data-id=\"f97a493\" data-element_type=\"widget\" data-widget_type=\"heading.default\">\n\t\t\t\t<div class=\"elementor-widget-container\">\n\t\t\t\t\t<h2 class=\"elementor-heading-title elementor-size-default\">Politique de confidentialit\u00e9 d'Apec Modular<\/h2>\t\t\t\t<\/div>\n\t\t\t\t<\/div>\n\t\t\t\t\t<\/div>\n\t\t\t\t<\/div>\n\t\t<div class=\"elementor-element elementor-element-7f8b4b0 e-flex e-con-boxed e-con e-parent\" data-id=\"7f8b4b0\" data-element_type=\"container\">\n\t\t\t\t\t<div class=\"e-con-inner\">\n\t\t\t\t<div class=\"elementor-element elementor-element-f4eadd6 elementor-widget elementor-widget-text-editor\" data-id=\"f4eadd6\" data-element_type=\"widget\" data-widget_type=\"text-editor.default\">\n\t\t\t\t<div class=\"elementor-widget-container\">\n\t\t\t\t\t\t\t\t\t<p><b>Derni\u00e8re mise \u00e0 jour : 24 juillet 2025<\/b><\/p><p>Apec Modular (\u00ab l&rsquo;Entreprise \u00bb, \u00ab nous \u00bb, \u00ab notre \u00bb ou \u00ab nos \u00bb) s&rsquo;engage \u00e0 prot\u00e9ger la confidentialit\u00e9 et la s\u00e9curit\u00e9 des donn\u00e9es personnelles de ses utilisateurs. Cette Politique de confidentialit\u00e9 d\u00e9crit la mani\u00e8re dont nous collectons, utilisons, divulguons et prot\u00e9geons vos informations lorsque vous visitez notre site web, apecmodular.com (le \u00ab Site \u00bb). Veuillez lire attentivement cette politique. Si vous n&rsquo;\u00eates pas d&rsquo;accord avec les termes de cette politique de confidentialit\u00e9, veuillez ne pas acc\u00e9der au site.<\/p><p>Cette politique est pr\u00e9par\u00e9e en tenant compte des principes internationaux de protection des donn\u00e9es, y compris le R\u00e8glement G\u00e9n\u00e9ral sur la Protection des Donn\u00e9es (RGPD).<\/p><p><b>1. Donn\u00e9es que nous collectons<\/b><\/p><p>Nous pouvons collecter des informations vous concernant de diverses mani\u00e8res. Les informations que nous pouvons collecter sur le Site incluent :<\/p><ul><li><p><b>Informations personnellement identifiables :<\/b> Les informations telles que votre nom, votre adresse e-mail, votre num\u00e9ro de t\u00e9l\u00e9phone et votre titre professionnel que vous nous fournissez volontairement lorsque vous remplissez un formulaire de contact, demandez un devis ou communiquez directement avec nous d&rsquo;une autre mani\u00e8re.<\/p><\/li><li><p><b>Donn\u00e9es d\u00e9riv\u00e9es :<\/b> Les informations que nos serveurs collectent automatiquement lorsque vous acc\u00e9dez au Site, telles que votre adresse IP, votre type de navigateur, votre syst\u00e8me d&rsquo;exploitation, vos heures d&rsquo;acc\u00e8s et les pages que vous avez consult\u00e9es juste avant et apr\u00e8s avoir acc\u00e9d\u00e9 au Site.<\/p><\/li><li><p><b>Donn\u00e9es d&rsquo;utilisation :<\/b> Les informations sur la mani\u00e8re dont vous utilisez notre Site, telles que les produits et services qui vous int\u00e9ressent.<\/p><\/li><li><p><b>Donn\u00e9es de marketing et de communication :<\/b> Vos pr\u00e9f\u00e9rences en mati\u00e8re de r\u00e9ception de communications marketing de notre part et vos pr\u00e9f\u00e9rences de communication.<\/p><\/li><\/ul><p><b>2. Comment nous collectons vos donn\u00e9es<\/b><\/p><p>Nous utilisons les m\u00e9thodes suivantes pour collecter des donn\u00e9es de votre part et \u00e0 votre sujet :<\/p><ul><li><p><b>Interactions directes :<\/b> Vous pouvez nous fournir votre identit\u00e9 et vos coordonn\u00e9es en remplissant des formulaires sur notre Site (par ex., formulaires de contact ou de demande de devis) ou en correspondant avec nous par courrier postal, t\u00e9l\u00e9phone ou e-mail.<\/p><\/li><li><p><b>Technologies ou interactions automatis\u00e9es :<\/b> Lorsque vous interagissez avec notre Site, nous pouvons collecter automatiquement des donn\u00e9es techniques sur votre \u00e9quipement, vos actions de navigation et vos habitudes. Nous collectons ces donn\u00e9es personnelles en utilisant des cookies et d&rsquo;autres technologies similaires. Veuillez consulter notre Politique sur les cookies pour plus de d\u00e9tails.<\/p><\/li><\/ul><p><b>3. Base l\u00e9gale pour le traitement des donn\u00e9es personnelles<\/b><\/p><p>Nous n&rsquo;utiliserons vos donn\u00e9es personnelles que lorsque la loi nous y autorise. Le plus souvent, nous utiliserons vos donn\u00e9es personnelles dans les circonstances suivantes :<\/p><ul><li><p>Lorsque nous devons ex\u00e9cuter le contrat que nous sommes sur le point de conclure ou que nous avons conclu avec vous.<\/p><\/li><li><p>Lorsque cela est <span class=\"citation-61 citation-end-61\">n\u00e9cessaire pour nos int\u00e9r\u00eats l\u00e9gitimes (ou ceux d&rsquo;un tiers) et que vos int\u00e9r\u00eats et droits fondamentaux ne pr\u00e9valent pas sur ces int\u00e9r\u00eats.<\/span><\/p><div class=\"source-inline-chip-container ng-star-inserted\">\u00a0<\/div><\/li><li><p><span class=\"citation-60 citation-end-60\">Lorsque nous devons nous conformer \u00e0 une obligation l\u00e9gale ou r\u00e9glementaire.<\/span><\/p><div class=\"source-inline-chip-container ng-star-inserted\">\u00a0<\/div><\/li><li><p>Lorsque vous avez donn\u00e9 votre consentement explicite \u00e0 cet effet.<\/p><\/li><\/ul><p><b>4. Comment nous utilisons vos informations<\/b><\/p><p>Disposer d&rsquo;informations exactes \u00e0 votre sujet nous permet de vous offrir une exp\u00e9rience fluide, efficace et personnalis\u00e9e. Plus pr\u00e9cis\u00e9ment, nous pouvons utiliser les informations collect\u00e9es \u00e0 votre sujet via le Site pour :<\/p><ul><li><p>Vous fournir des informations et des devis pour les produits et services que vous avez demand\u00e9s.<\/p><\/li><li><p>R\u00e9pondre \u00e0 vos demandes de renseignements et satisfaire vos requ\u00eates.<\/p><\/li><li><p>Analyser la performance de notre site web et am\u00e9liorer l&rsquo;exp\u00e9rience utilisateur.<\/p><\/li><li><p>Vous envoyer des informations promotionnelles sur nos services, nos nouveaux produits et d&rsquo;autres informations que nous pensons susceptibles de vous int\u00e9resser (lorsque vous y avez consenti).<\/p><\/li><li><p>Nous conformer aux obligations l\u00e9gales et r\u00e9pondre aux demandes des autorit\u00e9s publiques et gouvernementales.<\/p><\/li><li><p>G\u00e9rer et am\u00e9liorer nos op\u00e9rations commerciales.<\/p><\/li><\/ul><p><b>5. Divulgation de vos informations<\/b><\/p><p>Nous ne partageons, ne vendons, ne louons ni n&rsquo;\u00e9changeons vos informations avec des tiers \u00e0 des fins commerciales. Nous pouvons partager les informations que nous avons collect\u00e9es \u00e0 votre sujet dans certaines situations :<\/p><ul><li><p><b>En vertu de la loi ou pour prot\u00e9ger des droits :<\/b> Si nous estimons que la divulgation d&rsquo;informations vous concernant est n\u00e9cessaire pour r\u00e9pondre \u00e0 une proc\u00e9dure judiciaire, pour enqu\u00eater sur des violations potentielles de nos politiques ou y rem\u00e9dier, ou pour prot\u00e9ger les droits, la propri\u00e9t\u00e9 et la s\u00e9curit\u00e9 d&rsquo;autrui, nous pouvons partager vos informations comme le permet ou l&rsquo;exige toute loi, r\u00e8gle ou r\u00e9glementation applicable.<\/p><\/li><li><p><b>Fournisseurs de services tiers :<\/b> Nous pouvons partager vos informations avec des tiers qui fournissent des services pour nous ou en notre nom, y compris des services informatiques, d&rsquo;h\u00e9bergement, de marketing et d&rsquo;analyse de donn\u00e9es.<\/p><\/li><li><p><b>Transferts d&rsquo;entreprise :<\/b> Nous pouvons partager ou transf\u00e9rer vos informations dans le cadre de, ou pendant les n\u00e9gociations de, toute fusion, vente d&rsquo;actifs de l&rsquo;entreprise, financement ou acquisition de tout ou partie de notre entreprise par une autre soci\u00e9t\u00e9.<\/p><\/li><\/ul><p><b>6. S\u00e9curit\u00e9 et conservation des donn\u00e9es<\/b><\/p><p>Nous utilisons des mesures de s\u00e9curit\u00e9 administratives, techniques et physiques pour aider \u00e0 prot\u00e9ger vos donn\u00e9es personnelles contre l&rsquo;acc\u00e8s, l&rsquo;utilisation ou la divulgation non autoris\u00e9s. Nous ne conserverons vos donn\u00e9es personnelles qu&rsquo;aussi longtemps que n\u00e9cessaire pour atteindre les finalit\u00e9s pour lesquelles nous les avons collect\u00e9es, y compris pour satisfaire \u00e0 toute exigence l\u00e9gale, comptable ou de reporting.<\/p><p><b>7. Vos droits en mati\u00e8re de protection des donn\u00e9es<\/b><\/p><p>En fonction de votre localisation (en particulier si vous vous trouvez dans l&rsquo;Espace \u00e9conomique europ\u00e9en &#8211; EEE), vous disposez de certains droits en vertu des lois sur la protection des donn\u00e9es. Ceux-ci peuvent inclure le droit de :<\/p><ul><li><p>Demander l&rsquo;acc\u00e8s \u00e0 vos donn\u00e9es personnelles.<\/p><\/li><li><p>Demander la rectification des donn\u00e9es personnelles que nous d\u00e9tenons \u00e0 votre sujet.<\/p><\/li><li><p>Demander l&rsquo;effacement de vos donn\u00e9es personnelles.<\/p><\/li><li><p>Vous opposer au traitement de vos donn\u00e9es personnelles.<\/p><\/li><li><p>Demander la limitation du traitement de vos donn\u00e9es personnelles.<\/p><\/li><li><p>Demander le transfert de vos donn\u00e9es personnelles \u00e0 vous-m\u00eame ou \u00e0 un tiers.<\/p><\/li><li><p>Retirer votre consentement \u00e0 tout moment lorsque nous nous fondons sur le consentement pour traiter vos donn\u00e9es personnelles.<\/p><\/li><\/ul><p>Pour exercer ces droits, veuillez nous contacter en utilisant les coordonn\u00e9es ci-dessous.<\/p><p><b>8. Nous contacter<\/b><\/p><p>Si vous avez des questions ou des commentaires sur cette Politique de confidentialit\u00e9, veuillez nous contacter \u00e0 :<\/p><p><b>Adresse :<\/b> Maslak Mah. Saat Sk. No:5, Spine Tower, Kat 17 Sar\u0131yer, \u0130stanbul TURQUIE <b>T\u00e9l\u00e9phone :<\/b> +90 212 280 22 10 <b>E-mail :<\/b> [info@apecmodular.com]<\/p>\t\t\t\t\t\t\t\t<\/div>\n\t\t\t\t<\/div>\n\t\t\t\t\t<\/div>\n\t\t\t\t<\/div>\n\t\t\t\t<\/div>\n\t\t","protected":false},"excerpt":{"rendered":"<p>Politique de confidentialit\u00e9 Politique de confidentialit\u00e9 d&rsquo;Apec Modular Derni\u00e8re mise \u00e0 jour : 24 juillet 2025 Apec Modular (\u00ab l&rsquo;Entreprise \u00bb, \u00ab nous \u00bb, \u00ab notre \u00bb ou \u00ab nos \u00bb) s&rsquo;engage \u00e0 prot\u00e9ger la confidentialit\u00e9 et la s\u00e9curit\u00e9 des donn\u00e9es personnelles de ses utilisateurs. Cette Politique de confidentialit\u00e9 d\u00e9crit la mani\u00e8re dont nous collectons, [&hellip;]<\/p>\n","protected":false},"author":1,"featured_media":0,"parent":0,"menu_order":0,"comment_status":"closed","ping_status":"closed","template":"","meta":{"inline_featured_image":false,"footnotes":""},"class_list":["post-23998","page","type-page","status-publish","hentry"],"_links":{"self":[{"href":"https:\/\/apecmodular.com\/fr\/wp-json\/wp\/v2\/pages\/23998","targetHints":{"allow":["GET"]}}],"collection":[{"href":"https:\/\/apecmodular.com\/fr\/wp-json\/wp\/v2\/pages"}],"about":[{"href":"https:\/\/apecmodular.com\/fr\/wp-json\/wp\/v2\/types\/page"}],"author":[{"embeddable":true,"href":"https:\/\/apecmodular.com\/fr\/wp-json\/wp\/v2\/users\/1"}],"replies":[{"embeddable":true,"href":"https:\/\/apecmodular.com\/fr\/wp-json\/wp\/v2\/comments?post=23998"}],"version-history":[{"count":0,"href":"https:\/\/apecmodular.com\/fr\/wp-json\/wp\/v2\/pages\/23998\/revisions"}],"wp:attachment":[{"href":"https:\/\/apecmodular.com\/fr\/wp-json\/wp\/v2\/media?parent=23998"}],"curies":[{"name":"wp","href":"https:\/\/api.w.org\/{rel}","templated":true}]}}