{"id":18119,"date":"2025-01-30T15:09:39","date_gmt":"2025-01-30T12:09:39","guid":{"rendered":"https:\/\/apecmodular.com\/?page_id=18119"},"modified":"2025-01-30T21:24:25","modified_gmt":"2025-01-30T18:24:25","slug":"strutture-campi-acciaio-leggero","status":"publish","type":"page","link":"https:\/\/apecmodular.com\/it\/strutture-campi-acciaio-leggero\/","title":{"rendered":"Strutture Campi Acciaio Leggero"},"content":{"rendered":"\t\t<div data-elementor-type=\"wp-page\" data-elementor-id=\"18119\" class=\"elementor elementor-18119 elementor-18095\" data-elementor-post-type=\"page\">\n\t\t\t\t<div class=\"elementor-element elementor-element-553c1fa e-con-full e-flex e-con e-parent\" data-id=\"553c1fa\" data-element_type=\"container\">\n\t\t\t\t<div class=\"elementor-element elementor-element-ca00419 elementor-widget elementor-widget-image\" data-id=\"ca00419\" data-element_type=\"widget\" data-widget_type=\"image.default\">\n\t\t\t\t<div class=\"elementor-widget-container\">\n\t\t\t\t\t\t\t\t\t\t\t\t\t\t\t<img fetchpriority=\"high\" decoding=\"async\" width=\"800\" height=\"600\" src=\"https:\/\/apecmodular.com\/wp-content\/uploads\/2024\/05\/GH-1-1-1024x768.webp\" class=\"attachment-large size-large wp-image-14607\" alt=\"\" srcset=\"https:\/\/apecmodular.com\/wp-content\/uploads\/2024\/05\/GH-1-1-1024x768.webp 1024w, https:\/\/apecmodular.com\/wp-content\/uploads\/2024\/05\/GH-1-1-300x225.webp 300w, https:\/\/apecmodular.com\/wp-content\/uploads\/2024\/05\/GH-1-1-768x576.webp 768w, https:\/\/apecmodular.com\/wp-content\/uploads\/2024\/05\/GH-1-1-1536x1152.webp 1536w, https:\/\/apecmodular.com\/wp-content\/uploads\/2024\/05\/GH-1-1.webp 1600w\" sizes=\"(max-width: 800px) 100vw, 800px\" title=\"\">\t\t\t\t\t\t\t\t\t\t\t\t\t\t\t<\/div>\n\t\t\t\t<\/div>\n\t\t\t\t<\/div>\n\t\t<div class=\"elementor-element elementor-element-ca2ef15 e-flex e-con-boxed e-con e-parent\" data-id=\"ca2ef15\" data-element_type=\"container\" data-settings=\"{&quot;background_background&quot;:&quot;classic&quot;}\">\n\t\t\t\t\t<div class=\"e-con-inner\">\n\t\t<div class=\"elementor-element elementor-element-0fe0b70 e-flex e-con-boxed e-con e-child\" data-id=\"0fe0b70\" data-element_type=\"container\" data-settings=\"{&quot;background_background&quot;:&quot;classic&quot;}\">\n\t\t\t\t\t<div class=\"e-con-inner\">\n\t\t<div class=\"elementor-element elementor-element-d31fe68 e-con-full e-flex e-con e-child\" data-id=\"d31fe68\" data-element_type=\"container\">\n\t\t\t\t<div class=\"elementor-element elementor-element-62aebd9 elementor-widget__width-initial elementor-align-right elementor-widget elementor-widget-button\" data-id=\"62aebd9\" data-element_type=\"widget\" data-widget_type=\"button.default\">\n\t\t\t\t<div class=\"elementor-widget-container\">\n\t\t\t\t\t\t\t\t\t<div class=\"elementor-button-wrapper\">\n\t\t\t\t\t<a class=\"elementor-button elementor-button-link elementor-size-md\" href=\"https:\/\/apecmodular.com\/\">\n\t\t\t\t\t\t<span class=\"elementor-button-content-wrapper\">\n\t\t\t\t\t\t\t\t\t<span class=\"elementor-button-text\">TORNA ALLA HOMEPAGE<\/span>\n\t\t\t\t\t<\/span>\n\t\t\t\t\t<\/a>\n\t\t\t\t<\/div>\n\t\t\t\t\t\t\t\t<\/div>\n\t\t\t\t<\/div>\n\t\t\t\t<\/div>\n\t\t\t\t<div class=\"elementor-element elementor-element-cc06ca3 elementor-widget__width-initial elementor-widget elementor-widget-heading\" data-id=\"cc06ca3\" data-element_type=\"widget\" data-widget_type=\"heading.default\">\n\t\t\t\t<div class=\"elementor-widget-container\">\n\t\t\t\t\t<h1 class=\"elementor-heading-title elementor-size-default\">STRUTTURE PER CAMPI IN ACCIAIO LEGGERO<\/h1>\t\t\t\t<\/div>\n\t\t\t\t<\/div>\n\t\t\t\t\t<\/div>\n\t\t\t\t<\/div>\n\t\t\t\t\t<\/div>\n\t\t\t\t<\/div>\n\t\t<div class=\"elementor-element elementor-element-8dc54a2 e-flex e-con-boxed e-con e-parent\" data-id=\"8dc54a2\" data-element_type=\"container\">\n\t\t\t\t\t<div class=\"e-con-inner\">\n\t\t\t\t<div class=\"elementor-element elementor-element-c1a09cc elementor-widget elementor-widget-text-editor\" data-id=\"c1a09cc\" data-element_type=\"widget\" data-widget_type=\"text-editor.default\">\n\t\t\t\t<div class=\"elementor-widget-container\">\n\t\t\t\t\t\t\t\t\t<p>L&#8217;<strong>acciaio leggero<\/strong>\u00a0\u00e8 un materiale da costruzione sempre pi\u00f9 preferito nel settore edile per la sua durabilit\u00e0 ed economicit\u00e0. Prodotto utilizzando lamiere o profilati sottili in acciaio, questo materiale rappresenta un&#8217;alternativa pi\u00f9 leggera ma altrettanto resistente rispetto alle tradizionali strutture in cemento armato e acciaio pesante. Grazie al suo basso peso, l&#8217;acciaio leggero facilita il trasporto e il montaggio, offrendo un grande vantaggio soprattutto nei progetti di costruzione rapida.<\/p><p>Uno dei principali vantaggi dell&#8217;acciaio \u00e8 la sua durabilit\u00e0. \u00c8 resistente alla decomposizione, agli insetti e alla formazione di muffe. Inoltre, l&#8217;acciaio offre un elevato livello di sicurezza contro disastri naturali come i terremoti, poich\u00e9 la combinazione di flessibilit\u00e0 e resistenza mantiene l&#8217;integrit\u00e0 della struttura. L&#8217;acciaio leggero si distingue anche come materiale ecologico: \u00e8 riciclabile e pu\u00f2 essere prodotto con un basso consumo energetico.<\/p><p>L&#8217;acciaio leggero \u00e8 comunemente utilizzato in vari ambiti, come abitazioni, edifici commerciali, hangar e strutture prefabbricate. Inoltre, la velocit\u00e0 e i vantaggi economici durante il processo di costruzione lo rendono ideale per le moderne applicazioni edilizie. Per coloro che desiderano costruire strutture durature e rispettose dell&#8217;ambiente, l&#8217;acciaio leggero offre una soluzione sostenibile.<\/p><p>Le\u00a0<strong>strutture per campi in acciaio leggero<\/strong>\u00a0rappresentano una soluzione moderna per esigenze di costruzioni temporanee ma resistenti, come campi militari, ospedali da campo, aree di insediamento temporaneo o spazi abitativi post-disastro. Queste strutture offrono numerosi vantaggi rispetto alle costruzioni tradizionali, tra cui un rapido assemblaggio, una lunga durata e la facilit\u00e0 di trasporto.<\/p>\t\t\t\t\t\t\t\t<\/div>\n\t\t\t\t<\/div>\n\t\t\t\t\t<\/div>\n\t\t\t\t<\/div>\n\t\t<div class=\"elementor-element elementor-element-7b13191 e-flex e-con-boxed e-con e-child\" data-id=\"7b13191\" data-element_type=\"container\">\n\t\t\t\t\t<div class=\"e-con-inner\">\n\t\t<div class=\"elementor-element elementor-element-af9e6d8 e-flex e-con-boxed e-con e-child\" data-id=\"af9e6d8\" data-element_type=\"container\">\n\t\t\t\t\t<div class=\"e-con-inner\">\n\t\t\t\t<div class=\"elementor-element elementor-element-4d914b3 gallery-spacing-custom elementor-widget__width-initial elementor-widget elementor-widget-image-gallery\" data-id=\"4d914b3\" data-element_type=\"widget\" data-widget_type=\"image-gallery.default\">\n\t\t\t\t<div class=\"elementor-widget-container\">\n\t\t\t\t\t\t\t<div class=\"elementor-image-gallery\">\n\t\t\t<div id='gallery-1' class='gallery galleryid-18119 gallery-columns-2 gallery-size-medium_large'><figure class='gallery-item'>\n\t\t\t<div class='gallery-icon landscape'>\n\t\t\t\t<a data-elementor-open-lightbox=\"yes\" data-elementor-lightbox-slideshow=\"4d914b3\" data-elementor-lightbox-title=\"GH-1.webp\" data-e-action-hash=\"#elementor-action%3Aaction%3Dlightbox%26settings%3DeyJpZCI6MTQ2MDcsInVybCI6Imh0dHBzOlwvXC9hcGVjbW9kdWxhci5jb21cL3dwLWNvbnRlbnRcL3VwbG9hZHNcLzIwMjRcLzA1XC9HSC0xLTEud2VicCIsInNsaWRlc2hvdyI6IjRkOTE0YjMifQ%3D%3D\" href='https:\/\/apecmodular.com\/wp-content\/uploads\/2024\/05\/GH-1-1.webp'><img decoding=\"async\" width=\"768\" height=\"576\" src=\"https:\/\/apecmodular.com\/wp-content\/uploads\/2024\/05\/GH-1-1-768x576.webp\" class=\"attachment-medium_large size-medium_large\" alt=\"\" srcset=\"https:\/\/apecmodular.com\/wp-content\/uploads\/2024\/05\/GH-1-1-768x576.webp 768w, https:\/\/apecmodular.com\/wp-content\/uploads\/2024\/05\/GH-1-1-300x225.webp 300w, https:\/\/apecmodular.com\/wp-content\/uploads\/2024\/05\/GH-1-1-1024x768.webp 1024w, https:\/\/apecmodular.com\/wp-content\/uploads\/2024\/05\/GH-1-1-1536x1152.webp 1536w, https:\/\/apecmodular.com\/wp-content\/uploads\/2024\/05\/GH-1-1.webp 1600w\" sizes=\"(max-width: 768px) 100vw, 768px\" title=\"\"><\/a>\n\t\t\t<\/div><\/figure><figure class='gallery-item'>\n\t\t\t<div class='gallery-icon landscape'>\n\t\t\t\t<a data-elementor-open-lightbox=\"yes\" data-elementor-lightbox-slideshow=\"4d914b3\" data-elementor-lightbox-title=\"GH-4-e1715157682579.webp\" data-e-action-hash=\"#elementor-action%3Aaction%3Dlightbox%26settings%3DeyJpZCI6MTQ2MTIsInVybCI6Imh0dHBzOlwvXC9hcGVjbW9kdWxhci5jb21cL3dwLWNvbnRlbnRcL3VwbG9hZHNcLzIwMjRcLzA1XC9HSC00LWUxNzE1MTU3NjgyNTc5LTEud2VicCIsInNsaWRlc2hvdyI6IjRkOTE0YjMifQ%3D%3D\" href='https:\/\/apecmodular.com\/wp-content\/uploads\/2024\/05\/GH-4-e1715157682579-1.webp'><img decoding=\"async\" width=\"768\" height=\"582\" src=\"https:\/\/apecmodular.com\/wp-content\/uploads\/2024\/05\/GH-4-e1715157682579-1-768x582.webp\" class=\"attachment-medium_large size-medium_large\" alt=\"\" srcset=\"https:\/\/apecmodular.com\/wp-content\/uploads\/2024\/05\/GH-4-e1715157682579-1-768x582.webp 768w, https:\/\/apecmodular.com\/wp-content\/uploads\/2024\/05\/GH-4-e1715157682579-1-300x227.webp 300w, https:\/\/apecmodular.com\/wp-content\/uploads\/2024\/05\/GH-4-e1715157682579-1-1024x776.webp 1024w, https:\/\/apecmodular.com\/wp-content\/uploads\/2024\/05\/GH-4-e1715157682579-1.webp 1163w\" sizes=\"(max-width: 768px) 100vw, 768px\" title=\"\"><\/a>\n\t\t\t<\/div><\/figure>\n\t\t<\/div>\n\t\t<\/div>\n\t\t\t\t\t\t<\/div>\n\t\t\t\t<\/div>\n\t\t\t\t\t<\/div>\n\t\t\t\t<\/div>\n\t\t\t\t\t<\/div>\n\t\t\t\t<\/div>\n\t\t<div class=\"elementor-element elementor-element-a8258cb e-flex e-con-boxed e-con e-parent\" data-id=\"a8258cb\" data-element_type=\"container\">\n\t\t\t\t\t<div class=\"e-con-inner\">\n\t\t\t\t<div class=\"elementor-element elementor-element-3ab801d elementor-widget elementor-widget-heading\" data-id=\"3ab801d\" data-element_type=\"widget\" data-widget_type=\"heading.default\">\n\t\t\t\t<div class=\"elementor-widget-container\">\n\t\t\t\t\t<h2 class=\"elementor-heading-title elementor-size-default\">Cosa sono le Strutture per Campi in Acciaio Leggero?<\/h2>\t\t\t\t<\/div>\n\t\t\t\t<\/div>\n\t\t\t\t\t<\/div>\n\t\t\t\t<\/div>\n\t\t<div class=\"elementor-element elementor-element-d247362 e-flex e-con-boxed e-con e-parent\" data-id=\"d247362\" data-element_type=\"container\">\n\t\t\t\t\t<div class=\"e-con-inner\">\n\t\t\t\t<div class=\"elementor-element elementor-element-4541da6 elementor-widget elementor-widget-text-editor\" data-id=\"4541da6\" data-element_type=\"widget\" data-widget_type=\"text-editor.default\">\n\t\t\t\t<div class=\"elementor-widget-container\">\n\t\t\t\t\t\t\t\t\t<p>Le\u00a0<strong>strutture per campi in acciaio leggero<\/strong>\u00a0possono essere definite come costruzioni modulari e trasportabili realizzate con materiali in acciaio leggero ad alta resistenza. Prodotte utilizzando metodi di prefabbricazione, queste strutture possono essere montate rapidamente e utilizzate in qualsiasi area necessaria.<\/p><p>Uno dei maggiori vantaggi di queste strutture \u00e8 la possibilit\u00e0 di creare rapidamente aree di insediamento, riparo o servizi durante disastri naturali, guerre o crisi umanitarie. Le strutture per campi in acciaio leggero possono essere progettate in diverse forme in base all&#8217;uso previsto e possono essere ampliate secondo le esigenze.<\/p>\t\t\t\t\t\t\t\t<\/div>\n\t\t\t\t<\/div>\n\t\t\t\t\t<\/div>\n\t\t\t\t<\/div>\n\t\t<div class=\"elementor-element elementor-element-aee1d90 e-flex e-con-boxed e-con e-parent\" data-id=\"aee1d90\" data-element_type=\"container\">\n\t\t\t\t\t<div class=\"e-con-inner\">\n\t\t\t\t<div class=\"elementor-element elementor-element-502e972 elementor-widget elementor-widget-heading\" data-id=\"502e972\" data-element_type=\"widget\" data-widget_type=\"heading.default\">\n\t\t\t\t<div class=\"elementor-widget-container\">\n\t\t\t\t\t<h2 class=\"elementor-heading-title elementor-size-default\">Caratteristiche delle Strutture per Campi in Acciaio Leggero<\/h2>\t\t\t\t<\/div>\n\t\t\t\t<\/div>\n\t\t\t\t\t<\/div>\n\t\t\t\t<\/div>\n\t\t<div class=\"elementor-element elementor-element-7041e42 e-flex e-con-boxed e-con e-parent\" data-id=\"7041e42\" data-element_type=\"container\">\n\t\t\t\t\t<div class=\"e-con-inner\">\n\t\t\t\t<div class=\"elementor-element elementor-element-e7a1b75 elementor-widget elementor-widget-text-editor\" data-id=\"e7a1b75\" data-element_type=\"widget\" data-widget_type=\"text-editor.default\">\n\t\t\t\t<div class=\"elementor-widget-container\">\n\t\t\t\t\t\t\t\t\t<p>Le\u00a0<strong>strutture per campi in acciaio leggero<\/strong>\u00a0offrono un equilibrio tra praticit\u00e0 e durabilit\u00e0. Le caratteristiche principali che le distinguono sono:<\/p><ul><li><p>Le strutture in acciaio leggero possono essere assemblate rapidamente grazie ai moduli prefabbricati. I tempi di costruzione sono molto pi\u00f9 brevi rispetto alle strutture tradizionali.<\/p><\/li><li><p>Grazie alla sua alta resistenza, l&#8217;acciaio leggero \u00e8 in grado di resistere a condizioni meteorologiche avverse, terremoti e altri fattori esterni, rendendo le strutture adatte a un uso a lungo termine.<\/p><\/li><li><p>L&#8217;acciaio \u00e8 un materiale resistente ma leggero, il che permette di trasportare facilmente gli elementi strutturali e di rimontarli in diverse aree.<\/p><\/li><li><p>Le strutture per campi in acciaio leggero possono essere modificate in base all&#8217;uso previsto. Possono essere personalizzate per vari scopi, dai rifugi militari agli ospedali da campo.<\/p><\/li><li><p>Le strutture in acciaio leggero sono realizzate con materiali riciclabili. Inoltre, durante il processo di costruzione si genera una quantit\u00e0 minima di rifiuti, riducendo l&#8217;impatto ambientale.<\/p><\/li><\/ul>\t\t\t\t\t\t\t\t<\/div>\n\t\t\t\t<\/div>\n\t\t\t\t\t<\/div>\n\t\t\t\t<\/div>\n\t\t<div class=\"elementor-element elementor-element-6508b6a e-flex e-con-boxed e-con e-parent\" data-id=\"6508b6a\" data-element_type=\"container\">\n\t\t\t\t\t<div class=\"e-con-inner\">\n\t\t\t\t<div class=\"elementor-element elementor-element-779c48b elementor-widget elementor-widget-heading\" data-id=\"779c48b\" data-element_type=\"widget\" data-widget_type=\"heading.default\">\n\t\t\t\t<div class=\"elementor-widget-container\">\n\t\t\t\t\t<h2 class=\"elementor-heading-title elementor-size-default\">Aree di Utilizzo delle Strutture per Campi in Acciaio Leggero<\/h2>\t\t\t\t<\/div>\n\t\t\t\t<\/div>\n\t\t\t\t\t<\/div>\n\t\t\t\t<\/div>\n\t\t<div class=\"elementor-element elementor-element-a21ab6e e-flex e-con-boxed e-con e-parent\" data-id=\"a21ab6e\" data-element_type=\"container\">\n\t\t\t\t\t<div class=\"e-con-inner\">\n\t\t\t\t<div class=\"elementor-element elementor-element-16444b7 elementor-widget elementor-widget-text-editor\" data-id=\"16444b7\" data-element_type=\"widget\" data-widget_type=\"text-editor.default\">\n\t\t\t\t<div class=\"elementor-widget-container\">\n\t\t\t\t\t\t\t\t\t<p>Le\u00a0<strong>strutture per campi in acciaio leggero<\/strong>\u00a0hanno diverse aree di applicazione. Grazie alla loro durabilit\u00e0 e al costo contenuto, sono ampiamente utilizzate per insediamenti temporanei.<\/p>\t\t\t\t\t\t\t\t<\/div>\n\t\t\t\t<\/div>\n\t\t\t\t\t<\/div>\n\t\t\t\t<\/div>\n\t\t<div class=\"elementor-element elementor-element-415dc9b e-flex e-con-boxed e-con e-parent\" data-id=\"415dc9b\" data-element_type=\"container\">\n\t\t\t\t\t<div class=\"e-con-inner\">\n\t\t<div class=\"elementor-element elementor-element-46046b9 e-con-full e-flex e-con e-child\" data-id=\"46046b9\" data-element_type=\"container\">\n\t\t\t\t<div class=\"elementor-element elementor-element-4ef7098 elementor-widget elementor-widget-text-editor\" data-id=\"4ef7098\" data-element_type=\"widget\" data-widget_type=\"text-editor.default\">\n\t\t\t\t<div class=\"elementor-widget-container\">\n\t\t\t\t\t\t\t\t\t<h3>Campi Militari<\/h3><p>Le strutture per campi in acciaio leggero sono ideali per soddisfare le esigenze di alloggio, formazione e operazioni dei militari. Queste strutture, che possono essere facilmente installate in terreni difficili, sono realizzate con materiali resistenti per un uso a lungo termine.<\/p>\t\t\t\t\t\t\t\t<\/div>\n\t\t\t\t<\/div>\n\t\t\t\t<\/div>\n\t\t<div class=\"elementor-element elementor-element-03fc8a0 e-con-full e-flex e-con e-child\" data-id=\"03fc8a0\" data-element_type=\"container\">\n\t\t\t\t<div class=\"elementor-element elementor-element-f2efb6f elementor-widget elementor-widget-text-editor\" data-id=\"f2efb6f\" data-element_type=\"widget\" data-widget_type=\"text-editor.default\">\n\t\t\t\t<div class=\"elementor-widget-container\">\n\t\t\t\t\t\t\t\t\t<h3>Aree di Disastro e Crisi<\/h3><p>Fornire soluzioni abitative rapide dopo disastri naturali come terremoti, inondazioni o incendi \u00e8 fondamentale. Le strutture in acciaio leggero possono essere utilizzate come ospedali da campo, aree abitative temporanee o centri logistici.<\/p>\t\t\t\t\t\t\t\t<\/div>\n\t\t\t\t<\/div>\n\t\t\t\t<\/div>\n\t\t<div class=\"elementor-element elementor-element-0b770c9 e-con-full e-flex e-con e-child\" data-id=\"0b770c9\" data-element_type=\"container\">\n\t\t\t\t<div class=\"elementor-element elementor-element-f709ba1 elementor-widget elementor-widget-text-editor\" data-id=\"f709ba1\" data-element_type=\"widget\" data-widget_type=\"text-editor.default\">\n\t\t\t\t<div class=\"elementor-widget-container\">\n\t\t\t\t\t\t\t\t\t<h3>Aree di Lavoro Temporanee<\/h3><p>In miniere, progetti energetici o cantieri edili, le strutture per campi in acciaio leggero possono essere utilizzate per soddisfare le esigenze dei lavoratori.<\/p>\t\t\t\t\t\t\t\t<\/div>\n\t\t\t\t<\/div>\n\t\t\t\t<\/div>\n\t\t<div class=\"elementor-element elementor-element-f51633f e-con-full e-flex e-con e-child\" data-id=\"f51633f\" data-element_type=\"container\">\n\t\t\t\t<div class=\"elementor-element elementor-element-07583d3 elementor-widget elementor-widget-text-editor\" data-id=\"07583d3\" data-element_type=\"widget\" data-widget_type=\"text-editor.default\">\n\t\t\t\t<div class=\"elementor-widget-container\">\n\t\t\t\t\t\t\t\t\t<h3>Ospedali da Campo<\/h3><p>Le strutture in acciaio leggero sono una soluzione eccellente per i servizi sanitari che richiedono un rapido assemblaggio. Queste strutture permettono di creare ambienti sterili e possono essere equipaggiate con le attrezzature necessarie.<\/p>\t\t\t\t\t\t\t\t<\/div>\n\t\t\t\t<\/div>\n\t\t\t\t<\/div>\n\t\t\t\t\t<\/div>\n\t\t\t\t<\/div>\n\t\t<div class=\"elementor-element elementor-element-c1fe04b e-flex e-con-boxed e-con e-parent\" data-id=\"c1fe04b\" data-element_type=\"container\">\n\t\t\t\t\t<div class=\"e-con-inner\">\n\t\t\t\t<div class=\"elementor-element elementor-element-f59a4c9 elementor-widget elementor-widget-heading\" data-id=\"f59a4c9\" data-element_type=\"widget\" data-widget_type=\"heading.default\">\n\t\t\t\t<div class=\"elementor-widget-container\">\n\t\t\t\t\t<h2 class=\"elementor-heading-title elementor-size-default\">Vantaggi delle Strutture per Campi in Acciaio Leggero<\/h2>\t\t\t\t<\/div>\n\t\t\t\t<\/div>\n\t\t\t\t\t<\/div>\n\t\t\t\t<\/div>\n\t\t<div class=\"elementor-element elementor-element-ae4e6a3 e-flex e-con-boxed e-con e-parent\" data-id=\"ae4e6a3\" data-element_type=\"container\">\n\t\t\t\t\t<div class=\"e-con-inner\">\n\t\t\t\t<div class=\"elementor-element elementor-element-c71dfb1 elementor-widget elementor-widget-text-editor\" data-id=\"c71dfb1\" data-element_type=\"widget\" data-widget_type=\"text-editor.default\">\n\t\t\t\t<div class=\"elementor-widget-container\">\n\t\t\t\t\t\t\t\t\t<p>Il materiale in acciaio leggero \u00e8 diventato sempre pi\u00f9 popolare negli ultimi anni. Grazie alla sua alta efficienza e durabilit\u00e0, soddisfa con successo le esigenze di costruzione in vari ambiti. Le strutture in acciaio leggero sono pi\u00f9 economiche rispetto alle tradizionali strutture in cemento armato. I processi di produzione e assemblaggio rapidi consentono di risparmiare tempo e costi. Le\u00a0<strong>strutture per campi in acciaio leggero<\/strong>\u00a0offrono un buon isolamento termico e risparmio energetico, riducendo i costi energetici e aumentando la sostenibilit\u00e0.<\/p><p>Inoltre, le strutture in acciaio leggero possono essere ampliate aggiungendo moduli in base alle esigenze, oppure i moduli esistenti possono essere spostati in altre aree. Inoltre, l&#8217;acciaio leggero \u00e8 resistente alla corrosione e alla deformazione, il che permette di utilizzare le strutture per molti anni senza problemi.<\/p>\t\t\t\t\t\t\t\t<\/div>\n\t\t\t\t<\/div>\n\t\t\t\t\t<\/div>\n\t\t\t\t<\/div>\n\t\t<div class=\"elementor-element elementor-element-c1c5efa e-flex e-con-boxed e-con e-parent\" data-id=\"c1c5efa\" data-element_type=\"container\">\n\t\t\t\t\t<div class=\"e-con-inner\">\n\t\t\t\t<div class=\"elementor-element elementor-element-9dfa14c elementor-widget elementor-widget-heading\" data-id=\"9dfa14c\" data-element_type=\"widget\" data-widget_type=\"heading.default\">\n\t\t\t\t<div class=\"elementor-widget-container\">\n\t\t\t\t\t<h2 class=\"elementor-heading-title elementor-size-default\">Perch\u00e9 le Strutture per Campi in Acciaio Leggero sono Diverse dalle Strutture Tradizionali?<\/h2>\t\t\t\t<\/div>\n\t\t\t\t<\/div>\n\t\t\t\t\t<\/div>\n\t\t\t\t<\/div>\n\t\t<div class=\"elementor-element elementor-element-18bfda8 e-flex e-con-boxed e-con e-parent\" data-id=\"18bfda8\" data-element_type=\"container\">\n\t\t\t\t\t<div class=\"e-con-inner\">\n\t\t\t\t<div class=\"elementor-element elementor-element-899e0f4 elementor-widget elementor-widget-text-editor\" data-id=\"899e0f4\" data-element_type=\"widget\" data-widget_type=\"text-editor.default\">\n\t\t\t\t<div class=\"elementor-widget-container\">\n\t\t\t\t\t\t\t\t\t<p class=\"whitespace-pre-wrap break-words\">Confrontando le strutture per campi in acciaio leggero con quelle tradizionali, si pu\u00f2 notare che le prime sono avvantaggiate sotto molti aspetti. Il tempo di assemblaggio \u00e8 molto pi\u00f9 rapido rispetto alle strutture tradizionali. Inoltre, sono pi\u00f9 economiche. La loro resistenza \u00e8 particolarmente elevata contro condizioni meteorologiche avverse, incendi e terremoti, offrendo grandi vantaggi in situazioni come campi militari o ospedali da campo.<\/p>\t\t\t\t\t\t\t\t<\/div>\n\t\t\t\t<\/div>\n\t\t\t\t\t<\/div>\n\t\t\t\t<\/div>\n\t\t<div class=\"elementor-element elementor-element-574348d e-flex e-con-boxed e-con e-parent\" data-id=\"574348d\" data-element_type=\"container\">\n\t\t\t\t\t<div class=\"e-con-inner\">\n\t\t\t\t<div class=\"elementor-element elementor-element-97d8c15 elementor-widget elementor-widget-heading\" data-id=\"97d8c15\" data-element_type=\"widget\" data-widget_type=\"heading.default\">\n\t\t\t\t<div class=\"elementor-widget-container\">\n\t\t\t\t\t<h2 class=\"elementor-heading-title elementor-size-default\">Progressi Tecnologici nelle Strutture per Campi in Acciaio Leggero\n<\/h2>\t\t\t\t<\/div>\n\t\t\t\t<\/div>\n\t\t\t\t\t<\/div>\n\t\t\t\t<\/div>\n\t\t<div class=\"elementor-element elementor-element-66448bb e-flex e-con-boxed e-con e-parent\" data-id=\"66448bb\" data-element_type=\"container\">\n\t\t\t\t\t<div class=\"e-con-inner\">\n\t\t\t\t<div class=\"elementor-element elementor-element-4a9c09f elementor-widget elementor-widget-text-editor\" data-id=\"4a9c09f\" data-element_type=\"widget\" data-widget_type=\"text-editor.default\">\n\t\t\t\t<div class=\"elementor-widget-container\">\n\t\t\t\t\t\t\t\t\t<p>Negli ultimi anni, le tecnologie utilizzate per la produzione di strutture in acciaio leggero hanno fatto grandi progressi. I sistemi di progettazione (CAD) e produzione (CAM) assistiti da computer permettono una produzione rapida e precisa delle strutture. Inoltre, queste tecnologie aumentano ulteriormente l&#8217;efficienza energetica e la durabilit\u00e0.<\/p><p>Le\u00a0<strong>strutture per campi in acciaio leggero<\/strong>\u00a0sono una scelta ideale per chi cerca una soluzione strutturale resistente. Con un&#8217;ampia gamma di applicazioni, dai campi militari agli ospedali da campo, queste strutture si distinguono per il design flessibile, il montaggio rapido e le caratteristiche ecologiche. Si prevede che in futuro queste strutture saranno utilizzate in ancora pi\u00f9 ambiti e diventeranno ancora pi\u00f9 funzionali grazie ai progressi tecnologici. L&#8217;acciaio leggero rappresenta una soluzione innovativa che risponde alle esigenze dinamiche del mondo moderno ed \u00e8 sempre pi\u00f9 preferito.<\/p>\t\t\t\t\t\t\t\t<\/div>\n\t\t\t\t<\/div>\n\t\t\t\t\t<\/div>\n\t\t\t\t<\/div>\n\t\t\t\t<\/div>\n\t\t","protected":false},"excerpt":{"rendered":"<p>TORNA ALLA HOMEPAGE STRUTTURE PER CAMPI IN ACCIAIO LEGGERO L&#8217;acciaio leggero\u00a0\u00e8 un materiale da costruzione sempre pi\u00f9 preferito nel settore edile per la sua durabilit\u00e0 ed economicit\u00e0. Prodotto utilizzando lamiere o profilati sottili in acciaio, questo materiale rappresenta un&#8217;alternativa pi\u00f9 leggera ma altrettanto resistente rispetto alle tradizionali strutture in cemento armato e acciaio pesante. Grazie [&hellip;]<\/p>\n","protected":false},"author":1,"featured_media":0,"parent":0,"menu_order":0,"comment_status":"closed","ping_status":"closed","template":"","meta":{"inline_featured_image":false,"footnotes":""},"class_list":["post-18119","page","type-page","status-publish","hentry"],"_links":{"self":[{"href":"https:\/\/apecmodular.com\/it\/wp-json\/wp\/v2\/pages\/18119","targetHints":{"allow":["GET"]}}],"collection":[{"href":"https:\/\/apecmodular.com\/it\/wp-json\/wp\/v2\/pages"}],"about":[{"href":"https:\/\/apecmodular.com\/it\/wp-json\/wp\/v2\/types\/page"}],"author":[{"embeddable":true,"href":"https:\/\/apecmodular.com\/it\/wp-json\/wp\/v2\/users\/1"}],"replies":[{"embeddable":true,"href":"https:\/\/apecmodular.com\/it\/wp-json\/wp\/v2\/comments?post=18119"}],"version-history":[{"count":0,"href":"https:\/\/apecmodular.com\/it\/wp-json\/wp\/v2\/pages\/18119\/revisions"}],"wp:attachment":[{"href":"https:\/\/apecmodular.com\/it\/wp-json\/wp\/v2\/media?parent=18119"}],"curies":[{"name":"wp","href":"https:\/\/api.w.org\/{rel}","templated":true}]}}