{"id":2198,"date":"2023-12-30T15:42:41","date_gmt":"2023-12-30T12:42:41","guid":{"rendered":"https:\/\/apecmodular.com\/sevkiyat-cozumlerimiz\/"},"modified":"2024-12-02T15:23:17","modified_gmt":"2024-12-02T12:23:17","slug":"soluzioni-di-trasporto","status":"publish","type":"page","link":"https:\/\/apecmodular.com\/it\/soluzioni-di-trasporto\/","title":{"rendered":"SOLUZIONI DI TRASPORTO"},"content":{"rendered":"\t\t<div data-elementor-type=\"wp-page\" data-elementor-id=\"2198\" class=\"elementor elementor-2198 elementor-1117\" data-elementor-post-type=\"page\">\n\t\t\t\t<div class=\"elementor-element elementor-element-7e3720b e-flex e-con-boxed e-con e-parent\" data-id=\"7e3720b\" data-element_type=\"container\" data-settings=\"{&quot;background_background&quot;:&quot;classic&quot;}\">\n\t\t\t\t\t<div class=\"e-con-inner\">\n\t\t\t\t\t<\/div>\n\t\t\t\t<\/div>\n\t\t<div class=\"elementor-element elementor-element-9001b30 e-flex e-con-boxed e-con e-parent\" data-id=\"9001b30\" data-element_type=\"container\">\n\t\t\t\t\t<div class=\"e-con-inner\">\n\t\t<div class=\"elementor-element elementor-element-1fbd0cc e-flex e-con-boxed e-con e-child\" data-id=\"1fbd0cc\" data-element_type=\"container\" data-settings=\"{&quot;background_background&quot;:&quot;classic&quot;}\">\n\t\t\t\t\t<div class=\"e-con-inner\">\n\t\t\t\t<div class=\"elementor-element elementor-element-5eb0fde elementor-invisible elementor-widget elementor-widget-heading\" data-id=\"5eb0fde\" data-element_type=\"widget\" id=\"flatback\" data-settings=\"{&quot;_animation&quot;:&quot;fadeInUp&quot;}\" data-widget_type=\"heading.default\">\n\t\t\t\t<div class=\"elementor-widget-container\">\n\t\t\t\t\t<h2 class=\"elementor-heading-title elementor-size-default\">VI ASSISTIAMO CON LE\nNOSTRE TECNOLOGIE ,<br>\nD\u2019AVANGUARDIA,\n<span class=\"bold\">E LE SOLUZIONI\n MODERNE PER LE SPEDIZIONI .<\/h2>\t\t\t\t<\/div>\n\t\t\t\t<\/div>\n\t\t\t\t\t<\/div>\n\t\t\t\t<\/div>\n\t\t\t\t\t<\/div>\n\t\t\t\t<\/div>\n\t\t<div class=\"elementor-element elementor-element-db183ea e-flex e-con-boxed e-con e-parent\" data-id=\"db183ea\" data-element_type=\"container\" data-settings=\"{&quot;background_background&quot;:&quot;classic&quot;}\">\n\t\t\t\t\t<div class=\"e-con-inner\">\n\t\t<div class=\"elementor-element elementor-element-349a8bc e-flex e-con-boxed e-con e-child\" data-id=\"349a8bc\" data-element_type=\"container\" data-settings=\"{&quot;background_background&quot;:&quot;classic&quot;}\">\n\t\t\t\t\t<div class=\"e-con-inner\">\n\t\t<div class=\"elementor-element elementor-element-b632701 e-con-full e-flex e-con e-child\" data-id=\"b632701\" data-element_type=\"container\" data-settings=\"{&quot;background_background&quot;:&quot;classic&quot;}\">\n\t\t\t\t<div class=\"elementor-element elementor-element-adc58e1 elementor-invisible elementor-widget elementor-widget-heading\" data-id=\"adc58e1\" data-element_type=\"widget\" data-settings=\"{&quot;_animation&quot;:&quot;fadeInLeft&quot;}\" data-widget_type=\"heading.default\">\n\t\t\t\t<div class=\"elementor-widget-container\">\n\t\t\t\t\t<h2 class=\"elementor-heading-title elementor-size-default\"><span class=\"bold\">FLAT-PACK<\/h2>\t\t\t\t<\/div>\n\t\t\t\t<\/div>\n\t\t\t\t<div class=\"elementor-element elementor-element-18c3a11 elementor-invisible elementor-widget elementor-widget-text-editor\" data-id=\"18c3a11\" data-element_type=\"widget\" data-settings=\"{&quot;_animation&quot;:&quot;fadeInLeft&quot;}\" data-widget_type=\"text-editor.default\">\n\t\t\t\t<div class=\"elementor-widget-container\">\n\t\t\t\t\t\t\t\t\t<p>I moduli dei container sono parzialmente assemblati in fabbrica<br \/>e di seguito imballati in modo ripiegato per essere poi completamente montati in loco.<\/p><p>Pi\u00f9 il numero di moduli trasportati dal veicolo aumenta, pi\u00f9 si riduce il costo unitario di trasporto ed \u00e8 necessario solo un semplice assemblaggio in loco del prodotto. Di solito \u00e8 possibile caricare in un tir 12 moduli flat-pack di dimensioni 600 cm x 240 cm.<\/p><p>Un modulo pu\u00f2 essere montato da 4 persone<br \/>in circa 1 ora.<\/p>\t\t\t\t\t\t\t\t<\/div>\n\t\t\t\t<\/div>\n\t\t\t\t<\/div>\n\t\t<div class=\"elementor-element elementor-element-edb2436 e-flex e-con-boxed elementor-invisible e-con e-child\" data-id=\"edb2436\" data-element_type=\"container\" data-settings=\"{&quot;background_background&quot;:&quot;classic&quot;,&quot;animation&quot;:&quot;fadeInRight&quot;}\">\n\t\t\t\t\t<div class=\"e-con-inner\">\n\t\t\t\t\t<\/div>\n\t\t\t\t<\/div>\n\t\t\t\t\t<\/div>\n\t\t\t\t<\/div>\n\t\t\t\t\t<\/div>\n\t\t\t\t<\/div>\n\t\t<div class=\"elementor-element elementor-element-f854967 e-flex e-con-boxed e-con e-parent\" data-id=\"f854967\" data-element_type=\"container\">\n\t\t\t\t\t<div class=\"e-con-inner\">\n\t\t<div class=\"elementor-element elementor-element-fe0a2ca e-con-full e-flex e-con e-child\" data-id=\"fe0a2ca\" data-element_type=\"container\" data-settings=\"{&quot;background_background&quot;:&quot;classic&quot;}\">\n\t\t<div class=\"elementor-element elementor-element-4abd189 e-con-full e-flex e-con e-child\" data-id=\"4abd189\" data-element_type=\"container\" data-settings=\"{&quot;background_background&quot;:&quot;classic&quot;}\">\n\t\t\t\t<div class=\"elementor-element elementor-element-ff2c8df elementor-widget elementor-widget-image\" data-id=\"ff2c8df\" data-element_type=\"widget\" data-widget_type=\"image.default\">\n\t\t\t\t<div class=\"elementor-widget-container\">\n\t\t\t\t\t\t\t\t\t\t\t\t\t\t\t<img fetchpriority=\"high\" decoding=\"async\" width=\"800\" height=\"599\" src=\"https:\/\/apecmodular.com\/wp-content\/uploads\/2023\/12\/Varlik-231500x-min-1024x767.webp\" class=\"attachment-large size-large wp-image-2202\" alt=\"\" srcset=\"https:\/\/apecmodular.com\/wp-content\/uploads\/2023\/12\/Varlik-231500x-min-1024x767.webp 1024w, https:\/\/apecmodular.com\/wp-content\/uploads\/2023\/12\/Varlik-231500x-min-300x225.webp 300w, https:\/\/apecmodular.com\/wp-content\/uploads\/2023\/12\/Varlik-231500x-min-768x575.webp 768w, https:\/\/apecmodular.com\/wp-content\/uploads\/2023\/12\/Varlik-231500x-min.webp 1500w\" sizes=\"(max-width: 800px) 100vw, 800px\" title=\"\">\t\t\t\t\t\t\t\t\t\t\t\t\t\t\t<\/div>\n\t\t\t\t<\/div>\n\t\t\t\t<\/div>\n\t\t<div class=\"elementor-element elementor-element-d7dd915 e-con-full e-flex e-con e-child\" data-id=\"d7dd915\" data-element_type=\"container\" data-settings=\"{&quot;background_background&quot;:&quot;classic&quot;}\">\n\t\t\t\t<div class=\"elementor-element elementor-element-ad508d9 elementor-widget elementor-widget-image\" data-id=\"ad508d9\" data-element_type=\"widget\" data-widget_type=\"image.default\">\n\t\t\t\t<div class=\"elementor-widget-container\">\n\t\t\t\t\t\t\t\t\t\t\t\t\t\t\t<img decoding=\"async\" width=\"800\" height=\"596\" src=\"https:\/\/apecmodular.com\/wp-content\/uploads\/2023\/12\/Varlik-241500x-min-1024x763.webp\" class=\"attachment-large size-large wp-image-2199\" alt=\"\" srcset=\"https:\/\/apecmodular.com\/wp-content\/uploads\/2023\/12\/Varlik-241500x-min-1024x763.webp 1024w, https:\/\/apecmodular.com\/wp-content\/uploads\/2023\/12\/Varlik-241500x-min-300x224.webp 300w, https:\/\/apecmodular.com\/wp-content\/uploads\/2023\/12\/Varlik-241500x-min-768x572.webp 768w, https:\/\/apecmodular.com\/wp-content\/uploads\/2023\/12\/Varlik-241500x-min.webp 1500w\" sizes=\"(max-width: 800px) 100vw, 800px\" title=\"\">\t\t\t\t\t\t\t\t\t\t\t\t\t\t\t<\/div>\n\t\t\t\t<\/div>\n\t\t\t\t<\/div>\n\t\t<div class=\"elementor-element elementor-element-81a97bc e-con-full e-flex e-con e-child\" data-id=\"81a97bc\" data-element_type=\"container\" data-settings=\"{&quot;background_background&quot;:&quot;classic&quot;}\">\n\t\t\t\t<div class=\"elementor-element elementor-element-7c87416 elementor-widget elementor-widget-image\" data-id=\"7c87416\" data-element_type=\"widget\" data-widget_type=\"image.default\">\n\t\t\t\t<div class=\"elementor-widget-container\">\n\t\t\t\t\t\t\t\t\t\t\t\t\t\t\t<img decoding=\"async\" width=\"763\" height=\"1024\" src=\"https:\/\/apecmodular.com\/wp-content\/uploads\/2023\/12\/Varlik-251500x-min-763x1024.webp\" class=\"attachment-large size-large wp-image-2203\" alt=\"\" srcset=\"https:\/\/apecmodular.com\/wp-content\/uploads\/2023\/12\/Varlik-251500x-min-763x1024.webp 763w, https:\/\/apecmodular.com\/wp-content\/uploads\/2023\/12\/Varlik-251500x-min-224x300.webp 224w, https:\/\/apecmodular.com\/wp-content\/uploads\/2023\/12\/Varlik-251500x-min-768x1031.webp 768w, https:\/\/apecmodular.com\/wp-content\/uploads\/2023\/12\/Varlik-251500x-min-1145x1536.webp 1145w, https:\/\/apecmodular.com\/wp-content\/uploads\/2023\/12\/Varlik-251500x-min.webp 1500w\" sizes=\"(max-width: 763px) 100vw, 763px\" title=\"\">\t\t\t\t\t\t\t\t\t\t\t\t\t\t\t<\/div>\n\t\t\t\t<\/div>\n\t\t\t\t<\/div>\n\t\t\t\t<\/div>\n\t\t<div class=\"elementor-element elementor-element-8c303af e-con-full e-flex e-con e-child\" data-id=\"8c303af\" data-element_type=\"container\" data-settings=\"{&quot;background_background&quot;:&quot;classic&quot;}\">\n\t\t<div class=\"elementor-element elementor-element-2e72123 e-con-full e-flex e-con e-child\" data-id=\"2e72123\" data-element_type=\"container\" data-settings=\"{&quot;background_background&quot;:&quot;classic&quot;}\">\n\t\t\t\t<div class=\"elementor-element elementor-element-5838928 elementor-widget elementor-widget-image\" data-id=\"5838928\" data-element_type=\"widget\" data-widget_type=\"image.default\">\n\t\t\t\t<div class=\"elementor-widget-container\">\n\t\t\t\t\t\t\t\t\t\t\t\t\t\t\t<img loading=\"lazy\" decoding=\"async\" width=\"800\" height=\"785\" src=\"https:\/\/apecmodular.com\/wp-content\/uploads\/2023\/12\/Varlik-261500x-min-1024x1005.webp\" class=\"attachment-large size-large wp-image-2201\" alt=\"\" srcset=\"https:\/\/apecmodular.com\/wp-content\/uploads\/2023\/12\/Varlik-261500x-min-1024x1005.webp 1024w, https:\/\/apecmodular.com\/wp-content\/uploads\/2023\/12\/Varlik-261500x-min-300x294.webp 300w, https:\/\/apecmodular.com\/wp-content\/uploads\/2023\/12\/Varlik-261500x-min-768x754.webp 768w, https:\/\/apecmodular.com\/wp-content\/uploads\/2023\/12\/Varlik-261500x-min.webp 1500w\" sizes=\"(max-width: 800px) 100vw, 800px\" title=\"\">\t\t\t\t\t\t\t\t\t\t\t\t\t\t\t<\/div>\n\t\t\t\t<\/div>\n\t\t\t\t<\/div>\n\t\t<div class=\"elementor-element elementor-element-7b9a9cc e-flex e-con-boxed e-con e-child\" data-id=\"7b9a9cc\" data-element_type=\"container\">\n\t\t\t\t\t<div class=\"e-con-inner\">\n\t\t\t\t<div class=\"elementor-element elementor-element-a4ad531 elementor-widget elementor-widget-video\" data-id=\"a4ad531\" data-element_type=\"widget\" data-settings=\"{&quot;video_type&quot;:&quot;vimeo&quot;,&quot;show_image_overlay&quot;:&quot;yes&quot;,&quot;image_overlay&quot;:{&quot;url&quot;:&quot;https:\\\/\\\/apecmodular.com\\\/wp-content\\\/uploads\\\/2024\\\/01\\\/video4-1-1-1.webp&quot;,&quot;id&quot;:&quot;3319&quot;,&quot;size&quot;:&quot;&quot;},&quot;lightbox&quot;:&quot;yes&quot;}\" data-widget_type=\"video.default\">\n\t\t\t\t<div class=\"elementor-widget-container\">\n\t\t\t\t\t\t\t<div class=\"elementor-wrapper elementor-open-lightbox\">\n\t\t\t\t\t\t\t<div class=\"elementor-custom-embed-image-overlay\" data-elementor-open-lightbox=\"yes\" data-elementor-lightbox=\"{&quot;type&quot;:&quot;video&quot;,&quot;videoType&quot;:&quot;vimeo&quot;,&quot;url&quot;:&quot;https:\\\/\\\/player.vimeo.com\\\/video\\\/902909379?color=CCA020&amp;autopause=0&amp;loop=0&amp;muted=0&amp;title=0&amp;portrait=0&amp;byline=0#t=&quot;,&quot;autoplay&quot;:&quot;&quot;,&quot;modalOptions&quot;:{&quot;id&quot;:&quot;elementor-lightbox-a4ad531&quot;,&quot;entranceAnimation&quot;:&quot;&quot;,&quot;entranceAnimation_tablet&quot;:&quot;&quot;,&quot;entranceAnimation_mobile&quot;:&quot;&quot;,&quot;videoAspectRatio&quot;:&quot;169&quot;}}\" data-e-action-hash=\"#elementor-action%3Aaction%3Dlightbox%26settings%3DeyJ0eXBlIjoidmlkZW8iLCJ2aWRlb1R5cGUiOiJ2aW1lbyIsInVybCI6Imh0dHBzOlwvXC9wbGF5ZXIudmltZW8uY29tXC92aWRlb1wvOTAyOTA5Mzc5P2NvbG9yPUNDQTAyMCZhdXRvcGF1c2U9MCZsb29wPTAmbXV0ZWQ9MCZ0aXRsZT0wJnBvcnRyYWl0PTAmYnlsaW5lPTAjdD0iLCJhdXRvcGxheSI6IiIsIm1vZGFsT3B0aW9ucyI6eyJpZCI6ImVsZW1lbnRvci1saWdodGJveC1hNGFkNTMxIiwiZW50cmFuY2VBbmltYXRpb24iOiIiLCJlbnRyYW5jZUFuaW1hdGlvbl90YWJsZXQiOiIiLCJlbnRyYW5jZUFuaW1hdGlvbl9tb2JpbGUiOiIiLCJ2aWRlb0FzcGVjdFJhdGlvIjoiMTY5In19\">\n\t\t\t\t\t\t\t\t\t\t\t<img loading=\"lazy\" decoding=\"async\" width=\"1723\" height=\"885\" src=\"https:\/\/apecmodular.com\/wp-content\/uploads\/2024\/01\/video4-1-1-1.webp\" class=\"attachment-full size-full wp-image-3319\" alt=\"\" srcset=\"https:\/\/apecmodular.com\/wp-content\/uploads\/2024\/01\/video4-1-1-1.webp 1723w, https:\/\/apecmodular.com\/wp-content\/uploads\/2024\/01\/video4-1-1-1-300x154.webp 300w, https:\/\/apecmodular.com\/wp-content\/uploads\/2024\/01\/video4-1-1-1-1024x526.webp 1024w, https:\/\/apecmodular.com\/wp-content\/uploads\/2024\/01\/video4-1-1-1-768x394.webp 768w, https:\/\/apecmodular.com\/wp-content\/uploads\/2024\/01\/video4-1-1-1-1536x789.webp 1536w\" sizes=\"(max-width: 1723px) 100vw, 1723px\" title=\"\">\t\t\t\t\t\t\t\t\t\t\t\t\t\t\t\t<div class=\"elementor-custom-embed-play\" role=\"button\" aria-label=\"Riproduci video\" tabindex=\"0\">\n\t\t\t\t\t\t\t<svg aria-hidden=\"true\" class=\"e-font-icon-svg e-eicon-play\" viewBox=\"0 0 1000 1000\" xmlns=\"http:\/\/www.w3.org\/2000\/svg\"><path d=\"M838 162C746 71 633 25 500 25 371 25 258 71 163 162 71 254 25 367 25 500 25 633 71 746 163 837 254 929 367 979 500 979 633 979 746 933 838 837 929 746 975 633 975 500 975 367 929 254 838 162M808 192C892 279 933 379 933 500 933 621 892 725 808 808 725 892 621 938 500 938 379 938 279 896 196 808 113 725 67 621 67 500 67 379 108 279 196 192 279 108 383 62 500 62 621 62 721 108 808 192M438 392V642L642 517 438 392Z\"><\/path><\/svg>\t\t\t\t\t\t<\/div>\n\t\t\t\t\t\t\t\t\t<\/div>\n\t\t\t\t\t<\/div>\n\t\t\t\t\t\t<\/div>\n\t\t\t\t<\/div>\n\t\t\t\t\t<\/div>\n\t\t\t\t<\/div>\n\t\t\t\t<\/div>\n\t\t\t\t\t<\/div>\n\t\t\t\t<\/div>\n\t\t<div class=\"elementor-element elementor-element-7d38288 e-flex e-con-boxed e-con e-parent\" data-id=\"7d38288\" data-element_type=\"container\">\n\t\t\t\t\t<div class=\"e-con-inner\">\n\t\t<div class=\"elementor-element elementor-element-265fd11 e-flex e-con-boxed e-con e-child\" data-id=\"265fd11\" data-element_type=\"container\" data-settings=\"{&quot;background_background&quot;:&quot;classic&quot;}\">\n\t\t\t\t\t<div class=\"e-con-inner\">\n\t\t\t\t<div class=\"elementor-element elementor-element-55ef668 elementor-hidden-desktop elementor-hidden-tablet elementor-hidden-mobile elementor-widget elementor-widget-button\" data-id=\"55ef668\" data-element_type=\"widget\" data-widget_type=\"button.default\">\n\t\t\t\t<div class=\"elementor-widget-container\">\n\t\t\t\t\t\t\t\t\t<div class=\"elementor-button-wrapper\">\n\t\t\t\t\t<a class=\"elementor-button elementor-button-link elementor-size-sm\" href=\"#elementor-action%3Aaction%3Dpopup%3Aopen%26settings%3DeyJpZCI6MjU2OSwidG9nZ2xlIjpmYWxzZX0%3D\">\n\t\t\t\t\t\t<span class=\"elementor-button-content-wrapper\">\n\t\t\t\t\t\t\t\t\t<span class=\"elementor-button-text\">Buraya t\u0131kla<\/span>\n\t\t\t\t\t<\/span>\n\t\t\t\t\t<\/a>\n\t\t\t\t<\/div>\n\t\t\t\t\t\t\t\t<\/div>\n\t\t\t\t<\/div>\n\t\t\t\t<div class=\"elementor-element elementor-element-62fd333 elementor-widget-divider--view-line elementor-widget elementor-widget-divider\" data-id=\"62fd333\" data-element_type=\"widget\" data-widget_type=\"divider.default\">\n\t\t\t\t<div class=\"elementor-widget-container\">\n\t\t\t\t\t\t\t<div class=\"elementor-divider\">\n\t\t\t<span class=\"elementor-divider-separator\">\n\t\t\t\t\t\t<\/span>\n\t\t<\/div>\n\t\t\t\t\t\t<\/div>\n\t\t\t\t<\/div>\n\t\t\t\t<div class=\"elementor-element elementor-element-32ce72a elementor-invisible elementor-widget elementor-widget-heading\" data-id=\"32ce72a\" data-element_type=\"widget\" id=\"monoblock\" data-settings=\"{&quot;_animation&quot;:&quot;fadeInLeft&quot;}\" data-widget_type=\"heading.default\">\n\t\t\t\t<div class=\"elementor-widget-container\">\n\t\t\t\t\t<h2 class=\"elementor-heading-title elementor-size-default\"><span class=\"bold\">MONOBLOCCO\n<\/h2>\t\t\t\t<\/div>\n\t\t\t\t<\/div>\n\t\t\t\t<div class=\"elementor-element elementor-element-46312a2 elementor-invisible elementor-widget elementor-widget-text-editor\" data-id=\"46312a2\" data-element_type=\"widget\" data-settings=\"{&quot;_animation&quot;:&quot;fadeInLeft&quot;}\" data-widget_type=\"text-editor.default\">\n\t\t\t\t<div class=\"elementor-widget-container\">\n\t\t\t\t\t\t\t\t\t<p>I moduli del container vengono spediti in loco sottoforma<br \/>di blocchi di seguitoall&#8217;assemblaggio completo. <br \/>Il tale caso, il numero di container per veicolo si riduce e il costo unitario di <br \/>trasporto aumenta. Questo tipo di modulo per\u00f2 non richiede manodopera in loco.<\/p>\t\t\t\t\t\t\t\t<\/div>\n\t\t\t\t<\/div>\n\t\t\t\t\t<\/div>\n\t\t\t\t<\/div>\n\t\t<div class=\"elementor-element elementor-element-f1dcf60 e-flex e-con-boxed e-con e-child\" data-id=\"f1dcf60\" data-element_type=\"container\" data-settings=\"{&quot;background_background&quot;:&quot;classic&quot;}\">\n\t\t\t\t\t<div class=\"e-con-inner\">\n\t\t\t\t<div class=\"elementor-element elementor-element-3b75ef6 elementor-widget elementor-widget-image\" data-id=\"3b75ef6\" data-element_type=\"widget\" data-widget_type=\"image.default\">\n\t\t\t\t<div class=\"elementor-widget-container\">\n\t\t\t\t\t\t\t\t\t\t\t\t\t\t\t<img loading=\"lazy\" decoding=\"async\" width=\"800\" height=\"946\" src=\"https:\/\/apecmodular.com\/wp-content\/uploads\/2023\/12\/Varlik-291500x-min-866x1024.webp\" class=\"attachment-large size-large wp-image-2204\" alt=\"\" srcset=\"https:\/\/apecmodular.com\/wp-content\/uploads\/2023\/12\/Varlik-291500x-min-866x1024.webp 866w, https:\/\/apecmodular.com\/wp-content\/uploads\/2023\/12\/Varlik-291500x-min-254x300.webp 254w, https:\/\/apecmodular.com\/wp-content\/uploads\/2023\/12\/Varlik-291500x-min-768x908.webp 768w, https:\/\/apecmodular.com\/wp-content\/uploads\/2023\/12\/Varlik-291500x-min-1299x1536.webp 1299w, https:\/\/apecmodular.com\/wp-content\/uploads\/2023\/12\/Varlik-291500x-min.webp 1500w\" sizes=\"(max-width: 800px) 100vw, 800px\" title=\"\">\t\t\t\t\t\t\t\t\t\t\t\t\t\t\t<\/div>\n\t\t\t\t<\/div>\n\t\t\t\t<div class=\"elementor-element elementor-element-e377640 elementor-widget elementor-widget-image\" data-id=\"e377640\" data-element_type=\"widget\" data-widget_type=\"image.default\">\n\t\t\t\t<div class=\"elementor-widget-container\">\n\t\t\t\t\t\t\t\t\t\t\t\t\t\t\t<img loading=\"lazy\" decoding=\"async\" width=\"800\" height=\"556\" src=\"https:\/\/apecmodular.com\/wp-content\/uploads\/2023\/12\/Varlik-141500x-min-1-1024x712.webp\" class=\"attachment-large size-large wp-image-2205\" alt=\"\" srcset=\"https:\/\/apecmodular.com\/wp-content\/uploads\/2023\/12\/Varlik-141500x-min-1-1024x712.webp 1024w, https:\/\/apecmodular.com\/wp-content\/uploads\/2023\/12\/Varlik-141500x-min-1-300x209.webp 300w, https:\/\/apecmodular.com\/wp-content\/uploads\/2023\/12\/Varlik-141500x-min-1-768x534.webp 768w, https:\/\/apecmodular.com\/wp-content\/uploads\/2023\/12\/Varlik-141500x-min-1.webp 1500w\" sizes=\"(max-width: 800px) 100vw, 800px\" title=\"\">\t\t\t\t\t\t\t\t\t\t\t\t\t\t\t<\/div>\n\t\t\t\t<\/div>\n\t\t\t\t\t<\/div>\n\t\t\t\t<\/div>\n\t\t<div class=\"elementor-element elementor-element-c48ac44 e-flex e-con-boxed e-con e-child\" data-id=\"c48ac44\" data-element_type=\"container\" data-settings=\"{&quot;background_background&quot;:&quot;classic&quot;}\">\n\t\t\t\t\t<div class=\"e-con-inner\">\n\t\t\t\t<div class=\"elementor-element elementor-element-a8f6734 elementor-widget elementor-widget-video\" data-id=\"a8f6734\" data-element_type=\"widget\" data-settings=\"{&quot;video_type&quot;:&quot;vimeo&quot;,&quot;show_image_overlay&quot;:&quot;yes&quot;,&quot;image_overlay&quot;:{&quot;url&quot;:&quot;https:\\\/\\\/apecmodular.com\\\/wp-content\\\/uploads\\\/2024\\\/01\\\/video3-1-1-1.webp&quot;,&quot;id&quot;:&quot;3288&quot;,&quot;size&quot;:&quot;&quot;},&quot;lightbox&quot;:&quot;yes&quot;}\" data-widget_type=\"video.default\">\n\t\t\t\t<div class=\"elementor-widget-container\">\n\t\t\t\t\t\t\t<div class=\"elementor-wrapper elementor-open-lightbox\">\n\t\t\t\t\t\t\t<div class=\"elementor-custom-embed-image-overlay\" data-elementor-open-lightbox=\"yes\" data-elementor-lightbox=\"{&quot;type&quot;:&quot;video&quot;,&quot;videoType&quot;:&quot;vimeo&quot;,&quot;url&quot;:&quot;https:\\\/\\\/player.vimeo.com\\\/video\\\/902158879?color=CCA020&amp;autopause=0&amp;loop=0&amp;muted=0&amp;title=0&amp;portrait=0&amp;byline=0#t=&quot;,&quot;autoplay&quot;:&quot;&quot;,&quot;modalOptions&quot;:{&quot;id&quot;:&quot;elementor-lightbox-a8f6734&quot;,&quot;entranceAnimation&quot;:&quot;&quot;,&quot;entranceAnimation_tablet&quot;:&quot;&quot;,&quot;entranceAnimation_mobile&quot;:&quot;&quot;,&quot;videoAspectRatio&quot;:&quot;169&quot;}}\" data-e-action-hash=\"#elementor-action%3Aaction%3Dlightbox%26settings%3DeyJ0eXBlIjoidmlkZW8iLCJ2aWRlb1R5cGUiOiJ2aW1lbyIsInVybCI6Imh0dHBzOlwvXC9wbGF5ZXIudmltZW8uY29tXC92aWRlb1wvOTAyMTU4ODc5P2NvbG9yPUNDQTAyMCZhdXRvcGF1c2U9MCZsb29wPTAmbXV0ZWQ9MCZ0aXRsZT0wJnBvcnRyYWl0PTAmYnlsaW5lPTAjdD0iLCJhdXRvcGxheSI6IiIsIm1vZGFsT3B0aW9ucyI6eyJpZCI6ImVsZW1lbnRvci1saWdodGJveC1hOGY2NzM0IiwiZW50cmFuY2VBbmltYXRpb24iOiIiLCJlbnRyYW5jZUFuaW1hdGlvbl90YWJsZXQiOiIiLCJlbnRyYW5jZUFuaW1hdGlvbl9tb2JpbGUiOiIiLCJ2aWRlb0FzcGVjdFJhdGlvIjoiMTY5In19\">\n\t\t\t\t\t\t\t\t\t\t\t<img loading=\"lazy\" decoding=\"async\" width=\"1599\" height=\"812\" src=\"https:\/\/apecmodular.com\/wp-content\/uploads\/2024\/01\/video3-1-1-1.webp\" class=\"attachment-full size-full wp-image-3288\" alt=\"\" srcset=\"https:\/\/apecmodular.com\/wp-content\/uploads\/2024\/01\/video3-1-1-1.webp 1599w, https:\/\/apecmodular.com\/wp-content\/uploads\/2024\/01\/video3-1-1-1-300x152.webp 300w, https:\/\/apecmodular.com\/wp-content\/uploads\/2024\/01\/video3-1-1-1-1024x520.webp 1024w, https:\/\/apecmodular.com\/wp-content\/uploads\/2024\/01\/video3-1-1-1-768x390.webp 768w, https:\/\/apecmodular.com\/wp-content\/uploads\/2024\/01\/video3-1-1-1-1536x780.webp 1536w\" sizes=\"(max-width: 1599px) 100vw, 1599px\" title=\"\">\t\t\t\t\t\t\t\t\t\t\t\t\t\t\t\t<div class=\"elementor-custom-embed-play\" role=\"button\" aria-label=\"Riproduci video\" tabindex=\"0\">\n\t\t\t\t\t\t\t<svg aria-hidden=\"true\" class=\"e-font-icon-svg e-eicon-play\" viewBox=\"0 0 1000 1000\" xmlns=\"http:\/\/www.w3.org\/2000\/svg\"><path d=\"M838 162C746 71 633 25 500 25 371 25 258 71 163 162 71 254 25 367 25 500 25 633 71 746 163 837 254 929 367 979 500 979 633 979 746 933 838 837 929 746 975 633 975 500 975 367 929 254 838 162M808 192C892 279 933 379 933 500 933 621 892 725 808 808 725 892 621 938 500 938 379 938 279 896 196 808 113 725 67 621 67 500 67 379 108 279 196 192 279 108 383 62 500 62 621 62 721 108 808 192M438 392V642L642 517 438 392Z\"><\/path><\/svg>\t\t\t\t\t\t<\/div>\n\t\t\t\t\t\t\t\t\t<\/div>\n\t\t\t\t\t<\/div>\n\t\t\t\t\t\t<\/div>\n\t\t\t\t<\/div>\n\t\t\t\t\t<\/div>\n\t\t\t\t<\/div>\n\t\t\t\t\t<\/div>\n\t\t\t\t<\/div>\n\t\t<div class=\"elementor-element elementor-element-9096f0e e-flex e-con-boxed e-con e-parent\" data-id=\"9096f0e\" data-element_type=\"container\">\n\t\t\t\t\t<div class=\"e-con-inner\">\n\t\t\t\t<div class=\"elementor-element elementor-element-5d2f8fe elementor-widget elementor-widget-image\" data-id=\"5d2f8fe\" data-element_type=\"widget\" data-widget_type=\"image.default\">\n\t\t\t\t<div class=\"elementor-widget-container\">\n\t\t\t\t\t\t\t\t\t\t\t\t\t\t\t<img loading=\"lazy\" decoding=\"async\" width=\"800\" height=\"80\" src=\"https:\/\/apecmodular.com\/wp-content\/uploads\/2023\/12\/9tqgv5@1500x-1024x102.png\" class=\"attachment-large size-large wp-image-2143\" alt=\"\" srcset=\"https:\/\/apecmodular.com\/wp-content\/uploads\/2023\/12\/9tqgv5@1500x-1024x102.png.webp 1024w, https:\/\/apecmodular.com\/wp-content\/uploads\/2023\/12\/9tqgv5@1500x-300x30.png.webp 300w, https:\/\/apecmodular.com\/wp-content\/uploads\/2023\/12\/9tqgv5@1500x-768x77.png.webp 768w, https:\/\/apecmodular.com\/wp-content\/uploads\/2023\/12\/9tqgv5@1500x.png.webp 1500w\" sizes=\"(max-width: 800px) 100vw, 800px\" title=\"\">\t\t\t\t\t\t\t\t\t\t\t\t\t\t\t<\/div>\n\t\t\t\t<\/div>\n\t\t\t\t\t<\/div>\n\t\t\t\t<\/div>\n\t\t\t\t<\/div>\n\t\t","protected":false},"excerpt":{"rendered":"<p>VI ASSISTIAMO CON LE NOSTRE TECNOLOGIE , D\u2019AVANGUARDIA, E LE SOLUZIONI MODERNE PER LE SPEDIZIONI . FLAT-PACK I moduli dei container sono parzialmente assemblati in fabbricae di seguito imballati in modo ripiegato per essere poi completamente montati in loco. Pi\u00f9 il numero di moduli trasportati dal veicolo aumenta, pi\u00f9 si riduce il costo unitario di [&hellip;]<\/p>\n","protected":false},"author":1,"featured_media":0,"parent":0,"menu_order":0,"comment_status":"closed","ping_status":"closed","template":"","meta":{"inline_featured_image":false,"footnotes":""},"class_list":["post-2198","page","type-page","status-publish","hentry"],"_links":{"self":[{"href":"https:\/\/apecmodular.com\/it\/wp-json\/wp\/v2\/pages\/2198","targetHints":{"allow":["GET"]}}],"collection":[{"href":"https:\/\/apecmodular.com\/it\/wp-json\/wp\/v2\/pages"}],"about":[{"href":"https:\/\/apecmodular.com\/it\/wp-json\/wp\/v2\/types\/page"}],"author":[{"embeddable":true,"href":"https:\/\/apecmodular.com\/it\/wp-json\/wp\/v2\/users\/1"}],"replies":[{"embeddable":true,"href":"https:\/\/apecmodular.com\/it\/wp-json\/wp\/v2\/comments?post=2198"}],"version-history":[{"count":0,"href":"https:\/\/apecmodular.com\/it\/wp-json\/wp\/v2\/pages\/2198\/revisions"}],"wp:attachment":[{"href":"https:\/\/apecmodular.com\/it\/wp-json\/wp\/v2\/media?parent=2198"}],"curies":[{"name":"wp","href":"https:\/\/api.w.org\/{rel}","templated":true}]}}