{"id":12573,"date":"2026-01-26T12:58:54","date_gmt":"2026-01-26T09:58:54","guid":{"rendered":"https:\/\/apecmodular.com\/?page_id=12573"},"modified":"2026-03-26T11:38:13","modified_gmt":"2026-03-26T08:38:13","slug":"guvenlik-kulubeleri","status":"publish","type":"page","link":"https:\/\/apecmodular.com\/tr\/guvenlik-kulubeleri\/","title":{"rendered":"G\u00fcvenlik Kul\u00fcbeleri"},"content":{"rendered":"\t\t<div data-elementor-type=\"wp-page\" data-elementor-id=\"12573\" class=\"elementor elementor-12573\" data-elementor-post-type=\"page\">\n\t\t\t\t<div class=\"elementor-element elementor-element-245a30d e-con-full e-flex e-con e-parent\" data-id=\"245a30d\" data-element_type=\"container\">\n\t\t\t\t<div class=\"elementor-element elementor-element-011ce4e elementor-widget elementor-widget-image\" data-id=\"011ce4e\" data-element_type=\"widget\" data-widget_type=\"image.default\">\n\t\t\t\t<div class=\"elementor-widget-container\">\n\t\t\t\t\t\t\t\t\t\t\t\t\t\t\t<img fetchpriority=\"high\" decoding=\"async\" width=\"1600\" height=\"1200\" src=\"https:\/\/apecmodular.com\/wp-content\/uploads\/2024\/05\/GH-1.webp\" class=\"attachment-full size-full wp-image-14504\" alt=\"\" srcset=\"https:\/\/apecmodular.com\/wp-content\/uploads\/2024\/05\/GH-1.webp 1600w, https:\/\/apecmodular.com\/wp-content\/uploads\/2024\/05\/GH-1-300x225.webp 300w, https:\/\/apecmodular.com\/wp-content\/uploads\/2024\/05\/GH-1-1024x768.webp 1024w, https:\/\/apecmodular.com\/wp-content\/uploads\/2024\/05\/GH-1-768x576.webp 768w, https:\/\/apecmodular.com\/wp-content\/uploads\/2024\/05\/GH-1-1536x1152.webp 1536w\" sizes=\"(max-width: 1600px) 100vw, 1600px\" title=\"\">\t\t\t\t\t\t\t\t\t\t\t\t\t\t\t<\/div>\n\t\t\t\t<\/div>\n\t\t\t\t<\/div>\n\t\t<div class=\"elementor-element elementor-element-ca2ef15 e-flex e-con-boxed e-con e-parent\" data-id=\"ca2ef15\" data-element_type=\"container\" data-settings=\"{&quot;background_background&quot;:&quot;classic&quot;}\">\n\t\t\t\t\t<div class=\"e-con-inner\">\n\t\t<div class=\"elementor-element elementor-element-0fe0b70 e-flex e-con-boxed e-con e-child\" data-id=\"0fe0b70\" data-element_type=\"container\" data-settings=\"{&quot;background_background&quot;:&quot;classic&quot;}\">\n\t\t\t\t\t<div class=\"e-con-inner\">\n\t\t\t\t<div class=\"elementor-element elementor-element-cc06ca3 elementor-widget__width-initial elementor-widget elementor-widget-heading\" data-id=\"cc06ca3\" data-element_type=\"widget\" data-widget_type=\"heading.default\">\n\t\t\t\t<div class=\"elementor-widget-container\">\n\t\t\t\t\t<h1 class=\"elementor-heading-title elementor-size-default\">G\u00dcVENL\u0130K KUL\u00dcBELER\u0130<\/h1>\t\t\t\t<\/div>\n\t\t\t\t<\/div>\n\t\t\t\t\t<\/div>\n\t\t\t\t<\/div>\n\t\t\t\t\t<\/div>\n\t\t\t\t<\/div>\n\t\t<div class=\"elementor-element elementor-element-a1e1157 e-flex e-con-boxed e-con e-parent\" data-id=\"a1e1157\" data-element_type=\"container\">\n\t\t\t\t\t<div class=\"e-con-inner\">\n\t\t\t\t<div class=\"elementor-element elementor-element-87ab921 elementor-widget elementor-widget-text-editor\" data-id=\"87ab921\" data-element_type=\"widget\" data-widget_type=\"text-editor.default\">\n\t\t\t\t<div class=\"elementor-widget-container\">\n\t\t\t\t\t\t\t\t\t<p>G\u00fcvenlik Kabini, g\u00fcvenlik personelinin \u00e7al\u0131\u015fma ko\u015fullar\u0131n\u0131 kolayla\u015ft\u0131ran ve ihtiya\u00e7 duyduklar\u0131 alanlar\u0131 sa\u011flayan ta\u015f\u0131nabilir yap\u0131lard\u0131r. Bu kabinler \u00f6zel tasar\u0131m ve m\u00fchendislik hesaplamalar\u0131yla \u00fcretilir ve dayan\u0131kl\u0131l\u0131klar\u0131yla \u00f6n plana \u00e7\u0131kar. Yap\u0131 malzemesi olarak kullan\u0131lan sandvi\u00e7 paneller ve galvaniz \u015faseleri, g\u00fcvenlik kabinlerini hem sa\u011flam hem de uzun \u00f6m\u00fcrl\u00fc k\u0131lar. Bu \u00fcr\u00fcnler, g\u00fcvenlik kul\u00fcbesinde ihtiya\u00e7 duyulan t\u00fcm gereksinimleri kar\u015f\u0131lamaya y\u00f6neliktir. Bu sayede geleneksel yap\u0131lara g\u00f6re g\u00fcvenlik kabini tercih edilmesi uygun maliyetlidir. Genellikle kare ya da kompakt bir yap\u0131ya sahip olan bu kabinler, dayan\u0131kl\u0131 yap\u0131lar\u0131yla g\u00fcvenlik veya kontrol gibi ama\u00e7larla k\u0131sa ya da uzun s\u00fcreli bar\u0131nma ve \u00e7al\u0131\u015fma alanlar\u0131 i\u00e7in idealdir<\/p>\t\t\t\t\t\t\t\t<\/div>\n\t\t\t\t<\/div>\n\t\t\t\t\t<\/div>\n\t\t\t\t<\/div>\n\t\t<div class=\"elementor-element elementor-element-7240cb6 e-flex e-con-boxed e-con e-child\" data-id=\"7240cb6\" data-element_type=\"container\">\n\t\t\t\t\t<div class=\"e-con-inner\">\n\t\t<div class=\"elementor-element elementor-element-1066890 e-flex e-con-boxed e-con e-child\" data-id=\"1066890\" data-element_type=\"container\">\n\t\t\t\t\t<div class=\"e-con-inner\">\n\t\t\t\t<div class=\"elementor-element elementor-element-1eca10f gallery-spacing-custom elementor-widget__width-initial elementor-widget elementor-widget-image-gallery\" data-id=\"1eca10f\" data-element_type=\"widget\" data-widget_type=\"image-gallery.default\">\n\t\t\t\t<div class=\"elementor-widget-container\">\n\t\t\t\t\t\t\t<div class=\"elementor-image-gallery\">\n\t\t\t<div id='gallery-1' class='gallery galleryid-12573 gallery-columns-2 gallery-size-medium_large'><figure class='gallery-item'>\n\t\t\t<div class='gallery-icon landscape'>\n\t\t\t\t<a data-elementor-open-lightbox=\"yes\" data-elementor-lightbox-slideshow=\"1eca10f\" data-elementor-lightbox-title=\"GH-4\" data-e-action-hash=\"#elementor-action%3Aaction%3Dlightbox%26settings%3DeyJpZCI6MTQ1MDksInVybCI6Imh0dHBzOlwvXC9hcGVjbW9kdWxhci5jb21cL3dwLWNvbnRlbnRcL3VwbG9hZHNcLzIwMjRcLzA1XC9HSC00LWUxNzE1MTU3NjgyNTc5LndlYnAiLCJzbGlkZXNob3ciOiIxZWNhMTBmIn0%3D\" href='https:\/\/apecmodular.com\/wp-content\/uploads\/2024\/05\/GH-4-e1715157682579.webp'><img decoding=\"async\" width=\"768\" height=\"582\" src=\"https:\/\/apecmodular.com\/wp-content\/uploads\/2024\/05\/GH-4-e1715157682579-768x582.webp\" class=\"attachment-medium_large size-medium_large\" alt=\"\" srcset=\"https:\/\/apecmodular.com\/wp-content\/uploads\/2024\/05\/GH-4-e1715157682579-768x582.webp 768w, https:\/\/apecmodular.com\/wp-content\/uploads\/2024\/05\/GH-4-e1715157682579-300x227.webp 300w, https:\/\/apecmodular.com\/wp-content\/uploads\/2024\/05\/GH-4-e1715157682579-1024x776.webp 1024w, https:\/\/apecmodular.com\/wp-content\/uploads\/2024\/05\/GH-4-e1715157682579.webp 1163w\" sizes=\"(max-width: 768px) 100vw, 768px\" title=\"\"><\/a>\n\t\t\t<\/div><\/figure><figure class='gallery-item'>\n\t\t\t<div class='gallery-icon landscape'>\n\t\t\t\t<a data-elementor-open-lightbox=\"yes\" data-elementor-lightbox-slideshow=\"1eca10f\" data-elementor-lightbox-title=\"GH-1\" data-e-action-hash=\"#elementor-action%3Aaction%3Dlightbox%26settings%3DeyJpZCI6MTQ1MDQsInVybCI6Imh0dHBzOlwvXC9hcGVjbW9kdWxhci5jb21cL3dwLWNvbnRlbnRcL3VwbG9hZHNcLzIwMjRcLzA1XC9HSC0xLndlYnAiLCJzbGlkZXNob3ciOiIxZWNhMTBmIn0%3D\" href='https:\/\/apecmodular.com\/wp-content\/uploads\/2024\/05\/GH-1.webp'><img decoding=\"async\" width=\"768\" height=\"576\" src=\"https:\/\/apecmodular.com\/wp-content\/uploads\/2024\/05\/GH-1-768x576.webp\" class=\"attachment-medium_large size-medium_large\" alt=\"\" srcset=\"https:\/\/apecmodular.com\/wp-content\/uploads\/2024\/05\/GH-1-768x576.webp 768w, https:\/\/apecmodular.com\/wp-content\/uploads\/2024\/05\/GH-1-300x225.webp 300w, https:\/\/apecmodular.com\/wp-content\/uploads\/2024\/05\/GH-1-1024x768.webp 1024w, https:\/\/apecmodular.com\/wp-content\/uploads\/2024\/05\/GH-1-1536x1152.webp 1536w, https:\/\/apecmodular.com\/wp-content\/uploads\/2024\/05\/GH-1.webp 1600w\" sizes=\"(max-width: 768px) 100vw, 768px\" title=\"\"><\/a>\n\t\t\t<\/div><\/figure>\n\t\t<\/div>\n\t\t<\/div>\n\t\t\t\t\t\t<\/div>\n\t\t\t\t<\/div>\n\t\t\t\t\t<\/div>\n\t\t\t\t<\/div>\n\t\t\t\t\t<\/div>\n\t\t\t\t<\/div>\n\t\t<div class=\"elementor-element elementor-element-9451fa0 e-flex e-con-boxed e-con e-parent\" data-id=\"9451fa0\" data-element_type=\"container\">\n\t\t\t\t\t<div class=\"e-con-inner\">\n\t\t\t\t<div class=\"elementor-element elementor-element-db2c451 elementor-widget elementor-widget-heading\" data-id=\"db2c451\" data-element_type=\"widget\" data-widget_type=\"heading.default\">\n\t\t\t\t<div class=\"elementor-widget-container\">\n\t\t\t\t\t<h2 class=\"elementor-heading-title elementor-size-default\">G\u00fcvenlik Kabini ve Avantajlar\u0131<\/h2>\t\t\t\t<\/div>\n\t\t\t\t<\/div>\n\t\t\t\t\t<\/div>\n\t\t\t\t<\/div>\n\t\t<div class=\"elementor-element elementor-element-b7344cc e-flex e-con-boxed e-con e-parent\" data-id=\"b7344cc\" data-element_type=\"container\">\n\t\t\t\t\t<div class=\"e-con-inner\">\n\t\t\t\t<div class=\"elementor-element elementor-element-ffea5d7 elementor-widget elementor-widget-text-editor\" data-id=\"ffea5d7\" data-element_type=\"widget\" data-widget_type=\"text-editor.default\">\n\t\t\t\t<div class=\"elementor-widget-container\">\n\t\t\t\t\t\t\t\t\t<p><strong>G\u00fcvenlik kabini<\/strong> bek\u00e7i ya da g\u00fcvenlik g\u00f6revlilerinin g\u00f6rev yapt\u0131\u011f\u0131 alanlarda temel ihtiya\u00e7lar\u0131n\u0131 kar\u015f\u0131lamalar\u0131 ve e\u015fyalar\u0131n\u0131 muhafaza etmeleri i\u00e7in tasarlanm\u0131\u015ft\u0131r. Bu yap\u0131lar\u0131n en b\u00fcy\u00fck avantajlar\u0131ndan biri ta\u015f\u0131nabilir olmalar\u0131d\u0131r. <strong>G\u00fcvenlik kabini<\/strong> bir fabrikadan in\u015faat alan\u0131na, konser sahalar\u0131ndan park giri\u015flerine kadar pek \u00e7ok farkl\u0131 noktada kullan\u0131labilir. \u00d6rne\u011fin bir fabrikan\u0131n kuzey kap\u0131s\u0131nda kullan\u0131lan, bir g\u00fcvenlik kabini ayn\u0131 g\u00fcn i\u00e7inde g\u00fcney kap\u0131s\u0131na ta\u015f\u0131narak yeniden kullan\u0131labilir. Montaj ya da in\u015faat s\u00fcreci gerektirmedi\u011fi i\u00e7in zamandan tasarruf sa\u011flar. \u00dcstelik sat\u0131n al\u0131nd\u0131\u011f\u0131 g\u00fcn kullan\u0131ma haz\u0131r olmas\u0131 i\u015fletmeler i\u00e7in hem pratik hem de ekonomik<br \/>bir \u00e7\u00f6z\u00fcm sunar.<\/p><p>Konteyner g\u00fcvenlik yap\u0131lar\u0131n\u0131n avantajlar\u0131 aras\u0131nda hava ko\u015fullar\u0131na dayan\u0131kl\u0131 olmas\u0131 da bulunur. Ya\u011fmur, kar, r\u00fczg\u00e2r gibi \u00e7evresel etkilere kar\u015f\u0131 diren\u00e7li olarak \u00fcretilen bu kabinler, uzun y\u0131llar g\u00fcvenli bir kullan\u0131m sa\u011flar.<\/p>\t\t\t\t\t\t\t\t<\/div>\n\t\t\t\t<\/div>\n\t\t\t\t\t<\/div>\n\t\t\t\t<\/div>\n\t\t<div class=\"elementor-element elementor-element-cc769e4 e-flex e-con-boxed e-con e-parent\" data-id=\"cc769e4\" data-element_type=\"container\">\n\t\t\t\t\t<div class=\"e-con-inner\">\n\t\t\t\t<div class=\"elementor-element elementor-element-8ebdaa4 elementor-widget elementor-widget-heading\" data-id=\"8ebdaa4\" data-element_type=\"widget\" data-widget_type=\"heading.default\">\n\t\t\t\t<div class=\"elementor-widget-container\">\n\t\t\t\t\t<h2 class=\"elementor-heading-title elementor-size-default\">G\u00fcvenlik Kul\u00fcbesinin \u00d6zellikleri Nedir?<\/h2>\t\t\t\t<\/div>\n\t\t\t\t<\/div>\n\t\t\t\t\t<\/div>\n\t\t\t\t<\/div>\n\t\t<div class=\"elementor-element elementor-element-8afd3ab e-flex e-con-boxed e-con e-parent\" data-id=\"8afd3ab\" data-element_type=\"container\">\n\t\t\t\t\t<div class=\"e-con-inner\">\n\t\t\t\t<div class=\"elementor-element elementor-element-3bf2ba6 elementor-widget elementor-widget-text-editor\" data-id=\"3bf2ba6\" data-element_type=\"widget\" data-widget_type=\"text-editor.default\">\n\t\t\t\t<div class=\"elementor-widget-container\">\n\t\t\t\t\t\t\t\t\t<p>Bir g\u00fcvenlik kul\u00fcbesi sat\u0131n almay\u0131 d\u00fc\u015f\u00fcn\u00fcyorsan\u0131z belirli \u00f6zelliklere dikkat etmeniz \u00f6nemlidir. Standart bir g\u00fcvenlik kul\u00fcbesinde genellikle \u015fu unsurlar bulunur:<\/p><ul><li>Elektrik tesisat\u0131: Ayd\u0131nlatma, prizler ve di\u011fer elektrik ba\u011flant\u0131lar\u0131 haz\u0131r olarak gelir.<\/li><li>Hava sirk\u00fclasyonu: Do\u011fal havaland\u0131rma veya ek bir sistemle i\u00e7erideki hava dola\u015f\u0131m\u0131 sa\u011flan\u0131r.<\/li><li>Kap\u0131 ve pencereler: Dayan\u0131kl\u0131 malzemelerden \u00fcretilmi\u015f olup, g\u00fcvenlik ve kullan\u0131m kolayl\u0131\u011f\u0131 sunar.<\/li><li>Ek donan\u0131m se\u00e7enekleri: \u0130\u015fletmenize \u00f6zel talepler do\u011frultusunda raf, havaland\u0131rma sistemi veya ek g\u00fcvenlik unsurlar\u0131 eklenebilir.<\/li><\/ul><p>Dayan\u0131kl\u0131 ve uzun \u00f6m\u00fcrl\u00fc \u00fcretim g\u00fcvenlik kabini \u00e7\u00f6z\u00fcmlerinin temel \u00f6zelliklerindendir. Bu yap\u0131lar\u0131n kaliteli malzemelerle \u00fcretilmi\u015f olmas\u0131 kullan\u0131m \u00f6mr\u00fcn\u00fc on y\u0131llara \u00e7\u0131karabilir.<\/p>\t\t\t\t\t\t\t\t<\/div>\n\t\t\t\t<\/div>\n\t\t\t\t\t<\/div>\n\t\t\t\t<\/div>\n\t\t<div class=\"elementor-element elementor-element-cc50c9f e-flex e-con-boxed e-con e-parent\" data-id=\"cc50c9f\" data-element_type=\"container\">\n\t\t\t\t\t<div class=\"e-con-inner\">\n\t\t\t\t<div class=\"elementor-element elementor-element-5a33f74 elementor-widget elementor-widget-heading\" data-id=\"5a33f74\" data-element_type=\"widget\" data-widget_type=\"heading.default\">\n\t\t\t\t<div class=\"elementor-widget-container\">\n\t\t\t\t\t<h2 class=\"elementor-heading-title elementor-size-default\">G\u00fcvenlik Kabini Nerelerde Kullan\u0131l\u0131r?<\/h2>\t\t\t\t<\/div>\n\t\t\t\t<\/div>\n\t\t\t\t\t<\/div>\n\t\t\t\t<\/div>\n\t\t<div class=\"elementor-element elementor-element-8d52190 e-flex e-con-boxed e-con e-parent\" data-id=\"8d52190\" data-element_type=\"container\">\n\t\t\t\t\t<div class=\"e-con-inner\">\n\t\t\t\t<div class=\"elementor-element elementor-element-bfb53a7 elementor-widget elementor-widget-text-editor\" data-id=\"bfb53a7\" data-element_type=\"widget\" data-widget_type=\"text-editor.default\">\n\t\t\t\t<div class=\"elementor-widget-container\">\n\t\t\t\t\t\t\t\t\t<p><strong>G\u00fcvenlik kabini modern<\/strong> bir yap\u0131 anlay\u0131\u015f\u0131yla \u00fcretildi\u011fi i\u00e7in, geni\u015f bir kullan\u0131m alan\u0131na sahiptir. Baz\u0131 kullan\u0131m alanlar\u0131 \u015fu \u015fekilde s\u0131ralanabilir:<\/p><ul><li><strong>Fabrikalar:<\/strong> \u00c7al\u0131\u015fan giri\u015f-\u00e7\u0131k\u0131\u015f noktalar\u0131n\u0131n kontrol\u00fcn\u00fc sa\u011flamak i\u00e7in idealdir.<\/li><li><strong>\u015eantiye alanlar\u0131:<\/strong> \u0130n\u015faat projelerinde ge\u00e7ici ama sa\u011flam bir kontrol noktas\u0131 olu\u015fturur.<\/li><li><strong>Etkinlik alanlar\u0131:<\/strong> Konser, festival gibi b\u00fcy\u00fck organizasyonlarda g\u00fcvenlik g\u00f6revlilerinin merkezi olarak kullan\u0131l\u0131r.<\/li><li><strong>Park ve bah\u00e7eler:<\/strong> Ziyaret\u00e7ilerin giri\u015f yapt\u0131\u011f\u0131 noktalarda ya da park\u0131n g\u00fcvenli\u011fini sa\u011flamak i\u00e7in kullan\u0131l\u0131r.<\/li><\/ul><p>Bu kabinler kullan\u0131ld\u0131klar\u0131 alana de\u011fer katar ve g\u00fcvenli\u011fi art\u0131r\u0131r. Ayr\u0131ca ta\u015f\u0131nabilirlikleri sayesinde i\u015fletmelerin farkl\u0131 noktalardaki g\u00fcvenlik ihtiya\u00e7lar\u0131n\u0131 kar\u015f\u0131lamas\u0131 kolayla\u015f\u0131r.<\/p>\t\t\t\t\t\t\t\t<\/div>\n\t\t\t\t<\/div>\n\t\t\t\t\t<\/div>\n\t\t\t\t<\/div>\n\t\t<div class=\"elementor-element elementor-element-8e04301 e-flex e-con-boxed e-con e-parent\" data-id=\"8e04301\" data-element_type=\"container\">\n\t\t\t\t\t<div class=\"e-con-inner\">\n\t\t\t\t<div class=\"elementor-element elementor-element-75c46fc elementor-widget elementor-widget-heading\" data-id=\"75c46fc\" data-element_type=\"widget\" data-widget_type=\"heading.default\">\n\t\t\t\t<div class=\"elementor-widget-container\">\n\t\t\t\t\t<h2 class=\"elementor-heading-title elementor-size-default\">G\u00fcvenlik Kabini \u0130\u00e7in \u00d6nemli Kriterler Neler?<\/h2>\t\t\t\t<\/div>\n\t\t\t\t<\/div>\n\t\t\t\t\t<\/div>\n\t\t\t\t<\/div>\n\t\t<div class=\"elementor-element elementor-element-c7c17c4 e-flex e-con-boxed e-con e-parent\" data-id=\"c7c17c4\" data-element_type=\"container\">\n\t\t\t\t\t<div class=\"e-con-inner\">\n\t\t\t\t<div class=\"elementor-element elementor-element-a4d2372 elementor-widget elementor-widget-text-editor\" data-id=\"a4d2372\" data-element_type=\"widget\" data-widget_type=\"text-editor.default\">\n\t\t\t\t<div class=\"elementor-widget-container\">\n\t\t\t\t\t\t\t\t\t<p><strong>G\u00fcvenlik<\/strong> kabini sat\u0131n al\u0131rken g\u00f6z \u00f6n\u00fcnde bulundurman\u0131z gereken baz\u0131 kriterler vard\u0131r. Kaliteli bir g\u00fcvenlik kabini \u015fu \u00f6zellikleri ta\u015f\u0131mal\u0131d\u0131r:<\/p><ul><li><strong>Dayan\u0131kl\u0131 Malzeme:<\/strong> Kabinin Galvaniz gibi uzun \u00f6m\u00fcrl\u00fc ve dayan\u0131kl\u0131 materyallerden \u00fcretilmi\u015f olmas\u0131 gerekir.<\/li><li><strong>Kullan\u0131m Kolayl\u0131\u011f\u0131:<\/strong> Montaj gerektirmeyen ta\u015f\u0131nabilir yap\u0131lar tercih edilmelidir.<\/li><li><strong>Tasar\u0131m Esnekli\u011fi:<\/strong> \u0130\u015fletmenize \u00f6zel eklemeler yap\u0131labilmesi \u00f6nemlidir. \u00d6rne\u011fin ek havaland\u0131rma ya da g\u00fcvenlik sistemi gibi unsurlar talep edilebilir.<\/li><li><strong>Hizmet Kalitesi:<\/strong> G\u00fcvenilir bir \u00fcreticiden sat\u0131n al\u0131nan kabinler hem uygun fiyat hem de y\u00fcksek kalite sunacakt\u0131r.<\/li><\/ul><p>Modern tesislerde \u00fcretilen g\u00fcvenlik kul\u00fcbeleri i\u015fletmelerin ihtiya\u00e7lar\u0131na g\u00f6re standart ya da \u00f6zel tasar\u0131mlarla sunulabilir. Elektrik tesisat\u0131ndan pencerelerine kadar kullan\u0131ma haz\u0131r bir \u015fekilde teslim edilen bu kabinler hem ekonomik hem de pratik bir \u00e7\u00f6z\u00fcm sa\u011flamaktad\u0131r.<\/p><p><strong>Modern g\u00fcvenlik kul\u00fcbesi<\/strong> \u00e7\u00f6z\u00fcmleri ta\u015f\u0131nabilir yap\u0131lar\u0131yla i\u015fletmelerin g\u00fcvenlik ihtiya\u00e7lar\u0131n\u0131 etkili bir \u015fekilde kar\u015f\u0131lar. Dayan\u0131kl\u0131 yap\u0131lar\u0131, kullan\u0131m kolayl\u0131\u011f\u0131 ve ekonomik avantajlar\u0131 sayesinde pek \u00e7ok alanda tercih edilen bu kabinler hem k\u0131sa hem de uzun vadede i\u015fletmeler i\u00e7in ideal bir yat\u0131r\u0131m sunar. Sat\u0131n al\u0131rken kalite, dayan\u0131kl\u0131l\u0131k ve kullan\u0131m amac\u0131na uygunluk gibi kriterleri dikkate almak bu yap\u0131lar\u0131n avantajlar\u0131ndan tam anlam\u0131yla yararlanman\u0131z\u0131 sa\u011flayacakt\u0131r.<\/p>\t\t\t\t\t\t\t\t<\/div>\n\t\t\t\t<\/div>\n\t\t\t\t\t<\/div>\n\t\t\t\t<\/div>\n\t\t\t\t<\/div>\n\t\t","protected":false},"excerpt":{"rendered":"<p>G\u00dcVENL\u0130K KUL\u00dcBELER\u0130 G\u00fcvenlik Kabini, g\u00fcvenlik personelinin \u00e7al\u0131\u015fma ko\u015fullar\u0131n\u0131 kolayla\u015ft\u0131ran ve ihtiya\u00e7 duyduklar\u0131 alanlar\u0131 sa\u011flayan ta\u015f\u0131nabilir yap\u0131lard\u0131r. Bu kabinler \u00f6zel tasar\u0131m ve m\u00fchendislik hesaplamalar\u0131yla \u00fcretilir ve dayan\u0131kl\u0131l\u0131klar\u0131yla \u00f6n plana \u00e7\u0131kar. Yap\u0131 malzemesi olarak kullan\u0131lan sandvi\u00e7 paneller ve galvaniz \u015faseleri, g\u00fcvenlik kabinlerini hem sa\u011flam hem de uzun \u00f6m\u00fcrl\u00fc k\u0131lar. Bu \u00fcr\u00fcnler, g\u00fcvenlik kul\u00fcbesinde ihtiya\u00e7 duyulan t\u00fcm gereksinimleri [&hellip;]<\/p>\n","protected":false},"author":1,"featured_media":0,"parent":0,"menu_order":0,"comment_status":"closed","ping_status":"closed","template":"","meta":{"inline_featured_image":false,"footnotes":""},"class_list":["post-12573","page","type-page","status-publish","hentry"],"_links":{"self":[{"href":"https:\/\/apecmodular.com\/tr\/wp-json\/wp\/v2\/pages\/12573","targetHints":{"allow":["GET"]}}],"collection":[{"href":"https:\/\/apecmodular.com\/tr\/wp-json\/wp\/v2\/pages"}],"about":[{"href":"https:\/\/apecmodular.com\/tr\/wp-json\/wp\/v2\/types\/page"}],"author":[{"embeddable":true,"href":"https:\/\/apecmodular.com\/tr\/wp-json\/wp\/v2\/users\/1"}],"replies":[{"embeddable":true,"href":"https:\/\/apecmodular.com\/tr\/wp-json\/wp\/v2\/comments?post=12573"}],"version-history":[{"count":1,"href":"https:\/\/apecmodular.com\/tr\/wp-json\/wp\/v2\/pages\/12573\/revisions"}],"predecessor-version":[{"id":25812,"href":"https:\/\/apecmodular.com\/tr\/wp-json\/wp\/v2\/pages\/12573\/revisions\/25812"}],"wp:attachment":[{"href":"https:\/\/apecmodular.com\/tr\/wp-json\/wp\/v2\/media?parent=12573"}],"curies":[{"name":"wp","href":"https:\/\/api.w.org\/{rel}","templated":true}]}}