{"id":18089,"date":"2025-01-30T13:13:31","date_gmt":"2025-01-30T10:13:31","guid":{"rendered":"https:\/\/apecmodular.com\/?page_id=18089"},"modified":"2025-06-04T14:10:06","modified_gmt":"2025-06-04T11:10:06","slug":"hafif-celik-konteyner","status":"publish","type":"page","link":"https:\/\/apecmodular.com\/tr\/hafif-celik-konteyner\/","title":{"rendered":"Hafif \u00c7elik Konteyner"},"content":{"rendered":"\t\t<div data-elementor-type=\"wp-page\" data-elementor-id=\"18089\" class=\"elementor elementor-18089 elementor-18066\" data-elementor-post-type=\"page\">\n\t\t\t\t<div class=\"elementor-element elementor-element-553c1fa e-con-full e-flex e-con e-parent\" data-id=\"553c1fa\" data-element_type=\"container\">\n\t\t\t\t<div class=\"elementor-element elementor-element-ca00419 elementor-widget elementor-widget-image\" data-id=\"ca00419\" data-element_type=\"widget\" data-widget_type=\"image.default\">\n\t\t\t\t<div class=\"elementor-widget-container\">\n\t\t\t\t\t\t\t\t\t\t\t\t\t\t\t<img fetchpriority=\"high\" decoding=\"async\" width=\"800\" height=\"600\" src=\"https:\/\/apecmodular.com\/wp-content\/uploads\/2024\/05\/GH-1-1-1024x768.webp\" class=\"attachment-large size-large wp-image-14603\" alt=\"\" srcset=\"https:\/\/apecmodular.com\/wp-content\/uploads\/2024\/05\/GH-1-1-1024x768.webp 1024w, https:\/\/apecmodular.com\/wp-content\/uploads\/2024\/05\/GH-1-1-300x225.webp 300w, https:\/\/apecmodular.com\/wp-content\/uploads\/2024\/05\/GH-1-1-768x576.webp 768w, https:\/\/apecmodular.com\/wp-content\/uploads\/2024\/05\/GH-1-1-1536x1152.webp 1536w, https:\/\/apecmodular.com\/wp-content\/uploads\/2024\/05\/GH-1-1.webp 1600w\" sizes=\"(max-width: 800px) 100vw, 800px\" title=\"\">\t\t\t\t\t\t\t\t\t\t\t\t\t\t\t<\/div>\n\t\t\t\t<\/div>\n\t\t\t\t<\/div>\n\t\t<div class=\"elementor-element elementor-element-ca2ef15 e-flex e-con-boxed e-con e-parent\" data-id=\"ca2ef15\" data-element_type=\"container\" data-settings=\"{&quot;background_background&quot;:&quot;classic&quot;}\">\n\t\t\t\t\t<div class=\"e-con-inner\">\n\t\t<div class=\"elementor-element elementor-element-0fe0b70 e-flex e-con-boxed e-con e-child\" data-id=\"0fe0b70\" data-element_type=\"container\" data-settings=\"{&quot;background_background&quot;:&quot;classic&quot;}\">\n\t\t\t\t\t<div class=\"e-con-inner\">\n\t\t<div class=\"elementor-element elementor-element-d31fe68 e-con-full e-flex e-con e-child\" data-id=\"d31fe68\" data-element_type=\"container\">\n\t\t\t\t<div class=\"elementor-element elementor-element-62aebd9 elementor-widget__width-initial elementor-align-right elementor-widget elementor-widget-button\" data-id=\"62aebd9\" data-element_type=\"widget\" data-widget_type=\"button.default\">\n\t\t\t\t<div class=\"elementor-widget-container\">\n\t\t\t\t\t\t\t\t\t<div class=\"elementor-button-wrapper\">\n\t\t\t\t\t<a class=\"elementor-button elementor-button-link elementor-size-md\" href=\"https:\/\/apecmodular.com\/\">\n\t\t\t\t\t\t<span class=\"elementor-button-content-wrapper\">\n\t\t\t\t\t\t\t\t\t<span class=\"elementor-button-text\">BACK TO THE HOMEPAGE<\/span>\n\t\t\t\t\t<\/span>\n\t\t\t\t\t<\/a>\n\t\t\t\t<\/div>\n\t\t\t\t\t\t\t\t<\/div>\n\t\t\t\t<\/div>\n\t\t\t\t<\/div>\n\t\t\t\t<div class=\"elementor-element elementor-element-cc06ca3 elementor-widget__width-initial elementor-widget elementor-widget-heading\" data-id=\"cc06ca3\" data-element_type=\"widget\" data-widget_type=\"heading.default\">\n\t\t\t\t<div class=\"elementor-widget-container\">\n\t\t\t\t\t<h1 class=\"elementor-heading-title elementor-size-default\">HAF\u0130F \u00c7EL\u0130K KONTEYNER<\/h1>\t\t\t\t<\/div>\n\t\t\t\t<\/div>\n\t\t\t\t\t<\/div>\n\t\t\t\t<\/div>\n\t\t\t\t\t<\/div>\n\t\t\t\t<\/div>\n\t\t<div class=\"elementor-element elementor-element-8dc54a2 e-flex e-con-boxed e-con e-parent\" data-id=\"8dc54a2\" data-element_type=\"container\">\n\t\t\t\t\t<div class=\"e-con-inner\">\n\t\t\t\t<div class=\"elementor-element elementor-element-c1a09cc elementor-widget elementor-widget-text-editor\" data-id=\"c1a09cc\" data-element_type=\"widget\" data-widget_type=\"text-editor.default\">\n\t\t\t\t<div class=\"elementor-widget-container\">\n\t\t\t\t\t\t\t\t\t<p><strong>Hafif \u00e7elik konteyner<\/strong> yap\u0131lar g\u00fcn\u00fcm\u00fczde modern in\u015faat sekt\u00f6r\u00fcn\u00fcn en pratik ve verimli \u00e7\u00f6z\u00fcmleri aras\u0131nda yer almaktad\u0131r. Galvanize \u00e7elik malzemenin so\u011fuk \u015fekillendirme y\u00f6ntemiyle i\u015flenmesi sonucu elde edilen bu yap\u0131 elemanlar\u0131 dayan\u0131kl\u0131l\u0131k ve hafiflik gibi \u00fcst\u00fcn \u00f6zellikler sunar. <strong>Hafif \u00e7elik karkas konteyner kullan\u0131m\u0131<\/strong> hem ekonomik hem de h\u0131zl\u0131 bir in\u015faat s\u00fcreci sa\u011flad\u0131\u011f\u0131 i\u00e7in giderek daha fazla tercih edilmektedir.<\/p>\t\t\t\t\t\t\t\t<\/div>\n\t\t\t\t<\/div>\n\t\t\t\t\t<\/div>\n\t\t\t\t<\/div>\n\t\t<div class=\"elementor-element elementor-element-7b13191 e-flex e-con-boxed e-con e-child\" data-id=\"7b13191\" data-element_type=\"container\">\n\t\t\t\t\t<div class=\"e-con-inner\">\n\t\t<div class=\"elementor-element elementor-element-af9e6d8 e-flex e-con-boxed e-con e-child\" data-id=\"af9e6d8\" data-element_type=\"container\">\n\t\t\t\t\t<div class=\"e-con-inner\">\n\t\t\t\t<div class=\"elementor-element elementor-element-4d914b3 gallery-spacing-custom elementor-widget__width-initial elementor-widget elementor-widget-image-gallery\" data-id=\"4d914b3\" data-element_type=\"widget\" data-widget_type=\"image-gallery.default\">\n\t\t\t\t<div class=\"elementor-widget-container\">\n\t\t\t\t\t\t\t<div class=\"elementor-image-gallery\">\n\t\t\t<div id='gallery-1' class='gallery galleryid-18089 gallery-columns-2 gallery-size-medium_large'><figure class='gallery-item'>\n\t\t\t<div class='gallery-icon landscape'>\n\t\t\t\t<a data-elementor-open-lightbox=\"yes\" data-elementor-lightbox-slideshow=\"4d914b3\" data-elementor-lightbox-title=\"GH-1.webp\" data-e-action-hash=\"#elementor-action%3Aaction%3Dlightbox%26settings%3DeyJpZCI6MTQ2MDMsInVybCI6Imh0dHBzOlwvXC9hcGVjbW9kdWxhci5jb21cL3dwLWNvbnRlbnRcL3VwbG9hZHNcLzIwMjRcLzA1XC9HSC0xLTEud2VicCIsInNsaWRlc2hvdyI6IjRkOTE0YjMifQ%3D%3D\" href='https:\/\/apecmodular.com\/wp-content\/uploads\/2024\/05\/GH-1-1.webp'><img decoding=\"async\" width=\"768\" height=\"576\" src=\"https:\/\/apecmodular.com\/wp-content\/uploads\/2024\/05\/GH-1-1-768x576.webp\" class=\"attachment-medium_large size-medium_large\" alt=\"\" srcset=\"https:\/\/apecmodular.com\/wp-content\/uploads\/2024\/05\/GH-1-1-768x576.webp 768w, https:\/\/apecmodular.com\/wp-content\/uploads\/2024\/05\/GH-1-1-300x225.webp 300w, https:\/\/apecmodular.com\/wp-content\/uploads\/2024\/05\/GH-1-1-1024x768.webp 1024w, https:\/\/apecmodular.com\/wp-content\/uploads\/2024\/05\/GH-1-1-1536x1152.webp 1536w, https:\/\/apecmodular.com\/wp-content\/uploads\/2024\/05\/GH-1-1.webp 1600w\" sizes=\"(max-width: 768px) 100vw, 768px\" title=\"\"><\/a>\n\t\t\t<\/div><\/figure><figure class='gallery-item'>\n\t\t\t<div class='gallery-icon landscape'>\n\t\t\t\t<a data-elementor-open-lightbox=\"yes\" data-elementor-lightbox-slideshow=\"4d914b3\" data-elementor-lightbox-title=\"GH-4-e1715157682579.webp\" data-e-action-hash=\"#elementor-action%3Aaction%3Dlightbox%26settings%3DeyJpZCI6MTQ2MDgsInVybCI6Imh0dHBzOlwvXC9hcGVjbW9kdWxhci5jb21cL3dwLWNvbnRlbnRcL3VwbG9hZHNcLzIwMjRcLzA1XC9HSC00LWUxNzE1MTU3NjgyNTc5LTEud2VicCIsInNsaWRlc2hvdyI6IjRkOTE0YjMifQ%3D%3D\" href='https:\/\/apecmodular.com\/wp-content\/uploads\/2024\/05\/GH-4-e1715157682579-1.webp'><img decoding=\"async\" width=\"768\" height=\"582\" src=\"https:\/\/apecmodular.com\/wp-content\/uploads\/2024\/05\/GH-4-e1715157682579-1-768x582.webp\" class=\"attachment-medium_large size-medium_large\" alt=\"\" srcset=\"https:\/\/apecmodular.com\/wp-content\/uploads\/2024\/05\/GH-4-e1715157682579-1-768x582.webp 768w, https:\/\/apecmodular.com\/wp-content\/uploads\/2024\/05\/GH-4-e1715157682579-1-300x227.webp 300w, https:\/\/apecmodular.com\/wp-content\/uploads\/2024\/05\/GH-4-e1715157682579-1-1024x776.webp 1024w, https:\/\/apecmodular.com\/wp-content\/uploads\/2024\/05\/GH-4-e1715157682579-1.webp 1163w\" sizes=\"(max-width: 768px) 100vw, 768px\" title=\"\"><\/a>\n\t\t\t<\/div><\/figure>\n\t\t<\/div>\n\t\t<\/div>\n\t\t\t\t\t\t<\/div>\n\t\t\t\t<\/div>\n\t\t\t\t\t<\/div>\n\t\t\t\t<\/div>\n\t\t\t\t\t<\/div>\n\t\t\t\t<\/div>\n\t\t<div class=\"elementor-element elementor-element-a8258cb e-flex e-con-boxed e-con e-parent\" data-id=\"a8258cb\" data-element_type=\"container\">\n\t\t\t\t\t<div class=\"e-con-inner\">\n\t\t\t\t<div class=\"elementor-element elementor-element-3ab801d elementor-widget elementor-widget-heading\" data-id=\"3ab801d\" data-element_type=\"widget\" data-widget_type=\"heading.default\">\n\t\t\t\t<div class=\"elementor-widget-container\">\n\t\t\t\t\t<h2 class=\"elementor-heading-title elementor-size-default\">Hafif \u00c7elik Konteynerlerin \u00d6zellikleri<\/h2>\t\t\t\t<\/div>\n\t\t\t\t<\/div>\n\t\t\t\t\t<\/div>\n\t\t\t\t<\/div>\n\t\t<div class=\"elementor-element elementor-element-d247362 e-flex e-con-boxed e-con e-parent\" data-id=\"d247362\" data-element_type=\"container\">\n\t\t\t\t\t<div class=\"e-con-inner\">\n\t\t\t\t<div class=\"elementor-element elementor-element-4541da6 elementor-widget elementor-widget-text-editor\" data-id=\"4541da6\" data-element_type=\"widget\" data-widget_type=\"text-editor.default\">\n\t\t\t\t<div class=\"elementor-widget-container\">\n\t\t\t\t\t\t\t\t\t<p><strong>Hafif \u00e7elik konteyner \u00f6zellikleri<\/strong> yap\u0131lar\u0131n uzun \u00f6m\u00fcrl\u00fc ve dayan\u0131kl\u0131 olmas\u0131n\u0131 sa\u011flayan bir\u00e7ok avantaja sahiptir. Galvanize \u00e7elik profillerden \u00fcretilen bu sistemler, y\u00fcksek mukavemet-a\u011f\u0131rl\u0131k oran\u0131na sahiptir. Bu da depreme dayan\u0131kl\u0131l\u0131k a\u00e7\u0131s\u0131ndan \u00f6nemli bir avantaj sunar. Hafif olmalar\u0131 nedeniyle deprem s\u0131ras\u0131nda yap\u0131lara etki eden kuvvetler azal\u0131r ve bu da yap\u0131n\u0131n daha g\u00fcvenli bir \u015fekilde ayakta kalmas\u0131n\u0131 sa\u011flar.<\/p><p>Bir di\u011fer \u00f6nemli \u00f6zellik ise \u00e7elik malzemenin plastik \u015fekil de\u011fi\u015ftirme yetene\u011fidir. Betonarme yap\u0131larda s\u0131k\u00e7a g\u00f6r\u00fclen ani \u00e7\u00f6kme riskleri hafif \u00e7elik sistemlerde ya\u015fanmaz. \u00c7\u00fcnk\u00fc \u00e7elik malzeme y\u00fcksek gerilme durumlar\u0131nda ani k\u0131r\u0131lmak yerine \u015fekil de\u011fi\u015ftirerek y\u00fck\u00fc absorbe eder. Bu da deprem gibi do\u011fal afetler sonras\u0131 binan\u0131n g\u00fcvenli bir \u015fekilde kullan\u0131lmas\u0131na olanak tan\u0131r.<\/p>\t\t\t\t\t\t\t\t<\/div>\n\t\t\t\t<\/div>\n\t\t\t\t\t<\/div>\n\t\t\t\t<\/div>\n\t\t<div class=\"elementor-element elementor-element-aee1d90 e-flex e-con-boxed e-con e-parent\" data-id=\"aee1d90\" data-element_type=\"container\">\n\t\t\t\t\t<div class=\"e-con-inner\">\n\t\t\t\t<div class=\"elementor-element elementor-element-502e972 elementor-widget elementor-widget-heading\" data-id=\"502e972\" data-element_type=\"widget\" data-widget_type=\"heading.default\">\n\t\t\t\t<div class=\"elementor-widget-container\">\n\t\t\t\t\t<h2 class=\"elementor-heading-title elementor-size-default\">Hafif \u00c7elik Konteyner Yap\u0131m S\u00fcreci<\/h2>\t\t\t\t<\/div>\n\t\t\t\t<\/div>\n\t\t\t\t\t<\/div>\n\t\t\t\t<\/div>\n\t\t<div class=\"elementor-element elementor-element-7041e42 e-flex e-con-boxed e-con e-parent\" data-id=\"7041e42\" data-element_type=\"container\">\n\t\t\t\t\t<div class=\"e-con-inner\">\n\t\t\t\t<div class=\"elementor-element elementor-element-e7a1b75 elementor-widget elementor-widget-text-editor\" data-id=\"e7a1b75\" data-element_type=\"widget\" data-widget_type=\"text-editor.default\">\n\t\t\t\t<div class=\"elementor-widget-container\">\n\t\t\t\t\t\t\t\t\t<p><strong>Hafif \u00e7elik karkasl\u0131 konteyner yap\u0131lar<\/strong> planlama a\u015famas\u0131ndan montaja kadar profesyonel bir s\u00fcre\u00e7le in\u015fa edilir. \u00d6ncelikle binan\u0131n tasar\u0131m\u0131 ve statik projeleri haz\u0131rlan\u0131r. Bu projelere uygun olarak galvanize \u00e7elik profiller fabrikada \u00fcretilir. Profillerin \u00fcretiminde her a\u015fama dikkatle kontrol edildi\u011fi i\u00e7in hata pay\u0131 s\u0131f\u0131ra yak\u0131nd\u0131r.<\/p><p>\u00dcretilen yap\u0131 elemanlar\u0131 uygulama sahas\u0131na uzakl\u0131k ve nakliye ko\u015fullar\u0131 dikkate al\u0131narak profil ya da panelize edilmi\u015f halde sevk edilir. \u0130n\u015faat sahas\u0131na ula\u015ft\u0131r\u0131lan par\u00e7alar uzman montaj ekipleri taraf\u0131ndan mimari plana uygun \u015fekilde bir araya getirilir. Montaj s\u0131ras\u0131nda yaln\u0131zca \u00f6zel ba\u011flant\u0131 vidalar\u0131 kullan\u0131l\u0131r ve kaynak i\u015flemi yap\u0131lmaz. Bu y\u00f6ntem yap\u0131 elemanlar\u0131n\u0131n deformasyona u\u011framas\u0131n\u0131 engeller ve montaj\u0131n daha h\u0131zl\u0131 tamamlanmas\u0131n\u0131 sa\u011flar.<\/p><p>Montaj\u0131 biten konteyner yap\u0131lar\u0131n i\u00e7 ve d\u0131\u015f yal\u0131t\u0131m\u0131 ta\u015f y\u00fcn\u00fc veya cam y\u00fcn\u00fc gibi malzemelerle sa\u011flan\u0131r. Duvarlar ise fibercement gibi dayan\u0131kl\u0131 kaplama malzemeleriyle kaplanarak hem estetik hem de dayan\u0131kl\u0131l\u0131k a\u00e7\u0131s\u0131ndan \u00fcst d\u00fczey bir sonu\u00e7 elde edilir.<\/p>\t\t\t\t\t\t\t\t<\/div>\n\t\t\t\t<\/div>\n\t\t\t\t\t<\/div>\n\t\t\t\t<\/div>\n\t\t<div class=\"elementor-element elementor-element-6508b6a e-flex e-con-boxed e-con e-parent\" data-id=\"6508b6a\" data-element_type=\"container\">\n\t\t\t\t\t<div class=\"e-con-inner\">\n\t\t\t\t<div class=\"elementor-element elementor-element-779c48b elementor-widget elementor-widget-heading\" data-id=\"779c48b\" data-element_type=\"widget\" data-widget_type=\"heading.default\">\n\t\t\t\t<div class=\"elementor-widget-container\">\n\t\t\t\t\t<h2 class=\"elementor-heading-title elementor-size-default\">Hafif \u00c7elik Konteyner \u00c7e\u015fitleri<\/h2>\t\t\t\t<\/div>\n\t\t\t\t<\/div>\n\t\t\t\t\t<\/div>\n\t\t\t\t<\/div>\n\t\t<div class=\"elementor-element elementor-element-a21ab6e e-flex e-con-boxed e-con e-parent\" data-id=\"a21ab6e\" data-element_type=\"container\">\n\t\t\t\t\t<div class=\"e-con-inner\">\n\t\t\t\t<div class=\"elementor-element elementor-element-16444b7 elementor-widget elementor-widget-text-editor\" data-id=\"16444b7\" data-element_type=\"widget\" data-widget_type=\"text-editor.default\">\n\t\t\t\t<div class=\"elementor-widget-container\">\n\t\t\t\t\t\t\t\t\t<p><strong>Hafif \u00e7elik konteyner \u00e7e\u015fitleri<\/strong>, kullan\u0131m amac\u0131na g\u00f6re farkl\u0131 tasar\u0131m ve \u00f6zelliklere sahip olabilir. Bunlar aras\u0131nda ofis konteynerleri ya\u015fam alan\u0131 konteynerleri, \u015fantiye yap\u0131lar\u0131 ve depo konteynerleri gibi se\u00e7enekler bulunmaktad\u0131r. Her biri, ihtiya\u00e7lara uygun \u015fekilde tasarlan\u0131r ve h\u0131zl\u0131 bir \u015fekilde kullan\u0131labilir hale getirilir.<\/p><p><strong>Hafif \u00e7elik konteyner yap\u0131lar kullan\u0131m\u0131<\/strong> dayan\u0131kl\u0131l\u0131k, estetik ve ekonomik avantajlar sunan modern bir in\u015faat y\u00f6ntemidir. Bu yap\u0131 sistemi \u00f6zellikle deprem gibi afetlere kar\u015f\u0131 g\u00fcvenlik sa\u011flarken h\u0131zl\u0131 \u00fcretim ve montaj s\u00fcreciyle zamandan da tasarruf edilmesine olanak tan\u0131r. Hem bireysel hem de kurumsal projelerde tercih edilen hafif \u00e7elik konteyner sistemleri, gelece\u011fin yap\u0131 \u00e7\u00f6z\u00fcmleri aras\u0131nda yer almaktad\u0131r.<\/p>\t\t\t\t\t\t\t\t<\/div>\n\t\t\t\t<\/div>\n\t\t\t\t\t<\/div>\n\t\t\t\t<\/div>\n\t\t<div class=\"elementor-element elementor-element-c1fe04b e-flex e-con-boxed e-con e-parent\" data-id=\"c1fe04b\" data-element_type=\"container\">\n\t\t\t\t\t<div class=\"e-con-inner\">\n\t\t\t\t<div class=\"elementor-element elementor-element-f59a4c9 elementor-widget elementor-widget-heading\" data-id=\"f59a4c9\" data-element_type=\"widget\" data-widget_type=\"heading.default\">\n\t\t\t\t<div class=\"elementor-widget-container\">\n\t\t\t\t\t<h2 class=\"elementor-heading-title elementor-size-default\">Hafif \u00c7elik Konteyner Kullan\u0131m Alanlar\u0131<\/h2>\t\t\t\t<\/div>\n\t\t\t\t<\/div>\n\t\t\t\t\t<\/div>\n\t\t\t\t<\/div>\n\t\t<div class=\"elementor-element elementor-element-ae4e6a3 e-flex e-con-boxed e-con e-parent\" data-id=\"ae4e6a3\" data-element_type=\"container\">\n\t\t\t\t\t<div class=\"e-con-inner\">\n\t\t\t\t<div class=\"elementor-element elementor-element-c71dfb1 elementor-widget elementor-widget-text-editor\" data-id=\"c71dfb1\" data-element_type=\"widget\" data-widget_type=\"text-editor.default\">\n\t\t\t\t<div class=\"elementor-widget-container\">\n\t\t\t\t\t\t\t\t\t<p><strong>Hafif \u00e7elik konteyner<\/strong> yap\u0131lar g\u00fcn\u00fcm\u00fcz in\u015faat teknolojisinde h\u0131z, dayan\u0131kl\u0131l\u0131k ve maliyet avantajlar\u0131yla \u00f6ne \u00e7\u0131kan yenilik\u00e7i \u00e7\u00f6z\u00fcmler aras\u0131nda yer almaktad\u0131r. \u0130n\u015faat sekt\u00f6r\u00fcnde maliyeti belirleyen en \u00f6nemli fakt\u00f6rlerden biri olan proje s\u00fcresi hafif \u00e7elik yap\u0131 sistemleri sayesinde b\u00fcy\u00fck \u00f6l\u00e7\u00fcde k\u0131salt\u0131lmaktad\u0131r. Bu yap\u0131lar h\u0131zl\u0131 \u00fcretim ve montaj s\u00fcreciyle betonarme sistemlere g\u00f6re \u00e7ok daha k\u0131sa s\u00fcrede tamamlan\u0131r. Bunun yan\u0131 s\u0131ra, i\u015f\u00e7ilikten kaynaklanan hatalar\u0131n minimum seviyede olmas\u0131, projelerin hem b\u00fct\u00e7esini hem de zaman planlamas\u0131n\u0131 olumlu y\u00f6nde etkiler.<\/p><p class=\"whitespace-pre-wrap break-words\">Her t\u00fcrl\u00fc tasar\u0131ma uyarlanabilir yap\u0131s\u0131yla <strong>hafif \u00e7elik konteyner kullan\u0131m\u0131<\/strong> geni\u015f bir alana yay\u0131lm\u0131\u015ft\u0131r. Modern ya da geleneksel t\u00fcm konut projeleri bu sistemle kolayca hayata ge\u00e7irilebilir. Konut yap\u0131m\u0131nda tercih edilen bu y\u00f6ntem m\u00fcstakil evlerden s\u0131ra evlere, ikiz konutlardan sosyal alanlara kadar bir\u00e7ok farkl\u0131 yap\u0131 tipine olanak tan\u0131r. \u00d6zellikle okul, hastane, kre\u015f, yurt gibi kamuya a\u00e7\u0131k projelerde <strong>hafif \u00e7elik konteyner \u00f6zellikleri<\/strong> \u00f6n plana \u00e7\u0131kar. Hafifli\u011fi ve dayan\u0131kl\u0131l\u0131\u011f\u0131 sayesinde bu yap\u0131lar sosyal ve ticari alanlarda da s\u0131kl\u0131kla tercih edilmektedir.<\/p>\t\t\t\t\t\t\t\t<\/div>\n\t\t\t\t<\/div>\n\t\t\t\t\t<\/div>\n\t\t\t\t<\/div>\n\t\t<div class=\"elementor-element elementor-element-c1c5efa e-flex e-con-boxed e-con e-parent\" data-id=\"c1c5efa\" data-element_type=\"container\">\n\t\t\t\t\t<div class=\"e-con-inner\">\n\t\t\t\t<div class=\"elementor-element elementor-element-9dfa14c elementor-widget elementor-widget-heading\" data-id=\"9dfa14c\" data-element_type=\"widget\" data-widget_type=\"heading.default\">\n\t\t\t\t<div class=\"elementor-widget-container\">\n\t\t\t\t\t<h2 class=\"elementor-heading-title elementor-size-default\">Hafif \u00c7elik Konteyner \u00d6zellikleri<\/h2>\t\t\t\t<\/div>\n\t\t\t\t<\/div>\n\t\t\t\t\t<\/div>\n\t\t\t\t<\/div>\n\t\t<div class=\"elementor-element elementor-element-18bfda8 e-flex e-con-boxed e-con e-parent\" data-id=\"18bfda8\" data-element_type=\"container\">\n\t\t\t\t\t<div class=\"e-con-inner\">\n\t\t\t\t<div class=\"elementor-element elementor-element-899e0f4 elementor-widget elementor-widget-text-editor\" data-id=\"899e0f4\" data-element_type=\"widget\" data-widget_type=\"text-editor.default\">\n\t\t\t\t<div class=\"elementor-widget-container\">\n\t\t\t\t\t\t\t\t\t<p>Bu yap\u0131 sisteminin en belirgin avantajlar\u0131ndan biri esnek tasar\u0131m olana\u011f\u0131 sunmas\u0131d\u0131r. Mimari projelere uyarlanmas\u0131 kolay olan bu yap\u0131lar hem \u00e7evre dostu hem de uzun \u00f6m\u00fcrl\u00fcd\u00fcr. \u00dcretim a\u015famas\u0131nda kullan\u0131lan galvanize \u00e7elik malzemeler yap\u0131 elemanlar\u0131n\u0131n dayan\u0131kl\u0131l\u0131\u011f\u0131n\u0131 art\u0131r\u0131r ve uzun y\u0131llar sorunsuz kullan\u0131m sa\u011flar. Ayr\u0131ca hafif \u00e7elik yap\u0131 sistemleri, kolayl\u0131kla s\u00f6k\u00fcl\u00fcp ba\u015fka bir alana ta\u015f\u0131nabilir \u00f6zelliktedir. Bu ta\u015f\u0131nabilirlik \u00f6zelli\u011fi ge\u00e7ici projelerde ya da mobil \u00e7\u00f6z\u00fcmlerde \u00f6nemli bir avantaj sa\u011flar.<\/p><p>Depreme kar\u015f\u0131 y\u00fcksek dayan\u0131m sunmas\u0131 <strong>hafif \u00e7elik konteyner yap\u0131lar<\/strong> i\u00e7in bir di\u011fer kritik \u00f6zelliktir. Hafif malzemelerden olu\u015fmas\u0131 nedeniyle bu yap\u0131lar\u0131n deprem s\u0131ras\u0131nda maruz kald\u0131\u011f\u0131 y\u00fck azal\u0131r. Ayr\u0131ca \u00e7elik malzemenin elastik \u00f6zellikleri sayesinde ani g\u00f6\u00e7me riski ortadan kalkar ve yap\u0131 g\u00fcvenli\u011fi maksimum d\u00fczeyde sa\u011flan\u0131r.<\/p>\t\t\t\t\t\t\t\t<\/div>\n\t\t\t\t<\/div>\n\t\t\t\t\t<\/div>\n\t\t\t\t<\/div>\n\t\t<div class=\"elementor-element elementor-element-574348d e-flex e-con-boxed e-con e-parent\" data-id=\"574348d\" data-element_type=\"container\">\n\t\t\t\t\t<div class=\"e-con-inner\">\n\t\t\t\t<div class=\"elementor-element elementor-element-97d8c15 elementor-widget elementor-widget-heading\" data-id=\"97d8c15\" data-element_type=\"widget\" data-widget_type=\"heading.default\">\n\t\t\t\t<div class=\"elementor-widget-container\">\n\t\t\t\t\t<h2 class=\"elementor-heading-title elementor-size-default\">Hafif \u00c7elik Konteyner \u00c7e\u015fitleri ve Avantajlar\u0131<\/h2>\t\t\t\t<\/div>\n\t\t\t\t<\/div>\n\t\t\t\t\t<\/div>\n\t\t\t\t<\/div>\n\t\t<div class=\"elementor-element elementor-element-66448bb e-flex e-con-boxed e-con e-parent\" data-id=\"66448bb\" data-element_type=\"container\">\n\t\t\t\t\t<div class=\"e-con-inner\">\n\t\t\t\t<div class=\"elementor-element elementor-element-4a9c09f elementor-widget elementor-widget-text-editor\" data-id=\"4a9c09f\" data-element_type=\"widget\" data-widget_type=\"text-editor.default\">\n\t\t\t\t<div class=\"elementor-widget-container\">\n\t\t\t\t\t\t\t\t\t<p><strong>Hafif \u00e7elik konteyner \u00e7e\u015fitleri<\/strong> kullan\u0131c\u0131 ihtiya\u00e7lar\u0131na ve proje hedeflerine g\u00f6re farkl\u0131l\u0131k g\u00f6sterebilir. Ofis konteynerleri, ya\u015fam alanlar\u0131, \u015fantiye konteynerleri, depo ve ticari kullan\u0131m konteynerleri bu \u00e7e\u015fitlere \u00f6rnek olarak g\u00f6sterilebilir. Her biri kullan\u0131c\u0131 gereksinimlerine uygun \u015fekilde tasarlan\u0131r ve \u00fcretim s\u00fcre\u00e7leri b\u00fcy\u00fck bir titizlikle tamamlan\u0131r. H\u0131zl\u0131 montaj ve demontaj \u00f6zelli\u011fi sayesinde bu yap\u0131lar zamandan b\u00fcy\u00fck tasarruf sa\u011flar. \u00d6zellikle acil projelerde ya da k\u0131sa s\u00fcrede tamamlanmas\u0131 gereken i\u015flerde hafif \u00e7elik konteyner sistemleri \u00f6ncelikli tercihlerden biri olmaktad\u0131r.<\/p>\t\t\t\t\t\t\t\t<\/div>\n\t\t\t\t<\/div>\n\t\t\t\t\t<\/div>\n\t\t\t\t<\/div>\n\t\t<div class=\"elementor-element elementor-element-4147464 e-flex e-con-boxed e-con e-parent\" data-id=\"4147464\" data-element_type=\"container\">\n\t\t\t\t\t<div class=\"e-con-inner\">\n\t\t\t\t<div class=\"elementor-element elementor-element-0772964 elementor-widget elementor-widget-heading\" data-id=\"0772964\" data-element_type=\"widget\" data-widget_type=\"heading.default\">\n\t\t\t\t<div class=\"elementor-widget-container\">\n\t\t\t\t\t<h2 class=\"elementor-heading-title elementor-size-default\">Hafif \u00c7elik Yap\u0131 Sisteminin Genel \u00d6zellikleri Neler?<\/h2>\t\t\t\t<\/div>\n\t\t\t\t<\/div>\n\t\t\t\t\t<\/div>\n\t\t\t\t<\/div>\n\t\t<div class=\"elementor-element elementor-element-345ccaa e-flex e-con-boxed e-con e-parent\" data-id=\"345ccaa\" data-element_type=\"container\">\n\t\t\t\t\t<div class=\"e-con-inner\">\n\t\t\t\t<div class=\"elementor-element elementor-element-67ed32f elementor-widget elementor-widget-text-editor\" data-id=\"67ed32f\" data-element_type=\"widget\" data-widget_type=\"text-editor.default\">\n\t\t\t\t<div class=\"elementor-widget-container\">\n\t\t\t\t\t\t\t\t\t<p>Hafif \u00e7elik yap\u0131 sistemlerinin genel \u00f6zellikleri \u015fu \u015fekilde s\u0131ralanabilir;<\/p><ul><li>Mimari projelere uyum sa\u011flayarak \u00f6zelle\u015ftirilebilir.<\/li><li>Galvanize \u00e7elik malzeme sayesinde uzun y\u0131llar dayan\u0131kl\u0131l\u0131k sunar.<\/li><li>Gerekti\u011finde s\u00f6k\u00fclerek farkl\u0131 bir yere ta\u015f\u0131nabilir.<\/li><li>Deprem dayan\u0131m\u0131 y\u00fcksektir ve g\u00fcvenli bir kullan\u0131m sunar.<\/li><li>\u00c7evreye duyarl\u0131 \u00fcretim ve montaj s\u00fcrecine sahiptir.<\/li><li>H\u0131zl\u0131 \u00fcretim ve montaj s\u00fcreciyle zaman kazand\u0131r\u0131r.<\/li><\/ul><p>Bu kapsamda <strong>hafif \u00e7elik konteyner kullan\u0131m\u0131<\/strong> h\u0131z, maliyet ve dayan\u0131kl\u0131l\u0131k gibi kriterleri bir arada sunan modern bir yap\u0131 \u00e7\u00f6z\u00fcm\u00fcd\u00fcr. Bu yap\u0131 sistemi hem bireysel hem de ticari projelerde estetik ve fonksiyonellik arayanlar i\u00e7in ideal bir se\u00e7enek olmaktad\u0131r. \u00d6zellikle geni\u015f tasar\u0131m olanaklar\u0131 ve \u00e7evre dostu \u00f6zellikleri, hafif \u00e7elik konteynerleri gelece\u011fin in\u015faat projeleri i\u00e7in vazge\u00e7ilmez k\u0131lmaktad\u0131r.<\/p>\t\t\t\t\t\t\t\t<\/div>\n\t\t\t\t<\/div>\n\t\t\t\t\t<\/div>\n\t\t\t\t<\/div>\n\t\t\t\t<\/div>\n\t\t","protected":false},"excerpt":{"rendered":"<p>BACK TO THE HOMEPAGE HAF\u0130F \u00c7EL\u0130K KONTEYNER Hafif \u00e7elik konteyner yap\u0131lar g\u00fcn\u00fcm\u00fczde modern in\u015faat sekt\u00f6r\u00fcn\u00fcn en pratik ve verimli \u00e7\u00f6z\u00fcmleri aras\u0131nda yer almaktad\u0131r. Galvanize \u00e7elik malzemenin so\u011fuk \u015fekillendirme y\u00f6ntemiyle i\u015flenmesi sonucu elde edilen bu yap\u0131 elemanlar\u0131 dayan\u0131kl\u0131l\u0131k ve hafiflik gibi \u00fcst\u00fcn \u00f6zellikler sunar. Hafif \u00e7elik karkas konteyner kullan\u0131m\u0131 hem ekonomik hem de h\u0131zl\u0131 bir in\u015faat [&hellip;]<\/p>\n","protected":false},"author":1,"featured_media":0,"parent":0,"menu_order":0,"comment_status":"closed","ping_status":"closed","template":"","meta":{"inline_featured_image":false,"footnotes":""},"class_list":["post-18089","page","type-page","status-publish","hentry"],"_links":{"self":[{"href":"https:\/\/apecmodular.com\/tr\/wp-json\/wp\/v2\/pages\/18089","targetHints":{"allow":["GET"]}}],"collection":[{"href":"https:\/\/apecmodular.com\/tr\/wp-json\/wp\/v2\/pages"}],"about":[{"href":"https:\/\/apecmodular.com\/tr\/wp-json\/wp\/v2\/types\/page"}],"author":[{"embeddable":true,"href":"https:\/\/apecmodular.com\/tr\/wp-json\/wp\/v2\/users\/1"}],"replies":[{"embeddable":true,"href":"https:\/\/apecmodular.com\/tr\/wp-json\/wp\/v2\/comments?post=18089"}],"version-history":[{"count":0,"href":"https:\/\/apecmodular.com\/tr\/wp-json\/wp\/v2\/pages\/18089\/revisions"}],"wp:attachment":[{"href":"https:\/\/apecmodular.com\/tr\/wp-json\/wp\/v2\/media?parent=18089"}],"curies":[{"name":"wp","href":"https:\/\/api.w.org\/{rel}","templated":true}]}}